{"id":18768,"date":"2026-02-26T07:30:59","date_gmt":"2026-02-26T07:30:59","guid":{"rendered":"https:\/\/koduspa.ee\/?post_type=product&#038;p=18768"},"modified":"2026-02-26T07:30:59","modified_gmt":"2026-02-26T07:30:59","slug":"veepaak-24l","status":"publish","type":"product","link":"https:\/\/koduspa.ee\/ru\/pood\/baltresto-saunamajade-lisatarvikud\/veepaak-24l\/","title":{"rendered":"VEEPAAK 24L"},"content":{"rendered":"<h6 id=\"tw-target-text\" class=\"tw-data-text tw-text-large tw-ta\" dir=\"ltr\" tabindex=\"-1\" role=\"text\" data-placeholder=\"T\u00f5lge\" data-ved=\"2ahUKEwjaqpbBy_aSAxWgAxAIHUzvMrUQ3ewLegQIBBAW\" aria-label=\"T\u00f5lgitud tekst: Selle maht on 24 liitrit.\nVett kuumutatakse leiliruumi soojendamise ajal. Soojendatud vesi hoiab oma k\u00f5rget temperatuuri pikka aega, isegi kui k\u00fctteseade seiskub.\nVett kuumutatakse maksimaalse kiirusega ja temperatuuri hoitakse pikka aega.\nSee asetatakse t\u00e4pselt korstnale ja ei v\u00f5ta t\u00fcnnisauna p\u00f5randal palju ruumi.\nKorstna kasutusiga pikeneb, kuna vesi hoiab \u00e4ra selle \u00fclekuumenemise.\"><span class=\"Y2IQFc\" lang=\"et\" style=\"color: #000000;\">Selle maht on 24 liitrit. <\/span><\/h6>\n<h6 class=\"tw-data-text tw-text-large tw-ta\" dir=\"ltr\" tabindex=\"-1\" role=\"text\" data-placeholder=\"T\u00f5lge\" data-ved=\"2ahUKEwjaqpbBy_aSAxWgAxAIHUzvMrUQ3ewLegQIBBAW\" aria-label=\"T\u00f5lgitud tekst: Selle maht on 24 liitrit.\nVett kuumutatakse leiliruumi soojendamise ajal. Soojendatud vesi hoiab oma k\u00f5rget temperatuuri pikka aega, isegi kui k\u00fctteseade seiskub.\nVett kuumutatakse maksimaalse kiirusega ja temperatuuri hoitakse pikka aega.\nSee asetatakse t\u00e4pselt korstnale ja ei v\u00f5ta t\u00fcnnisauna p\u00f5randal palju ruumi.\nKorstna kasutusiga pikeneb, kuna vesi hoiab \u00e4ra selle \u00fclekuumenemise.\"><span class=\"Y2IQFc\" lang=\"et\" style=\"color: #000000;\">Vett kuumutatakse leiliruumi soojendamise ajal. <\/span><\/h6>\n<h6 class=\"tw-data-text tw-text-large tw-ta\" dir=\"ltr\" tabindex=\"-1\" role=\"text\" data-placeholder=\"T\u00f5lge\" data-ved=\"2ahUKEwjaqpbBy_aSAxWgAxAIHUzvMrUQ3ewLegQIBBAW\" aria-label=\"T\u00f5lgitud tekst: Selle maht on 24 liitrit.\nVett kuumutatakse leiliruumi soojendamise ajal. Soojendatud vesi hoiab oma k\u00f5rget temperatuuri pikka aega, isegi kui k\u00fctteseade seiskub.\nVett kuumutatakse maksimaalse kiirusega ja temperatuuri hoitakse pikka aega.\nSee asetatakse t\u00e4pselt korstnale ja ei v\u00f5ta t\u00fcnnisauna p\u00f5randal palju ruumi.\nKorstna kasutusiga pikeneb, kuna vesi hoiab \u00e4ra selle \u00fclekuumenemise.\"><span class=\"Y2IQFc\" lang=\"et\" style=\"color: #000000;\">Soojendatud vesi hoiab oma k\u00f5rget temperatuuri pikka aega, <\/span><\/h6>\n<h6 class=\"tw-data-text tw-text-large tw-ta\" dir=\"ltr\" tabindex=\"-1\" role=\"text\" data-placeholder=\"T\u00f5lge\" data-ved=\"2ahUKEwjaqpbBy_aSAxWgAxAIHUzvMrUQ3ewLegQIBBAW\" aria-label=\"T\u00f5lgitud tekst: Selle maht on 24 liitrit.\nVett kuumutatakse leiliruumi soojendamise ajal. Soojendatud vesi hoiab oma k\u00f5rget temperatuuri pikka aega, isegi kui k\u00fctteseade seiskub.\nVett kuumutatakse maksimaalse kiirusega ja temperatuuri hoitakse pikka aega.\nSee asetatakse t\u00e4pselt korstnale ja ei v\u00f5ta t\u00fcnnisauna p\u00f5randal palju ruumi.\nKorstna kasutusiga pikeneb, kuna vesi hoiab \u00e4ra selle \u00fclekuumenemise.\"><span class=\"Y2IQFc\" lang=\"et\" style=\"color: #000000;\">isegi kui k\u00fctteseade seiskub.<\/span><\/h6>\n<h6 class=\"tw-data-text tw-text-large tw-ta\" dir=\"ltr\" tabindex=\"-1\" role=\"text\" data-placeholder=\"T\u00f5lge\" data-ved=\"2ahUKEwjaqpbBy_aSAxWgAxAIHUzvMrUQ3ewLegQIBBAW\" aria-label=\"T\u00f5lgitud tekst: Selle maht on 24 liitrit.\nVett kuumutatakse leiliruumi soojendamise ajal. Soojendatud vesi hoiab oma k\u00f5rget temperatuuri pikka aega, isegi kui k\u00fctteseade seiskub.\nVett kuumutatakse maksimaalse kiirusega ja temperatuuri hoitakse pikka aega.\nSee asetatakse t\u00e4pselt korstnale ja ei v\u00f5ta t\u00fcnnisauna p\u00f5randal palju ruumi.\nKorstna kasutusiga pikeneb, kuna vesi hoiab \u00e4ra selle \u00fclekuumenemise.\"><span class=\"Y2IQFc\" lang=\"et\" style=\"color: #000000;\">See asetatakse t\u00e4pselt korstnale ja ei v\u00f5ta t\u00fcnnisauna p\u00f5randal palju ruumi. <\/span><\/h6>\n<h6 class=\"tw-data-text tw-text-large tw-ta\" dir=\"ltr\" tabindex=\"-1\" role=\"text\" data-placeholder=\"T\u00f5lge\" data-ved=\"2ahUKEwjaqpbBy_aSAxWgAxAIHUzvMrUQ3ewLegQIBBAW\" aria-label=\"T\u00f5lgitud tekst: Selle maht on 24 liitrit.\nVett kuumutatakse leiliruumi soojendamise ajal. Soojendatud vesi hoiab oma k\u00f5rget temperatuuri pikka aega, isegi kui k\u00fctteseade seiskub.\nVett kuumutatakse maksimaalse kiirusega ja temperatuuri hoitakse pikka aega.\nSee asetatakse t\u00e4pselt korstnale ja ei v\u00f5ta t\u00fcnnisauna p\u00f5randal palju ruumi.\nKorstna kasutusiga pikeneb, kuna vesi hoiab \u00e4ra selle \u00fclekuumenemise.\"><span class=\"Y2IQFc\" lang=\"et\" style=\"color: #000000;\">Korstna kasutusiga pikeneb, kuna vesi hoiab \u00e4ra selle \u00fclekuumenemise. <\/span><\/h6>\n<h6 class=\"tw-data-text tw-text-large tw-ta\" dir=\"ltr\" tabindex=\"-1\" role=\"text\" data-placeholder=\"T\u00f5lge\" data-ved=\"2ahUKEwjaqpbBy_aSAxWgAxAIHUzvMrUQ3ewLegQIBBAW\" aria-label=\"T\u00f5lgitud tekst: Selle maht on 24 liitrit.\nVett kuumutatakse leiliruumi soojendamise ajal. Soojendatud vesi hoiab oma k\u00f5rget temperatuuri pikka aega, isegi kui k\u00fctteseade seiskub.\nVett kuumutatakse maksimaalse kiirusega ja temperatuuri hoitakse pikka aega.\nSee asetatakse t\u00e4pselt korstnale ja ei v\u00f5ta t\u00fcnnisauna p\u00f5randal palju ruumi.\nKorstna kasutusiga pikeneb, kuna vesi hoiab \u00e4ra selle \u00fclekuumenemise.\"><span class=\"Y2IQFc\" lang=\"et\" style=\"color: #000000;\">L\u00e4bim\u00f5\u00f5t 300mm.<\/span><\/h6>\n","protected":false},"excerpt":{"rendered":"<p>Selle maht on 24 liitrit. Vett kuumutatakse leiliruumi soojendamise ajal. Soojendatud vesi hoiab oma k\u00f5rget temperatuuri pikka aega, isegi kui k\u00fctteseade seiskub. See asetatakse t\u00e4pselt korstnale ja ei v\u00f5ta t\u00fcnnisauna p\u00f5randal palju ruumi. Korstna kasutusiga pikeneb, kuna vesi hoiab \u00e4ra selle \u00fclekuumenemise. L\u00e4bim\u00f5\u00f5t 300mm.<\/p>\n","protected":false},"featured_media":18769,"comment_status":"open","ping_status":"closed","template":"","meta":{"_acf_changed":false,"_genesis_hide_title":false,"_genesis_hide_breadcrumbs":false,"_genesis_hide_singular_image":false,"_genesis_hide_footer_widgets":false,"_genesis_custom_body_class":"","_genesis_custom_post_class":"","_genesis_layout":""},"product_brand":[],"product_cat":[422],"product_tag":[],"class_list":{"0":"post-18768","1":"product","2":"type-product","3":"status-publish","4":"has-post-thumbnail","6":"product_cat-baltresto-saunamajade-lisatarvikud","7":"entry","8":"override","10":"first","11":"instock","12":"shipping-taxable","13":"purchasable","14":"product-type-simple"},"acf":[],"_links":{"self":[{"href":"https:\/\/koduspa.ee\/ru\/wp-json\/wp\/v2\/product\/18768","targetHints":{"allow":["GET"]}}],"collection":[{"href":"https:\/\/koduspa.ee\/ru\/wp-json\/wp\/v2\/product"}],"about":[{"href":"https:\/\/koduspa.ee\/ru\/wp-json\/wp\/v2\/types\/product"}],"replies":[{"embeddable":true,"href":"https:\/\/koduspa.ee\/ru\/wp-json\/wp\/v2\/comments?post=18768"}],"wp:featuredmedia":[{"embeddable":true,"href":"https:\/\/koduspa.ee\/ru\/wp-json\/wp\/v2\/media\/18769"}],"wp:attachment":[{"href":"https:\/\/koduspa.ee\/ru\/wp-json\/wp\/v2\/media?parent=18768"}],"wp:term":[{"taxonomy":"product_brand","embeddable":true,"href":"https:\/\/koduspa.ee\/ru\/wp-json\/wp\/v2\/product_brand?post=18768"},{"taxonomy":"product_cat","embeddable":true,"href":"https:\/\/koduspa.ee\/ru\/wp-json\/wp\/v2\/product_cat?post=18768"},{"taxonomy":"product_tag","embeddable":true,"href":"https:\/\/koduspa.ee\/ru\/wp-json\/wp\/v2\/product_tag?post=18768"}],"curies":[{"name":"wp","href":"https:\/\/api.w.org\/{rel}","templated":true}]}}