{"id":18691,"date":"2026-02-23T07:41:43","date_gmt":"2026-02-23T07:41:43","guid":{"rendered":"https:\/\/koduspa.ee\/?post_type=product&#038;p=18691"},"modified":"2026-02-26T10:41:09","modified_gmt":"2026-02-26T10:41:09","slug":"klaaskiust-puukuttega-ovaalne-kumblustunn-kahele-185x095m","status":"publish","type":"product","link":"https:\/\/koduspa.ee\/ru\/pood\/baltresto-kumblustunnid\/klaaskiust-puukuttega-ovaalne-kumblustunn-kahele-185x095m\/","title":{"rendered":"KLAASKIUST OVAALNE K\u00dcMBLUST\u00dcNN KAHELE 1,85X0,95m"},"content":{"rendered":"<h6 id=\"tw-target-text\" class=\"tw-data-text tw-text-large tw-ta\" dir=\"ltr\" tabindex=\"-1\" role=\"text\" data-placeholder=\"T\u00f5lge\" data-ved=\"2ahUKEwj-irLn--6SAxXIAxAIHZQDHcIQ3ewLegQIBhAW\" aria-label=\"T\u00f5lgitud tekst: Tootmisaeg on umbes 4-5 n\u00e4dalat Klaaskiust puuk\u00fcttega ovaalne mullivann kahele inimesele. Kompaktne, kiirelt soojenev, vastupidav termopuit ning ideaalne l\u00f5\u00f5gastumiseks ja paaridele m\u00f5eldud h\u00fcdroteraapiaks.\"><span class=\"Y2IQFc\" lang=\"et\" style=\"color: #000000;\">Tootmisaeg on umbes 4-5 n\u00e4dalat.<\/span><\/h6>\n<h6 class=\"tw-data-text tw-text-large tw-ta\" dir=\"ltr\" tabindex=\"-1\" role=\"text\" data-placeholder=\"T\u00f5lge\" data-ved=\"2ahUKEwj-irLn--6SAxXIAxAIHZQDHcIQ3ewLegQIBhAW\" aria-label=\"T\u00f5lgitud tekst: Tootmisaeg on umbes 4-5 n\u00e4dalat Klaaskiust puuk\u00fcttega ovaalne mullivann kahele inimesele. Kompaktne, kiirelt soojenev, vastupidav termopuit ning ideaalne l\u00f5\u00f5gastumiseks ja paaridele m\u00f5eldud h\u00fcdroteraapiaks.\"><span class=\"Y2IQFc\" lang=\"et\" style=\"color: #000000;\">Kompaktne, kiirelt soojenev, <\/span><span class=\"Y2IQFc\" lang=\"et\" style=\"color: #000000;\">vastupidav termopuit ning<\/span><\/h6>\n<h6 class=\"tw-data-text tw-text-large tw-ta\" dir=\"ltr\" tabindex=\"-1\" role=\"text\" data-placeholder=\"T\u00f5lge\" data-ved=\"2ahUKEwj-irLn--6SAxXIAxAIHZQDHcIQ3ewLegQIBhAW\" aria-label=\"T\u00f5lgitud tekst: Tootmisaeg on umbes 4-5 n\u00e4dalat Klaaskiust puuk\u00fcttega ovaalne mullivann kahele inimesele. Kompaktne, kiirelt soojenev, vastupidav termopuit ning ideaalne l\u00f5\u00f5gastumiseks ja paaridele m\u00f5eldud h\u00fcdroteraapiaks.\"><span class=\"Y2IQFc\" lang=\"et\" style=\"color: #000000;\">ideaalne l\u00f5\u00f5gastumiseks ja paaridele m\u00f5eldud h\u00fcdroteraapiaks.<\/span><\/h6>\n<h6 id=\"tw-target-text\" class=\"tw-data-text tw-text-large tw-ta\" dir=\"ltr\" tabindex=\"-1\" role=\"text\" data-placeholder=\"T\u00f5lge\" data-ved=\"2ahUKEwj-irLn--6SAxXIAxAIHZQDHcIQ3ewLegQIBhAW\" aria-label=\"T\u00f5lgitud tekst: Mahutavus 2 inimest Maht 800 l Kaal 120 kg K\u00f5rgus 1,1 m S\u00fcgavus 0,96 m Istmete k\u00f5rgus 280 mm Istmete laius 480 mm Termopuidu v\u00e4lispinna paksus 18 mm Klaaskiud paksus 5 mm Veekindel vineerp\u00f5rand 9 mm\"><span class=\"Y2IQFc\" lang=\"et\" style=\"color: #000000;\">Mahutavus 2 inimest <\/span><\/h6>\n<h6 class=\"tw-data-text tw-text-large tw-ta\" dir=\"ltr\" tabindex=\"-1\" role=\"text\" data-placeholder=\"T\u00f5lge\" data-ved=\"2ahUKEwj-irLn--6SAxXIAxAIHZQDHcIQ3ewLegQIBhAW\" aria-label=\"T\u00f5lgitud tekst: Mahutavus 2 inimest Maht 800 l Kaal 120 kg K\u00f5rgus 1,1 m S\u00fcgavus 0,96 m Istmete k\u00f5rgus 280 mm Istmete laius 480 mm Termopuidu v\u00e4lispinna paksus 18 mm Klaaskiud paksus 5 mm Veekindel vineerp\u00f5rand 9 mm\"><span class=\"Y2IQFc\" lang=\"et\" style=\"color: #000000;\">Maht 800 l <\/span><\/h6>\n<h6 class=\"tw-data-text tw-text-large tw-ta\" dir=\"ltr\" tabindex=\"-1\" role=\"text\" data-placeholder=\"T\u00f5lge\" data-ved=\"2ahUKEwj-irLn--6SAxXIAxAIHZQDHcIQ3ewLegQIBhAW\" aria-label=\"T\u00f5lgitud tekst: Mahutavus 2 inimest Maht 800 l Kaal 120 kg K\u00f5rgus 1,1 m S\u00fcgavus 0,96 m Istmete k\u00f5rgus 280 mm Istmete laius 480 mm Termopuidu v\u00e4lispinna paksus 18 mm Klaaskiud paksus 5 mm Veekindel vineerp\u00f5rand 9 mm\"><span class=\"Y2IQFc\" lang=\"et\" style=\"color: #000000;\">Kaal 120 kg <\/span><\/h6>\n<h6 class=\"tw-data-text tw-text-large tw-ta\" dir=\"ltr\" tabindex=\"-1\" role=\"text\" data-placeholder=\"T\u00f5lge\" data-ved=\"2ahUKEwj-irLn--6SAxXIAxAIHZQDHcIQ3ewLegQIBhAW\" aria-label=\"T\u00f5lgitud tekst: Mahutavus 2 inimest Maht 800 l Kaal 120 kg K\u00f5rgus 1,1 m S\u00fcgavus 0,96 m Istmete k\u00f5rgus 280 mm Istmete laius 480 mm Termopuidu v\u00e4lispinna paksus 18 mm Klaaskiud paksus 5 mm Veekindel vineerp\u00f5rand 9 mm\"><span class=\"Y2IQFc\" lang=\"et\" style=\"color: #000000;\">K\u00f5rgus 1,1 m <\/span><\/h6>\n<h6 class=\"tw-data-text tw-text-large tw-ta\" dir=\"ltr\" tabindex=\"-1\" role=\"text\" data-placeholder=\"T\u00f5lge\" data-ved=\"2ahUKEwj-irLn--6SAxXIAxAIHZQDHcIQ3ewLegQIBhAW\" aria-label=\"T\u00f5lgitud tekst: Mahutavus 2 inimest Maht 800 l Kaal 120 kg K\u00f5rgus 1,1 m S\u00fcgavus 0,96 m Istmete k\u00f5rgus 280 mm Istmete laius 480 mm Termopuidu v\u00e4lispinna paksus 18 mm Klaaskiud paksus 5 mm Veekindel vineerp\u00f5rand 9 mm\"><span class=\"Y2IQFc\" lang=\"et\" style=\"color: #000000;\">S\u00fcgavus 0,96 m <\/span><\/h6>\n<h6 class=\"tw-data-text tw-text-large tw-ta\" dir=\"ltr\" tabindex=\"-1\" role=\"text\" data-placeholder=\"T\u00f5lge\" data-ved=\"2ahUKEwj-irLn--6SAxXIAxAIHZQDHcIQ3ewLegQIBhAW\" aria-label=\"T\u00f5lgitud tekst: Mahutavus 2 inimest Maht 800 l Kaal 120 kg K\u00f5rgus 1,1 m S\u00fcgavus 0,96 m Istmete k\u00f5rgus 280 mm Istmete laius 480 mm Termopuidu v\u00e4lispinna paksus 18 mm Klaaskiud paksus 5 mm Veekindel vineerp\u00f5rand 9 mm\"><span class=\"Y2IQFc\" lang=\"et\" style=\"color: #000000;\">Istmete k\u00f5rgus 280 mm <\/span><\/h6>\n<h6 class=\"tw-data-text tw-text-large tw-ta\" dir=\"ltr\" tabindex=\"-1\" role=\"text\" data-placeholder=\"T\u00f5lge\" data-ved=\"2ahUKEwj-irLn--6SAxXIAxAIHZQDHcIQ3ewLegQIBhAW\" aria-label=\"T\u00f5lgitud tekst: Mahutavus 2 inimest Maht 800 l Kaal 120 kg K\u00f5rgus 1,1 m S\u00fcgavus 0,96 m Istmete k\u00f5rgus 280 mm Istmete laius 480 mm Termopuidu v\u00e4lispinna paksus 18 mm Klaaskiud paksus 5 mm Veekindel vineerp\u00f5rand 9 mm\"><span class=\"Y2IQFc\" lang=\"et\" style=\"color: #000000;\">Istmete laius 480 mm <\/span><\/h6>\n<h6 class=\"tw-data-text tw-text-large tw-ta\" dir=\"ltr\" tabindex=\"-1\" role=\"text\" data-placeholder=\"T\u00f5lge\" data-ved=\"2ahUKEwj-irLn--6SAxXIAxAIHZQDHcIQ3ewLegQIBhAW\" aria-label=\"T\u00f5lgitud tekst: Mahutavus 2 inimest Maht 800 l Kaal 120 kg K\u00f5rgus 1,1 m S\u00fcgavus 0,96 m Istmete k\u00f5rgus 280 mm Istmete laius 480 mm Termopuidu v\u00e4lispinna paksus 18 mm Klaaskiud paksus 5 mm Veekindel vineerp\u00f5rand 9 mm\"><span class=\"Y2IQFc\" lang=\"et\" style=\"color: #000000;\">Termopuidu v\u00e4lispinna paksus 18 mm <\/span><\/h6>\n<h6 class=\"tw-data-text tw-text-large tw-ta\" dir=\"ltr\" tabindex=\"-1\" role=\"text\" data-placeholder=\"T\u00f5lge\" data-ved=\"2ahUKEwj-irLn--6SAxXIAxAIHZQDHcIQ3ewLegQIBhAW\" aria-label=\"T\u00f5lgitud tekst: Mahutavus 2 inimest Maht 800 l Kaal 120 kg K\u00f5rgus 1,1 m S\u00fcgavus 0,96 m Istmete k\u00f5rgus 280 mm Istmete laius 480 mm Termopuidu v\u00e4lispinna paksus 18 mm Klaaskiud paksus 5 mm Veekindel vineerp\u00f5rand 9 mm\"><span class=\"Y2IQFc\" lang=\"et\" style=\"color: #000000;\">Klaaskiud paksus 5 mm <\/span><\/h6>\n<h6 class=\"tw-data-text tw-text-large tw-ta\" dir=\"ltr\" tabindex=\"-1\" role=\"text\" data-placeholder=\"T\u00f5lge\" data-ved=\"2ahUKEwj-irLn--6SAxXIAxAIHZQDHcIQ3ewLegQIBhAW\" aria-label=\"T\u00f5lgitud tekst: Mahutavus 2 inimest Maht 800 l Kaal 120 kg K\u00f5rgus 1,1 m S\u00fcgavus 0,96 m Istmete k\u00f5rgus 280 mm Istmete laius 480 mm Termopuidu v\u00e4lispinna paksus 18 mm Klaaskiud paksus 5 mm Veekindel vineerp\u00f5rand 9 mm\"><span class=\"Y2IQFc\" lang=\"et\" style=\"color: #000000;\">Veekindel vineerp\u00f5rand 9 mm <\/span><\/h6>\n<h6 class=\"tw-data-text tw-text-large tw-ta\" dir=\"ltr\" tabindex=\"-1\" role=\"text\" data-placeholder=\"T\u00f5lge\" data-ved=\"2ahUKEwj-irLn--6SAxXIAxAIHZQDHcIQ3ewLegQIBhAW\" aria-label=\"T\u00f5lgitud tekst: Mahutavus 2 inimest Maht 800 l Kaal 120 kg K\u00f5rgus 1,1 m S\u00fcgavus 0,96 m Istmete k\u00f5rgus 280 mm Istmete laius 480 mm Termopuidu v\u00e4lispinna paksus 18 mm Klaaskiud paksus 5 mm Veekindel vineerp\u00f5rand 9 mm\"><span class=\"Y2IQFc\" lang=\"et\" style=\"color: #000000;\">Saadaval viies v\u00e4rvitoonis (lisa m\u00e4rkustesse),<\/span><\/h6>\n<h6><span style=\"color: #000000;\">sinine, hall, must, t\u00fcrkiis ja bee\u017e. <\/span><\/h6>\n<h6><span style=\"color: #000000;\">K\u00fcmblust\u00fcnn vajab lisaks puuk\u00fcttega ahju (ei kuulu komplekti).<\/span><\/h6>\n<h6><span style=\"color: #000000;\">Lisavarustusena on veel saadaval puhastusfilter, <\/span><\/h6>\n<h6><span style=\"color: #000000;\">valgustus, mullis\u00fcsteem, trepid.<\/span><\/h6>\n<h6><span style=\"color: #000000;\">NB!<\/span><\/h6>\n<div id=\"tw-container\" class=\"nev7se\" data-cp=\"1\" data-nnttsvi=\"1\" data-sletp=\"false\" data-sm=\"1\" data-ssbp=\"false\" data-sugg-time=\"500\" data-sugg-url=\"https:\/\/clients1.google.com\/complete\/search\" data-uilc=\"et\" data-vil=\",af,af-ZA,am,am-ET,ar-EG,ar-AE,ar-KW,ar-QA,ar,ar-IL,ar-JO,ar-LB,ar-PS,az,az-AZ,bg,bg-BG,bn,bn-BD,bn-IN,ca,ca-es,cs,cs-CZ,de,de-DE,de-CH,de-AT,de-LI,en,en-US,en-CA,en-AU,en-NZ,en-GB,en-IN,en-KE,en-TZ,en-NG,en-GH,en-PH,en-ZA,es,es-ES,es-AR,es-UY,es-419,es-BO,es-CL,es-CR,es-CO,es-DO,es-EC,es-GT,es-HN,es-NI,es-PA,es-PE,es-PR,es-PY,es-SV,es-VE,es-MX,es-US,eu,eu-ES,fi,fi-FI,fr,fr-FR,fr-CH,fr-BE,gl,gl-ES,gu,gu-IN,he,he-IL,iw,iw-IL,hu,hu-HU,hy,hy-AM,id,id-ID,is,is-IS,it,it-IT,it-CH,ja,ja-JP,jv,jv-ID,ka,ka-GE,km,km-KH,kn,kn-IN,ko,ko-KR,la,lo,lo-LA,lv,lv-LV,ml,ml-IN,mr,mr-IN,ms,ms-MY,nl,nl-NL,nb,nb-NO,ne,ne-NP,pl,pl-PL,pt,pt-BR,pt-PT,ro,ro-RO,ru,ru-RU,si-LK,sk,sk-SK,sr,sr-RS,su,su-ID,sv,sv-SE,sw,sw-TZ,sw-KE,ta,ta-IN,ta-SG,ta-LK,ta-MY,te,te-IN,tr,tr-TR,ur,ur-PK,ur-IN,yue,yue-HK,yue-Hant-HK,zh-HK,zh,zh-CN,zh-cmn,zh-cmn-CN,zh-Hans,zh-Hans-CN,zh-cmn-Hans,zh-cmn-Hans-CN,cmn-CN,cmn-Hans,cmn-Hans-CN,zh-TW,zh-Hant-TW,cmn-TW,cmn-Hant-TW,zh-cmn-TW,zh-cmn-Hant-TW,zu,zu-ZA,hi,hi-IN,tl,tl-PH,pa,pa-IN\">\n<div id=\"tw-ob\" class=\"tw-src-ltr\">\n<div class=\"oSioSc\">\n<div id=\"tw-target\">\n<div id=\"kAz1tf\" class=\"g9WsWb PZPZlf\" data-attrid=\"tw-targetArea\" data-entityname=\"Google Translate\">\n<h6 id=\"tw-target-text\" class=\"tw-data-text tw-text-large tw-ta\" dir=\"ltr\" tabindex=\"-1\" role=\"text\" data-placeholder=\"T\u00f5lge\" data-ved=\"2ahUKEwjF0-zf9faSAxXrGBAIHfsFLLIQ3ewLegQIBBAW\" aria-label=\"T\u00f5lgitud tekst: See variant ei sisalda pliiti, torusid ega liitmikke \u00fchenduskohtade jaoks. Mullivannil puudub pliidi\u00fchenduse ettevalmistus (puuduvad augud).\"><span class=\"Y2IQFc\" lang=\"et\" style=\"color: #000000;\">See variant ei sisalda ahju, torusid ega liitmikke \u00fchenduskohtade jaoks. <\/span><\/h6>\n<h6 class=\"tw-data-text tw-text-large tw-ta\" dir=\"ltr\" tabindex=\"-1\" role=\"text\" data-placeholder=\"T\u00f5lge\" data-ved=\"2ahUKEwjF0-zf9faSAxXrGBAIHfsFLLIQ3ewLegQIBBAW\" aria-label=\"T\u00f5lgitud tekst: See variant ei sisalda pliiti, torusid ega liitmikke \u00fchenduskohtade jaoks. Mullivannil puudub pliidi\u00fchenduse ettevalmistus (puuduvad augud).\"><span class=\"Y2IQFc\" lang=\"et\" style=\"color: #000000;\">Mullivannil puudub pliidi\u00fchenduse ettevalmistus (puuduvad augud).<\/span><\/h6>\n<div id=\"tw-target-rmn-container\" class=\"tw-target-rmn tw-ta-container tw-nfl\" tabindex=\"-1\" role=\"text\">\n<h6 id=\"tw-target-rmn\" class=\"tw-data-placeholder tw-text-small tw-ta\" dir=\"ltr\" tabindex=\"-1\" role=\"text\"><span style=\"color: #000000; font-size: 16px;\">TOOTJA:<\/span><\/h6>\n<\/div>\n<\/div>\n<\/div>\n<\/div>\n<\/div>\n<\/div>\n<h6 class=\"porto-sicon-title\"><span style=\"color: #000000;\">BALTRESTO PRODUCTION O\u00dc<\/span><\/h6>\n<h6><span style=\"color: #000000;\">EESTI<\/span><\/h6>\n<p>&nbsp;<\/p>\n","protected":false},"excerpt":{"rendered":"<p>Tootmisaeg on umbes 4-5 n\u00e4dalat. Kompaktne, kiirelt soojenev, vastupidav termopuit ning ideaalne l\u00f5\u00f5gastumiseks ja paaridele m\u00f5eldud h\u00fcdroteraapiaks. Mahutavus 2 inimest Maht 800 l Kaal 120 kg K\u00f5rgus 1,1 m S\u00fcgavus 0,96 m Istmete k\u00f5rgus 280 mm Istmete laius 480 mm Termopuidu v\u00e4lispinna paksus 18 mm Klaaskiud paksus 5 mm Veekindel vineerp\u00f5rand 9 mm Saadaval viies [&hellip;]<\/p>\n","protected":false},"featured_media":18857,"comment_status":"open","ping_status":"closed","template":"","meta":{"_acf_changed":false,"_genesis_hide_title":false,"_genesis_hide_breadcrumbs":false,"_genesis_hide_singular_image":false,"_genesis_hide_footer_widgets":false,"_genesis_custom_body_class":"","_genesis_custom_post_class":"","_genesis_layout":""},"product_cat":[418],"product_tag":[],"acf":[],"_links":{"self":[{"href":"https:\/\/koduspa.ee\/ru\/wp-json\/wp\/v2\/product\/18691"}],"collection":[{"href":"https:\/\/koduspa.ee\/ru\/wp-json\/wp\/v2\/product"}],"about":[{"href":"https:\/\/koduspa.ee\/ru\/wp-json\/wp\/v2\/types\/product"}],"replies":[{"embeddable":true,"href":"https:\/\/koduspa.ee\/ru\/wp-json\/wp\/v2\/comments?post=18691"}],"wp:featuredmedia":[{"embeddable":true,"href":"https:\/\/koduspa.ee\/ru\/wp-json\/wp\/v2\/media\/18857"}],"wp:attachment":[{"href":"https:\/\/koduspa.ee\/ru\/wp-json\/wp\/v2\/media?parent=18691"}],"wp:term":[{"taxonomy":"product_cat","embeddable":true,"href":"https:\/\/koduspa.ee\/ru\/wp-json\/wp\/v2\/product_cat?post=18691"},{"taxonomy":"product_tag","embeddable":true,"href":"https:\/\/koduspa.ee\/ru\/wp-json\/wp\/v2\/product_tag?post=18691"}],"curies":[{"name":"wp","href":"https:\/\/api.w.org\/{rel}","templated":true}]}}