{"id":18681,"date":"2026-02-23T06:56:09","date_gmt":"2026-02-23T06:56:09","guid":{"rendered":"https:\/\/koduspa.ee\/?post_type=product&#038;p=18681"},"modified":"2026-02-26T09:38:53","modified_gmt":"2026-02-26T09:38:53","slug":"tunnisaun-mini-s16-16m","status":"publish","type":"product","link":"https:\/\/koduspa.ee\/ru\/pood\/baltresto-saunamajad\/tunnisaun-mini-s16-16m\/","title":{"rendered":"T\u00dcNNISAUN MINI S16 1,6m"},"content":{"rendered":"<h6 id=\"tw-target-text\" class=\"tw-data-text tw-text-large tw-ta\" dir=\"ltr\" tabindex=\"-1\" role=\"text\" data-placeholder=\"T\u00f5lge\" data-ved=\"2ahUKEwj-irLn--6SAxXIAxAIHZQDHcIQ3ewLegQIBhAW\" aria-label=\"T\u00f5lgitud tekst: Tootmisaeg on umbes 5-6 n\u00e4dalat Kompaktne 1,6 m pikkune \u00f5ues asuv minit\u00fcnnisaun S16E mahutab kuni 3 inimest, tarnitakse kokkupanduna v\u00f5i komplektina, elektrikerise ja vastupidava termopuidust konstruktsiooniga.\"><span class=\"Y2IQFc\" lang=\"et\" style=\"color: #000000;\">Tootmisaeg on umbes 5-6 n\u00e4dalat.<\/span><\/h6>\n<h6 class=\"tw-data-text tw-text-large tw-ta\" dir=\"ltr\" tabindex=\"-1\" role=\"text\" data-placeholder=\"T\u00f5lge\" data-ved=\"2ahUKEwj-irLn--6SAxXIAxAIHZQDHcIQ3ewLegQIBhAW\" aria-label=\"T\u00f5lgitud tekst: Tootmisaeg on umbes 5-6 n\u00e4dalat Kompaktne 1,6 m pikkune \u00f5ues asuv minit\u00fcnnisaun S16E mahutab kuni 3 inimest, tarnitakse kokkupanduna v\u00f5i komplektina, elektrikerise ja vastupidava termopuidust konstruktsiooniga.\"><span class=\"Y2IQFc\" lang=\"et\" style=\"color: #000000;\">Kompaktne 1,6 m pikkune \u00f5ues asuv minit\u00fcnnisaun S16E mahutab kuni 3 inimest, <\/span><\/h6>\n<h6 class=\"tw-data-text tw-text-large tw-ta\" dir=\"ltr\" tabindex=\"-1\" role=\"text\" data-placeholder=\"T\u00f5lge\" data-ved=\"2ahUKEwj-irLn--6SAxXIAxAIHZQDHcIQ3ewLegQIBhAW\" aria-label=\"T\u00f5lgitud tekst: Tootmisaeg on umbes 5-6 n\u00e4dalat Kompaktne 1,6 m pikkune \u00f5ues asuv minit\u00fcnnisaun S16E mahutab kuni 3 inimest, tarnitakse kokkupanduna v\u00f5i komplektina, elektrikerise ja vastupidava termopuidust konstruktsiooniga.\"><span class=\"Y2IQFc\" lang=\"et\" style=\"color: #000000;\">tarnitakse kokkupanduna v\u00f5i komplektina, <\/span><\/h6>\n<h6 class=\"tw-data-text tw-text-large tw-ta\" dir=\"ltr\" tabindex=\"-1\" role=\"text\" data-placeholder=\"T\u00f5lge\" data-ved=\"2ahUKEwj-irLn--6SAxXIAxAIHZQDHcIQ3ewLegQIBhAW\" aria-label=\"T\u00f5lgitud tekst: Tootmisaeg on umbes 5-6 n\u00e4dalat Kompaktne 1,6 m pikkune \u00f5ues asuv minit\u00fcnnisaun S16E mahutab kuni 3 inimest, tarnitakse kokkupanduna v\u00f5i komplektina, elektrikerise ja vastupidava termopuidust konstruktsiooniga.\"><span class=\"Y2IQFc\" lang=\"et\" style=\"color: #000000;\">elektrikerise (valikuline, ei kuulu komplekti, nt.<\/span><\/h6>\n<h6 class=\"tw-data-text tw-text-large tw-ta\" dir=\"ltr\" tabindex=\"-1\" role=\"text\" data-placeholder=\"T\u00f5lge\" data-ved=\"2ahUKEwj-irLn--6SAxXIAxAIHZQDHcIQ3ewLegQIBhAW\" aria-label=\"T\u00f5lgitud tekst: Tootmisaeg on umbes 5-6 n\u00e4dalat Kompaktne 1,6 m pikkune \u00f5ues asuv minit\u00fcnnisaun S16E mahutab kuni 3 inimest, tarnitakse kokkupanduna v\u00f5i komplektina, elektrikerise ja vastupidava termopuidust konstruktsiooniga.\"><span class=\"Y2IQFc\" lang=\"et\" style=\"color: #000000;\">Helo Hanko STJ 6 kW v\u00f5i Huum Drop 6 kW)<\/span><\/h6>\n<h6 class=\"tw-data-text tw-text-large tw-ta\" dir=\"ltr\" tabindex=\"-1\" role=\"text\" data-placeholder=\"T\u00f5lge\" data-ved=\"2ahUKEwj-irLn--6SAxXIAxAIHZQDHcIQ3ewLegQIBhAW\" aria-label=\"T\u00f5lgitud tekst: Tootmisaeg on umbes 5-6 n\u00e4dalat Kompaktne 1,6 m pikkune \u00f5ues asuv minit\u00fcnnisaun S16E mahutab kuni 3 inimest, tarnitakse kokkupanduna v\u00f5i komplektina, elektrikerise ja vastupidava termopuidust konstruktsiooniga.\"><span class=\"Y2IQFc\" lang=\"et\" style=\"color: #000000;\"> ja vastupidava termopuidust konstruktsiooniga.<\/span><\/h6>\n<h6 id=\"tw-target-text\" class=\"tw-data-text tw-text-large tw-ta\" dir=\"ltr\" tabindex=\"-1\" role=\"text\" data-placeholder=\"T\u00f5lge\" data-ved=\"2ahUKEwj-irLn--6SAxXIAxAIHZQDHcIQ3ewLegQIBhAW\" aria-label=\"T\u00f5lgitud tekst: L\u00e4bim\u00f5\u00f5t \u00d82m Kokkupandud m\u00f5\u00f5tmed PxLxK 160x200x210 cm Lamellpakendi m\u00f5\u00f5tmed PxLxK 200x120x150 cm Leiliruumi maht 4,2 m\u00b3 Leiliruumi pikkus 145 cm Kaal ~500 Leiliruumi mahutavus ~2-3 inimest Puidu paksus 40 mm K\u00fctteaeg ~1 h\"><span class=\"Y2IQFc\" lang=\"et\" style=\"color: #000000;\">L\u00e4bim\u00f5\u00f5t \u00d82m <\/span><\/h6>\n<h6 class=\"tw-data-text tw-text-large tw-ta\" dir=\"ltr\" tabindex=\"-1\" role=\"text\" data-placeholder=\"T\u00f5lge\" data-ved=\"2ahUKEwj-irLn--6SAxXIAxAIHZQDHcIQ3ewLegQIBhAW\" aria-label=\"T\u00f5lgitud tekst: L\u00e4bim\u00f5\u00f5t \u00d82m Kokkupandud m\u00f5\u00f5tmed PxLxK 160x200x210 cm Lamellpakendi m\u00f5\u00f5tmed PxLxK 200x120x150 cm Leiliruumi maht 4,2 m\u00b3 Leiliruumi pikkus 145 cm Kaal ~500 Leiliruumi mahutavus ~2-3 inimest Puidu paksus 40 mm K\u00fctteaeg ~1 h\"><span class=\"Y2IQFc\" lang=\"et\" style=\"color: #000000;\">Kokkupandud m\u00f5\u00f5tmed PxLxK 160x200x210 cm <\/span><\/h6>\n<h6 class=\"tw-data-text tw-text-large tw-ta\" dir=\"ltr\" tabindex=\"-1\" role=\"text\" data-placeholder=\"T\u00f5lge\" data-ved=\"2ahUKEwj-irLn--6SAxXIAxAIHZQDHcIQ3ewLegQIBhAW\" aria-label=\"T\u00f5lgitud tekst: L\u00e4bim\u00f5\u00f5t \u00d82m Kokkupandud m\u00f5\u00f5tmed PxLxK 160x200x210 cm Lamellpakendi m\u00f5\u00f5tmed PxLxK 200x120x150 cm Leiliruumi maht 4,2 m\u00b3 Leiliruumi pikkus 145 cm Kaal ~500 Leiliruumi mahutavus ~2-3 inimest Puidu paksus 40 mm K\u00fctteaeg ~1 h\"><span class=\"Y2IQFc\" lang=\"et\" style=\"color: #000000;\">Lamellpakendi m\u00f5\u00f5tmed PxLxK 200x120x150 cm <\/span><\/h6>\n<h6 class=\"tw-data-text tw-text-large tw-ta\" dir=\"ltr\" tabindex=\"-1\" role=\"text\" data-placeholder=\"T\u00f5lge\" data-ved=\"2ahUKEwj-irLn--6SAxXIAxAIHZQDHcIQ3ewLegQIBhAW\" aria-label=\"T\u00f5lgitud tekst: L\u00e4bim\u00f5\u00f5t \u00d82m Kokkupandud m\u00f5\u00f5tmed PxLxK 160x200x210 cm Lamellpakendi m\u00f5\u00f5tmed PxLxK 200x120x150 cm Leiliruumi maht 4,2 m\u00b3 Leiliruumi pikkus 145 cm Kaal ~500 Leiliruumi mahutavus ~2-3 inimest Puidu paksus 40 mm K\u00fctteaeg ~1 h\"><span class=\"Y2IQFc\" lang=\"et\" style=\"color: #000000;\">Leiliruumi maht 4,2 m\u00b3 <\/span><\/h6>\n<h6 class=\"tw-data-text tw-text-large tw-ta\" dir=\"ltr\" tabindex=\"-1\" role=\"text\" data-placeholder=\"T\u00f5lge\" data-ved=\"2ahUKEwj-irLn--6SAxXIAxAIHZQDHcIQ3ewLegQIBhAW\" aria-label=\"T\u00f5lgitud tekst: L\u00e4bim\u00f5\u00f5t \u00d82m Kokkupandud m\u00f5\u00f5tmed PxLxK 160x200x210 cm Lamellpakendi m\u00f5\u00f5tmed PxLxK 200x120x150 cm Leiliruumi maht 4,2 m\u00b3 Leiliruumi pikkus 145 cm Kaal ~500 Leiliruumi mahutavus ~2-3 inimest Puidu paksus 40 mm K\u00fctteaeg ~1 h\"><span class=\"Y2IQFc\" lang=\"et\" style=\"color: #000000;\">Leiliruumi pikkus 145 cm <\/span><\/h6>\n<h6 class=\"tw-data-text tw-text-large tw-ta\" dir=\"ltr\" tabindex=\"-1\" role=\"text\" data-placeholder=\"T\u00f5lge\" data-ved=\"2ahUKEwj-irLn--6SAxXIAxAIHZQDHcIQ3ewLegQIBhAW\" aria-label=\"T\u00f5lgitud tekst: L\u00e4bim\u00f5\u00f5t \u00d82m Kokkupandud m\u00f5\u00f5tmed PxLxK 160x200x210 cm Lamellpakendi m\u00f5\u00f5tmed PxLxK 200x120x150 cm Leiliruumi maht 4,2 m\u00b3 Leiliruumi pikkus 145 cm Kaal ~500 Leiliruumi mahutavus ~2-3 inimest Puidu paksus 40 mm K\u00fctteaeg ~1 h\"><span class=\"Y2IQFc\" lang=\"et\" style=\"color: #000000;\">Kaal ~500 <\/span><\/h6>\n<h6 class=\"tw-data-text tw-text-large tw-ta\" dir=\"ltr\" tabindex=\"-1\" role=\"text\" data-placeholder=\"T\u00f5lge\" data-ved=\"2ahUKEwj-irLn--6SAxXIAxAIHZQDHcIQ3ewLegQIBhAW\" aria-label=\"T\u00f5lgitud tekst: L\u00e4bim\u00f5\u00f5t \u00d82m Kokkupandud m\u00f5\u00f5tmed PxLxK 160x200x210 cm Lamellpakendi m\u00f5\u00f5tmed PxLxK 200x120x150 cm Leiliruumi maht 4,2 m\u00b3 Leiliruumi pikkus 145 cm Kaal ~500 Leiliruumi mahutavus ~2-3 inimest Puidu paksus 40 mm K\u00fctteaeg ~1 h\"><span class=\"Y2IQFc\" lang=\"et\" style=\"color: #000000;\">Leiliruumi mahutavus ~2-3 inimest <\/span><\/h6>\n<h6 class=\"tw-data-text tw-text-large tw-ta\" dir=\"ltr\" tabindex=\"-1\" role=\"text\" data-placeholder=\"T\u00f5lge\" data-ved=\"2ahUKEwj-irLn--6SAxXIAxAIHZQDHcIQ3ewLegQIBhAW\" aria-label=\"T\u00f5lgitud tekst: L\u00e4bim\u00f5\u00f5t \u00d82m Kokkupandud m\u00f5\u00f5tmed PxLxK 160x200x210 cm Lamellpakendi m\u00f5\u00f5tmed PxLxK 200x120x150 cm Leiliruumi maht 4,2 m\u00b3 Leiliruumi pikkus 145 cm Kaal ~500 Leiliruumi mahutavus ~2-3 inimest Puidu paksus 40 mm K\u00fctteaeg ~1 h\"><span class=\"Y2IQFc\" lang=\"et\" style=\"color: #000000;\">Puidu paksus 40 mm <\/span><\/h6>\n<h6 class=\"tw-data-text tw-text-large tw-ta\" dir=\"ltr\" tabindex=\"-1\" role=\"text\" data-placeholder=\"T\u00f5lge\" data-ved=\"2ahUKEwj-irLn--6SAxXIAxAIHZQDHcIQ3ewLegQIBhAW\" aria-label=\"T\u00f5lgitud tekst: L\u00e4bim\u00f5\u00f5t \u00d82m Kokkupandud m\u00f5\u00f5tmed PxLxK 160x200x210 cm Lamellpakendi m\u00f5\u00f5tmed PxLxK 200x120x150 cm Leiliruumi maht 4,2 m\u00b3 Leiliruumi pikkus 145 cm Kaal ~500 Leiliruumi mahutavus ~2-3 inimest Puidu paksus 40 mm K\u00fctteaeg ~1 h\"><span class=\"Y2IQFc\" lang=\"et\" style=\"color: #000000;\">K\u00fctteaeg ~1 h<\/span><\/h6>\n<h6 id=\"tw-target-text\" class=\"tw-data-text tw-text-large tw-ta\" dir=\"ltr\" tabindex=\"-1\" role=\"text\" data-placeholder=\"T\u00f5lge\" data-ved=\"2ahUKEwj-irLn--6SAxXIAxAIHZQDHcIQ3ewLegQIBhAW\" aria-label=\"T\u00f5lgitud tekst: P\u00f5hikomplekt sisaldab: Kuusest sauna korpus (puidu paksus 40 mm) Termopuidust pingid Pruun karastatud klaasist uks Bituumensindli katus Saunakivid (ainult kerisega) Roostevabast terasest r\u00f5ngad\"><span class=\"Y2IQFc\" lang=\"et\" style=\"color: #000000;\">P\u00f5hikomplekt sisaldab: <\/span><\/h6>\n<h6 class=\"tw-data-text tw-text-large tw-ta\" dir=\"ltr\" tabindex=\"-1\" role=\"text\" data-placeholder=\"T\u00f5lge\" data-ved=\"2ahUKEwj-irLn--6SAxXIAxAIHZQDHcIQ3ewLegQIBhAW\" aria-label=\"T\u00f5lgitud tekst: P\u00f5hikomplekt sisaldab: Kuusest sauna korpus (puidu paksus 40 mm) Termopuidust pingid Pruun karastatud klaasist uks Bituumensindli katus Saunakivid (ainult kerisega) Roostevabast terasest r\u00f5ngad\"><span class=\"Y2IQFc\" lang=\"et\" style=\"color: #000000;\">Kuusepuidust sauna korpus (puidu paksus 40 mm) <\/span><\/h6>\n<h6 class=\"tw-data-text tw-text-large tw-ta\" dir=\"ltr\" tabindex=\"-1\" role=\"text\" data-placeholder=\"T\u00f5lge\" data-ved=\"2ahUKEwj-irLn--6SAxXIAxAIHZQDHcIQ3ewLegQIBhAW\" aria-label=\"T\u00f5lgitud tekst: P\u00f5hikomplekt sisaldab: Kuusest sauna korpus (puidu paksus 40 mm) Termopuidust pingid Pruun karastatud klaasist uks Bituumensindli katus Saunakivid (ainult kerisega) Roostevabast terasest r\u00f5ngad\"><span class=\"Y2IQFc\" lang=\"et\" style=\"color: #000000;\">Termopuidust pingid <\/span><\/h6>\n<h6 class=\"tw-data-text tw-text-large tw-ta\" dir=\"ltr\" tabindex=\"-1\" role=\"text\" data-placeholder=\"T\u00f5lge\" data-ved=\"2ahUKEwj-irLn--6SAxXIAxAIHZQDHcIQ3ewLegQIBhAW\" aria-label=\"T\u00f5lgitud tekst: P\u00f5hikomplekt sisaldab: Kuusest sauna korpus (puidu paksus 40 mm) Termopuidust pingid Pruun karastatud klaasist uks Bituumensindli katus Saunakivid (ainult kerisega) Roostevabast terasest r\u00f5ngad\"><span class=\"Y2IQFc\" lang=\"et\" style=\"color: #000000;\">Pruun karastatud klaasist uks <\/span><\/h6>\n<h6 class=\"tw-data-text tw-text-large tw-ta\" dir=\"ltr\" tabindex=\"-1\" role=\"text\" data-placeholder=\"T\u00f5lge\" data-ved=\"2ahUKEwj-irLn--6SAxXIAxAIHZQDHcIQ3ewLegQIBhAW\" aria-label=\"T\u00f5lgitud tekst: P\u00f5hikomplekt sisaldab: Kuusest sauna korpus (puidu paksus 40 mm) Termopuidust pingid Pruun karastatud klaasist uks Bituumensindli katus Saunakivid (ainult kerisega) Roostevabast terasest r\u00f5ngad\"><span class=\"Y2IQFc\" lang=\"et\" style=\"color: #000000;\">Bituumensindli katus (vali pruun, must v\u00f5i roheline)<\/span><\/h6>\n<h6 class=\"tw-data-text tw-text-large tw-ta\" dir=\"ltr\" tabindex=\"-1\" role=\"text\" data-placeholder=\"T\u00f5lge\" data-ved=\"2ahUKEwj-irLn--6SAxXIAxAIHZQDHcIQ3ewLegQIBhAW\" aria-label=\"T\u00f5lgitud tekst: P\u00f5hikomplekt sisaldab: Kuusest sauna korpus (puidu paksus 40 mm) Termopuidust pingid Pruun karastatud klaasist uks Bituumensindli katus Saunakivid (ainult kerisega) Roostevabast terasest r\u00f5ngad\"><span class=\"Y2IQFc\" lang=\"et\" style=\"color: #000000;\">Roostevabast terasest r\u00f5ngad <\/span><\/h6>\n<h6 class=\"tw-data-text tw-text-large tw-ta\" dir=\"ltr\" tabindex=\"-1\" role=\"text\" data-placeholder=\"T\u00f5lge\" data-ved=\"2ahUKEwj-irLn--6SAxXIAxAIHZQDHcIQ3ewLegQIBhAW\" aria-label=\"T\u00f5lgitud tekst: P\u00f5hikomplekt sisaldab: Kuusest sauna korpus (puidu paksus 40 mm) Termopuidust pingid Pruun karastatud klaasist uks Bituumensindli katus Saunakivid (ainult kerisega) Roostevabast terasest r\u00f5ngad\"><span class=\"Y2IQFc\" lang=\"et\" style=\"color: #000000;\">NB! K\u00fcsi lisaks!<\/span><\/h6>\n<h6 class=\"tw-data-text tw-text-large tw-ta\" dir=\"ltr\" tabindex=\"-1\" role=\"text\" data-placeholder=\"T\u00f5lge\" data-ved=\"2ahUKEwj-irLn--6SAxXIAxAIHZQDHcIQ3ewLegQIBhAW\" aria-label=\"T\u00f5lgitud tekst: P\u00f5hikomplekt sisaldab: Kuusest sauna korpus (puidu paksus 40 mm) Termopuidust pingid Pruun karastatud klaasist uks Bituumensindli katus Saunakivid (ainult kerisega) Roostevabast terasest r\u00f5ngad\"><span class=\"Y2IQFc\" lang=\"et\" style=\"color: #000000;\"> Saadaval ka klaasseinaga ja uksega ning peegelklaasist seina ja uksega, <\/span><\/h6>\n<h6 class=\"tw-data-text tw-text-large tw-ta\" dir=\"ltr\" tabindex=\"-1\" role=\"text\" data-placeholder=\"T\u00f5lge\" data-ved=\"2ahUKEwj-irLn--6SAxXIAxAIHZQDHcIQ3ewLegQIBhAW\" aria-label=\"T\u00f5lgitud tekst: P\u00f5hikomplekt sisaldab: Kuusest sauna korpus (puidu paksus 40 mm) Termopuidust pingid Pruun karastatud klaasist uks Bituumensindli katus Saunakivid (ainult kerisega) Roostevabast terasest r\u00f5ngad\"><span class=\"Y2IQFc\" lang=\"et\" style=\"color: #000000;\">varikatus.<\/span><\/h6>\n<h6><span style=\"color: #000000;\">TOOTJA:<\/span><\/h6>\n<h6 class=\"porto-sicon-title\"><span style=\"color: #000000;\">BALTRESTO PRODUCTION O\u00dc<\/span><\/h6>\n<h6><span style=\"color: #000000;\">EESTI<\/span><\/h6>\n<p>&nbsp;<\/p>\n<pre id=\"tw-target-text\" class=\"tw-data-text tw-text-large tw-ta\" dir=\"ltr\" tabindex=\"-1\" role=\"text\" data-placeholder=\"T\u00f5lge\" data-ved=\"2ahUKEwj-irLn--6SAxXIAxAIHZQDHcIQ3ewLegQIBhAW\" aria-label=\"T\u00f5lgitud tekst: Peegelklaasist sein peegelklaasist uksega\"><\/pre>\n<p>&nbsp;<\/p>\n<p>&nbsp;<\/p>\n","protected":false},"excerpt":{"rendered":"<p>Tootmisaeg on umbes 5-6 n\u00e4dalat. Kompaktne 1,6 m pikkune \u00f5ues asuv minit\u00fcnnisaun S16E mahutab kuni 3 inimest, tarnitakse kokkupanduna v\u00f5i komplektina, elektrikerise (valikuline, ei kuulu komplekti, nt. Helo Hanko STJ 6 kW v\u00f5i Huum Drop 6 kW) ja vastupidava termopuidust konstruktsiooniga. L\u00e4bim\u00f5\u00f5t \u00d82m Kokkupandud m\u00f5\u00f5tmed PxLxK 160x200x210 cm Lamellpakendi m\u00f5\u00f5tmed PxLxK 200x120x150 cm Leiliruumi maht [&hellip;]<\/p>\n","protected":false},"featured_media":18682,"comment_status":"open","ping_status":"closed","template":"","meta":{"_acf_changed":false,"_genesis_hide_title":false,"_genesis_hide_breadcrumbs":false,"_genesis_hide_singular_image":false,"_genesis_hide_footer_widgets":false,"_genesis_custom_body_class":"","_genesis_custom_post_class":"","_genesis_layout":""},"product_cat":[417],"product_tag":[],"acf":[],"_links":{"self":[{"href":"https:\/\/koduspa.ee\/ru\/wp-json\/wp\/v2\/product\/18681"}],"collection":[{"href":"https:\/\/koduspa.ee\/ru\/wp-json\/wp\/v2\/product"}],"about":[{"href":"https:\/\/koduspa.ee\/ru\/wp-json\/wp\/v2\/types\/product"}],"replies":[{"embeddable":true,"href":"https:\/\/koduspa.ee\/ru\/wp-json\/wp\/v2\/comments?post=18681"}],"wp:featuredmedia":[{"embeddable":true,"href":"https:\/\/koduspa.ee\/ru\/wp-json\/wp\/v2\/media\/18682"}],"wp:attachment":[{"href":"https:\/\/koduspa.ee\/ru\/wp-json\/wp\/v2\/media?parent=18681"}],"wp:term":[{"taxonomy":"product_cat","embeddable":true,"href":"https:\/\/koduspa.ee\/ru\/wp-json\/wp\/v2\/product_cat?post=18681"},{"taxonomy":"product_tag","embeddable":true,"href":"https:\/\/koduspa.ee\/ru\/wp-json\/wp\/v2\/product_tag?post=18681"}],"curies":[{"name":"wp","href":"https:\/\/api.w.org\/{rel}","templated":true}]}}