{"id":18516,"date":"2026-02-05T06:55:48","date_gmt":"2026-02-05T06:55:48","guid":{"rendered":"https:\/\/koduspa.ee\/?post_type=product&#038;p=18516"},"modified":"2026-02-05T06:55:48","modified_gmt":"2026-02-05T06:55:48","slug":"contaktor-box-peb-36-36-h-kw","status":"publish","type":"product","link":"https:\/\/koduspa.ee\/ru\/pood\/eos-juhtpaneelid-2\/contaktor-box-peb-36-36-h-kw\/","title":{"rendered":"CONTAKTOR BOX  PEB 36 \/ 36 H kW"},"content":{"rendered":"<h6><span dir=\"auto\" style=\"color: #000000;\">Professionaalne v\u00f5imsusl\u00fcliti seade l\u00fclitusv\u00f5imsuse suurendamiseks.<\/span><\/h6>\n<h6><span style=\"color: #000000;\"><span dir=\"auto\">Professionaalne v\u00f5imsusl\u00fcliti, mille l\u00fclitusv\u00f5imsus on 36 kW, <\/span><\/span><\/h6>\n<h6><span style=\"color: #000000;\"><span dir=\"auto\">sauna\u00a0<\/span><span dir=\"auto\">juhtseadme<\/span><span dir=\"auto\">\u00a0l\u00fclitusv\u00f5ime laiendamiseks .<\/span><\/span><\/h6>\n<h6><span dir=\"auto\" style=\"color: #000000;\">Uus, t\u00e4iustatud disain eriti suure korpuse ja integreeritud kaitsmekarbiga. <\/span><\/h6>\n<h6><span dir=\"auto\" style=\"color: #000000;\">V\u00e4ga vaikne t\u00f6\u00f6.<\/span><\/h6>\n<h6><span style=\"color: #000000;\"><span dir=\"auto\">Koos 9 kW (10 kW) l\u00fclitusv\u00f5imsusega juhtseadmetega sobib <\/span><\/span><\/h6>\n<h6><span style=\"color: #000000;\"><span dir=\"auto\">kahekontuurilistele\u00a0<\/span><span dir=\"auto\">saunakeristele\u00a0<\/span><span dir=\"auto\">koguv\u00f5imsusega<\/span><span dir=\"auto\">\u00a0kuni 45 kW (46 kW)<\/span><\/span><\/h6>\n<h6><span style=\"color: #000000;\"><span dir=\"auto\"> (\u00a0kuni\u00a054 kW\u00a0<\/span><span dir=\"auto\">EOS Compact D18\/H18<\/span><span dir=\"auto\">\u00a0puhul\u00a0). <\/span><\/span><\/h6>\n<h6><span style=\"color: #000000;\"><span dir=\"auto\">Kaabli\u00fchendus on v\u00f5imalik igast k\u00fcljest.<\/span><\/span><\/h6>\n<ul>\n<li>\n<h6><span style=\"color: #000000;\"><span dir=\"auto\">PEB 36:<\/span><span dir=\"auto\">\u00a02 x 18 kW v\u00e4ljundv\u00f5imsusega.<\/span><\/span><\/h6>\n<\/li>\n<li>\n<h6><span style=\"color: #000000;\"><span dir=\"auto\">PEB 36 H:<\/span><span dir=\"auto\">\u00a0Nagu PEB36, aga lisaks\u00a0<\/span><span dir=\"auto\">6 kW<\/span><span dir=\"auto\">\u00a0v\u00f5imsusega aurustile. Ideaalne\u00a0<\/span><span dir=\"auto\">Bi-O saunakeristele<\/span><span dir=\"auto\">\u00a0.<\/span><\/span><\/h6>\n<\/li>\n<\/ul>\n<h6><span dir=\"auto\" style=\"color: #000000;\">Kaitsmepadjad kuuluvad tarnekomplekti!<\/span><\/h6>\n<ul>\n<li>\n<h6><span dir=\"auto\" style=\"color: #000000;\">Professionaalne v\u00f5imsusl\u00fcliti koormuse suurendamiseks.<\/span><\/h6>\n<\/li>\n<li>\n<h6><span dir=\"auto\" style=\"color: #000000;\">Uus t\u00e4iustatud disain eriti suure korpuse ja integreeritud kaitsmekarbiga.<\/span><\/h6>\n<\/li>\n<li>\n<h6><span dir=\"auto\" style=\"color: #000000;\">V\u00e4ga vaikne t\u00f6\u00f6.<\/span><\/h6>\n<\/li>\n<li>\n<h6><span dir=\"auto\" style=\"color: #000000;\">V\u00e4ga k\u00f5rge t\u00f6\u00f6kindlus ja eluiga.<\/span><\/h6>\n<\/li>\n<li>\n<h6><span dir=\"auto\" style=\"color: #000000;\">Lihtne ja kiire kokkupanek.<\/span><\/h6>\n<\/li>\n<li>\n<h6><span dir=\"auto\" style=\"color: #000000;\">\u00dchendus v\u00f5imalik nii tagant kui ka alt.<\/span><\/h6>\n<\/li>\n<li>\n<h6><span dir=\"auto\" style=\"color: #000000;\">Komplektis turvapadjad koos varukaitsmetega.<\/span><\/h6>\n<\/li>\n<li>\n<h6><span dir=\"auto\" style=\"color: #000000;\">PEB 36 H: Nagu PEB 36, aga lisav\u00e4ljundiga 6 kW aurusti jaoks. Ideaalne Bi-O saunakeristele.<\/span><\/h6>\n<\/li>\n<li>\n<h6><span dir=\"auto\" style=\"color: #000000;\">Koos 9 kW (10 kW) l\u00fclitusv\u00f5imsusega juhtseadmetega sobib kahekontuurilistele saunakeristele <\/span><\/h6>\n<\/li>\n<li>\n<h6><span dir=\"auto\" style=\"color: #000000;\">koguv\u00f5imsusega kuni 45 kW (46 kW) (EOS Compact D18\/H18 puhul kuni 54 kW<\/span><\/h6>\n<\/li>\n<li>\n<table class=\"contenttable\" border=\"0\" cellspacing=\"0\" cellpadding=\"0\">\n<tbody>\n<tr>\n<td valign=\"top\" width=\"302\">\n<h6><span dir=\"auto\" style=\"color: #000000;\">Elektri\u00fchendus<\/span><\/h6>\n<\/td>\n<td valign=\"top\" width=\"302\">\n<h6><span dir=\"auto\" style=\"color: #000000;\">400 V 3N ~ 50\/60 Hz<\/span><\/h6>\n<\/td>\n<\/tr>\n<tr>\n<td valign=\"top\" width=\"302\">\n<h6><span dir=\"auto\" style=\"color: #000000;\">L\u00fclitusv\u00f5imsus &#8212; saunakeris<\/span><\/h6>\n<\/td>\n<td valign=\"top\" width=\"302\">\n<h6><span dir=\"auto\" style=\"color: #000000;\">36,0 kW<\/span><\/h6>\n<\/td>\n<\/tr>\n<tr>\n<td valign=\"top\" width=\"302\">\n<h6><span dir=\"auto\" style=\"color: #000000;\">L\u00fclitusv\u00f5imsus &#8212; aurusti (ainult LSG 36 H)<\/span><\/h6>\n<\/td>\n<td valign=\"top\" width=\"302\">\n<h6><span dir=\"auto\" style=\"color: #000000;\">6,0 kW<\/span><\/h6>\n<\/td>\n<\/tr>\n<tr>\n<td valign=\"top\" width=\"302\">\n<h6><span dir=\"auto\" style=\"color: #000000;\">M\u00f5\u00f5tmed K\/L\/S, mm<\/span><\/h6>\n<\/td>\n<td valign=\"top\" width=\"302\">\n<h6><span dir=\"auto\" style=\"color: #000000;\">450 \/ 315 \/ 155\u00a0<\/span><\/h6>\n<\/td>\n<\/tr>\n<\/tbody>\n<\/table>\n<\/li>\n<\/ul>\n<p><a href=\"https:\/\/www.eos-sauna.com\/fileadmin\/user_upload\/EOS\/pdf\/db\/deutsch\/steuergeraete\/PEB_36-36H_-_DB_de.pdf\">https:\/\/www.eos-sauna.com\/fileadmin\/user_upload\/EOS\/pdf\/db\/deutsch\/steuergeraete\/PEB_36-36H_-_DB_de.pdf<\/a><\/p>\n<p><a href=\"https:\/\/www.eos-sauna.com\/fileadmin\/user_upload\/EOS\/pdf\/gbaw\/deutsch\/steuergeraete\/PEB36-36H_MA_DE-EN.pdf\">https:\/\/www.eos-sauna.com\/fileadmin\/user_upload\/EOS\/pdf\/gbaw\/deutsch\/steuergeraete\/PEB36-36H_MA_DE-EN.pdf<\/a><\/p>\n","protected":false},"excerpt":{"rendered":"<p>Professionaalne v\u00f5imsusl\u00fcliti seade l\u00fclitusv\u00f5imsuse suurendamiseks. Professionaalne v\u00f5imsusl\u00fcliti, mille l\u00fclitusv\u00f5imsus on 36 kW, sauna\u00a0juhtseadme\u00a0l\u00fclitusv\u00f5ime laiendamiseks . Uus, t\u00e4iustatud disain eriti suure korpuse ja integreeritud kaitsmekarbiga. V\u00e4ga vaikne t\u00f6\u00f6. Koos 9 kW (10 kW) l\u00fclitusv\u00f5imsusega juhtseadmetega sobib kahekontuurilistele\u00a0saunakeristele\u00a0koguv\u00f5imsusega\u00a0kuni 45 kW (46 kW) (\u00a0kuni\u00a054 kW\u00a0EOS Compact D18\/H18\u00a0puhul\u00a0). Kaabli\u00fchendus on v\u00f5imalik igast k\u00fcljest. PEB 36:\u00a02 x 18 kW v\u00e4ljundv\u00f5imsusega. [&hellip;]<\/p>\n","protected":false},"featured_media":18517,"comment_status":"open","ping_status":"closed","template":"","meta":{"_acf_changed":false,"_genesis_hide_title":false,"_genesis_hide_breadcrumbs":false,"_genesis_hide_singular_image":false,"_genesis_hide_footer_widgets":false,"_genesis_custom_body_class":"","_genesis_custom_post_class":"","_genesis_layout":""},"product_cat":[396],"product_tag":[],"acf":[],"_links":{"self":[{"href":"https:\/\/koduspa.ee\/ru\/wp-json\/wp\/v2\/product\/18516"}],"collection":[{"href":"https:\/\/koduspa.ee\/ru\/wp-json\/wp\/v2\/product"}],"about":[{"href":"https:\/\/koduspa.ee\/ru\/wp-json\/wp\/v2\/types\/product"}],"replies":[{"embeddable":true,"href":"https:\/\/koduspa.ee\/ru\/wp-json\/wp\/v2\/comments?post=18516"}],"wp:featuredmedia":[{"embeddable":true,"href":"https:\/\/koduspa.ee\/ru\/wp-json\/wp\/v2\/media\/18517"}],"wp:attachment":[{"href":"https:\/\/koduspa.ee\/ru\/wp-json\/wp\/v2\/media?parent=18516"}],"wp:term":[{"taxonomy":"product_cat","embeddable":true,"href":"https:\/\/koduspa.ee\/ru\/wp-json\/wp\/v2\/product_cat?post=18516"},{"taxonomy":"product_tag","embeddable":true,"href":"https:\/\/koduspa.ee\/ru\/wp-json\/wp\/v2\/product_tag?post=18516"}],"curies":[{"name":"wp","href":"https:\/\/api.w.org\/{rel}","templated":true}]}}