{"id":18415,"date":"2026-01-29T07:15:30","date_gmt":"2026-01-29T07:15:30","guid":{"rendered":"https:\/\/koduspa.ee\/?post_type=product&#038;p=18415"},"modified":"2026-01-29T07:15:31","modified_gmt":"2026-01-29T07:15:31","slug":"eos-lohnatrofee-s-finnrock-kerisele","status":"publish","type":"product","link":"https:\/\/koduspa.ee\/ru\/pood\/aksessuaarid-ru\/eos-lohnatrofee-s-finnrock-kerisele\/","title":{"rendered":"EOS L\u00d5HNATROFEE S FinnRock kerisele"},"content":{"rendered":"<h6><span style=\"color: #000000;\"><span dir=\"auto\">Peen elegants teie\u00a0<\/span><span dir=\"auto\">saunas<\/span><span dir=\"auto\">\u00a0\u2013 aga L\u00f5hnatrofee on enamat kui lihtsalt stiilne aksessuaar. <\/span><\/span><\/h6>\n<h6><span style=\"color: #000000;\"><span dir=\"auto\">See t\u00e4idab teie sauna imeliste l\u00f5hnadega ja muudab iga saunask\u00e4igu eriliseks elamuseks.<\/span><\/span><\/h6>\n<h6><span dir=\"auto\" style=\"color: #000000;\">Kokkupanemist pole vaja. Ideaalne paljudeks rakendusteks, sealhulgas taimevannide,<\/span><\/h6>\n<h6><span dir=\"auto\" style=\"color: #000000;\"> aroomiteraapiavannide v\u00f5i soola inhalatsiooni jaoks.<\/span><\/h6>\n<h6><span dir=\"auto\" style=\"color: #000000;\">L\u00f5hnatrofee on elegantne disainit\u00e4iendus teie saunale, <\/span><\/h6>\n<h6><span dir=\"auto\" style=\"color: #000000;\">mis on valmistatud spetsiaalsest kuumakindlast kvartsklaasist. <\/span><\/h6>\n<h6><span dir=\"auto\" style=\"color: #000000;\">Kausi saab h\u00f5lpsalt eemaldada ja puhastada.<\/span><\/h6>\n<h6><span style=\"color: #000000;\"><span dir=\"auto\">T\u00e4ida kauss saunask\u00e4igu alguses saunaessentside v\u00f5i\u00a0<\/span><span dir=\"auto\">eeterlike \u00f5lidega<\/span><span dir=\"auto\">\u00a0ja <\/span><\/span><\/h6>\n<h6><span style=\"color: #000000;\"><span dir=\"auto\">j\u00e4ta see kogu saunask\u00e4igu ajaks meeldivate l\u00f5hnadega t\u00e4idetud.<\/span><\/span><\/h6>\n<h6><span style=\"color: #000000;\"><span dir=\"auto\">Avastage t\u00e4iendavaid v\u00f5imalusi \u2013 proovige kaasasolevaid\u00a0<\/span><span dir=\"auto\">Himaalaja soolat\u00fckke<\/span><span dir=\"auto\">\u00a0, <\/span><\/span><\/h6>\n<h6><span style=\"color: #000000;\"><span dir=\"auto\">et \u00f5hku soolaioonidega rikastada.<\/span><\/span><\/h6>\n<h6><span style=\"color: #000000;\">M\u00f5\u00f5t: ~383 \u00d7 383 \u00d7 139 mm <\/span><\/h6>\n<h6><a href=\"https:\/\/www.eos-sauna.com\/fileadmin\/user_upload\/EOS\/pdf\/db\/deutsch\/saunazubehoer\/EOS_Produktblatt_Scent_Trophy-S_de.pdf\">https:\/\/www.eos-sauna.com\/fileadmin\/user_upload\/EOS\/pdf\/db\/deutsch\/saunazubehoer\/EOS_Produktblatt_Scent_Trophy-S_de.pdf<\/a><\/h6>\n<p><a href=\"https:\/\/www.eos-sauna.com\/fileadmin\/user_upload\/EOS\/pdf\/gbaw\/deutsch\/saunazubehoer\/EOS_Scent_Trophy-S_-_MA_de.pdf\">https:\/\/www.eos-sauna.com\/fileadmin\/user_upload\/EOS\/pdf\/gbaw\/deutsch\/saunazubehoer\/EOS_Scent_Trophy-S_-_MA_de.pdf<\/a><\/p>\n<h6><span style=\"color: #000000;\">P\u00c4RITOLURIIK: SAKSAMAA<\/span><\/h6>\n<h6><span style=\"color: #000000;\">TOOTJA: <span dir=\"auto\">EOS Saunatechnik GmbH<\/span><\/span><\/h6>\n","protected":false},"excerpt":{"rendered":"<p>Peen elegants teie\u00a0saunas\u00a0\u2013 aga L\u00f5hnatrofee on enamat kui lihtsalt stiilne aksessuaar. See t\u00e4idab teie sauna imeliste l\u00f5hnadega ja muudab iga saunask\u00e4igu eriliseks elamuseks. Kokkupanemist pole vaja. Ideaalne paljudeks rakendusteks, sealhulgas taimevannide, aroomiteraapiavannide v\u00f5i soola inhalatsiooni jaoks. L\u00f5hnatrofee on elegantne disainit\u00e4iendus teie saunale, mis on valmistatud spetsiaalsest kuumakindlast kvartsklaasist. Kausi saab h\u00f5lpsalt eemaldada ja puhastada. T\u00e4ida [&hellip;]<\/p>\n","protected":false},"featured_media":18416,"comment_status":"open","ping_status":"closed","template":"","meta":{"_acf_changed":false,"_genesis_hide_title":false,"_genesis_hide_breadcrumbs":false,"_genesis_hide_singular_image":false,"_genesis_hide_footer_widgets":false,"_genesis_custom_body_class":"","_genesis_custom_post_class":"","_genesis_layout":""},"product_brand":[],"product_cat":[184],"product_tag":[],"class_list":{"0":"post-18415","1":"product","2":"type-product","3":"status-publish","4":"has-post-thumbnail","6":"product_cat-aksessuaarid","7":"entry","8":"override","10":"first","11":"instock","12":"shipping-taxable","13":"purchasable","14":"product-type-simple"},"acf":[],"_links":{"self":[{"href":"https:\/\/koduspa.ee\/ru\/wp-json\/wp\/v2\/product\/18415","targetHints":{"allow":["GET"]}}],"collection":[{"href":"https:\/\/koduspa.ee\/ru\/wp-json\/wp\/v2\/product"}],"about":[{"href":"https:\/\/koduspa.ee\/ru\/wp-json\/wp\/v2\/types\/product"}],"replies":[{"embeddable":true,"href":"https:\/\/koduspa.ee\/ru\/wp-json\/wp\/v2\/comments?post=18415"}],"wp:featuredmedia":[{"embeddable":true,"href":"https:\/\/koduspa.ee\/ru\/wp-json\/wp\/v2\/media\/18416"}],"wp:attachment":[{"href":"https:\/\/koduspa.ee\/ru\/wp-json\/wp\/v2\/media?parent=18415"}],"wp:term":[{"taxonomy":"product_brand","embeddable":true,"href":"https:\/\/koduspa.ee\/ru\/wp-json\/wp\/v2\/product_brand?post=18415"},{"taxonomy":"product_cat","embeddable":true,"href":"https:\/\/koduspa.ee\/ru\/wp-json\/wp\/v2\/product_cat?post=18415"},{"taxonomy":"product_tag","embeddable":true,"href":"https:\/\/koduspa.ee\/ru\/wp-json\/wp\/v2\/product_tag?post=18415"}],"curies":[{"name":"wp","href":"https:\/\/api.w.org\/{rel}","templated":true}]}}