{"id":18352,"date":"2026-01-27T08:42:14","date_gmt":"2026-01-27T08:42:14","guid":{"rendered":"https:\/\/koduspa.ee\/?post_type=product&#038;p=18352"},"modified":"2026-01-27T08:44:03","modified_gmt":"2026-01-27T08:44:03","slug":"disain-aroomialus-eos","status":"publish","type":"product","link":"https:\/\/koduspa.ee\/ru\/pood\/aksessuaarid-ru\/disain-aroomialus-eos\/","title":{"rendered":"DISAIN AROOMIALUS EOS"},"content":{"rendered":"<h6><span dir=\"auto\" style=\"color: #000000;\">Disainerl\u00f5hnakauss aromaatse saunaelamuse loomiseks.<\/span><\/h6>\n<h6><span style=\"color: #000000;\"><span dir=\"auto\">Peen elegants teie\u00a0<\/span><span dir=\"auto\">saunas<\/span><span dir=\"auto\">\u00a0\u2013 aga L\u00f5hnatrofee on enamat kui lihtsalt stiilne aksessuaar. <\/span><\/span><\/h6>\n<h6><span style=\"color: #000000;\"><span dir=\"auto\">See t\u00e4idab teie sauna imeliste l\u00f5hnadega ja muudab iga saunask\u00e4igu eriliseks elamuseks.<\/span><\/span><\/h6>\n<h6><span dir=\"auto\" style=\"color: #000000;\">Ideaalselt sobib paljudeks rakendusteks, sealhulgas taimevannid, <\/span><\/h6>\n<h6><span dir=\"auto\" style=\"color: #000000;\">aroomiteraapiavannid v\u00f5i soolade inhalatsioonid.<\/span><\/h6>\n<ul>\n<li>\n<h6><span dir=\"auto\" style=\"color: #000000;\">Kvartsklaasist Essence kauss, mahuga kuni ~0,75 l<\/span><\/h6>\n<\/li>\n<li>\n<h6><span dir=\"auto\" style=\"color: #000000;\">Kvaliteetne p\u00f6\u00f6rlev roostevabast terasest k\u00e4epide musta viimistlusega<\/span><\/h6>\n<\/li>\n<li>\n<h6><span dir=\"auto\" style=\"color: #000000;\">Sisaldab umbes 20\u201324 mm suuruseid Himaalaja soola t\u00fckke.<\/span><\/h6>\n<\/li>\n<li>\n<h6><span dir=\"auto\" style=\"color: #000000;\">V\u00e4ga lihtne ja kiire seinale kinnitamine.<\/span><\/h6>\n<\/li>\n<li>\n<h6><span dir=\"auto\" style=\"color: #000000;\">Ideaalne saunaessentside, eeterlike \u00f5lide v\u00f5i soola inhalatsioonivannide jaoks. <\/span><\/h6>\n<\/li>\n<li>\n<h6><span dir=\"auto\" style=\"color: #000000;\">\u00dchest t\u00e4idisest piisab tavaliselt mitmeks tunniks.<\/span><\/h6>\n<\/li>\n<li>\n<h6><span dir=\"auto\" style=\"color: #000000;\">P\u00f6\u00f6rdmehhanism v\u00f5imaldab t\u00e4pset positsioneerimist ahju kohal, <\/span><\/h6>\n<\/li>\n<\/ul>\n<h6><span dir=\"auto\" style=\"color: #000000;\">et saavutada tugevam v\u00f5i \u00f5rnem auruefekt.<\/span><\/h6>\n<p><a href=\"https:\/\/www.eos-sauna.com\/fileadmin\/user_upload\/EOS\/pdf\/gbaw\/deutsch\/saunazubehoer\/EOS_Scent_Trophy_-_MA_de-en-fr.pdf\">https:\/\/www.eos-sauna.com\/fileadmin\/user_upload\/EOS\/pdf\/gbaw\/deutsch\/saunazubehoer\/EOS_Scent_Trophy_-_MA_de-en-fr.pdf<\/a><\/p>\n","protected":false},"excerpt":{"rendered":"<p>Disainerl\u00f5hnakauss aromaatse saunaelamuse loomiseks. Peen elegants teie\u00a0saunas\u00a0\u2013 aga L\u00f5hnatrofee on enamat kui lihtsalt stiilne aksessuaar. See t\u00e4idab teie sauna imeliste l\u00f5hnadega ja muudab iga saunask\u00e4igu eriliseks elamuseks. Ideaalselt sobib paljudeks rakendusteks, sealhulgas taimevannid, aroomiteraapiavannid v\u00f5i soolade inhalatsioonid. Kvartsklaasist Essence kauss, mahuga kuni ~0,75 l Kvaliteetne p\u00f6\u00f6rlev roostevabast terasest k\u00e4epide musta viimistlusega Sisaldab umbes 20\u201324 mm [&hellip;]<\/p>\n","protected":false},"featured_media":18353,"comment_status":"open","ping_status":"closed","template":"","meta":{"_acf_changed":false,"_genesis_hide_title":false,"_genesis_hide_breadcrumbs":false,"_genesis_hide_singular_image":false,"_genesis_hide_footer_widgets":false,"_genesis_custom_body_class":"","_genesis_custom_post_class":"","_genesis_layout":""},"product_brand":[],"product_cat":[184],"product_tag":[],"class_list":{"0":"post-18352","1":"product","2":"type-product","3":"status-publish","4":"has-post-thumbnail","6":"product_cat-aksessuaarid","7":"entry","8":"override","10":"first","11":"onbackorder","12":"shipping-taxable","13":"purchasable","14":"product-type-simple"},"acf":[],"_links":{"self":[{"href":"https:\/\/koduspa.ee\/ru\/wp-json\/wp\/v2\/product\/18352","targetHints":{"allow":["GET"]}}],"collection":[{"href":"https:\/\/koduspa.ee\/ru\/wp-json\/wp\/v2\/product"}],"about":[{"href":"https:\/\/koduspa.ee\/ru\/wp-json\/wp\/v2\/types\/product"}],"replies":[{"embeddable":true,"href":"https:\/\/koduspa.ee\/ru\/wp-json\/wp\/v2\/comments?post=18352"}],"wp:featuredmedia":[{"embeddable":true,"href":"https:\/\/koduspa.ee\/ru\/wp-json\/wp\/v2\/media\/18353"}],"wp:attachment":[{"href":"https:\/\/koduspa.ee\/ru\/wp-json\/wp\/v2\/media?parent=18352"}],"wp:term":[{"taxonomy":"product_brand","embeddable":true,"href":"https:\/\/koduspa.ee\/ru\/wp-json\/wp\/v2\/product_brand?post=18352"},{"taxonomy":"product_cat","embeddable":true,"href":"https:\/\/koduspa.ee\/ru\/wp-json\/wp\/v2\/product_cat?post=18352"},{"taxonomy":"product_tag","embeddable":true,"href":"https:\/\/koduspa.ee\/ru\/wp-json\/wp\/v2\/product_tag?post=18352"}],"curies":[{"name":"wp","href":"https:\/\/api.w.org\/{rel}","templated":true}]}}