{"id":18267,"date":"2026-01-23T06:38:25","date_gmt":"2026-01-23T06:38:25","guid":{"rendered":"https:\/\/koduspa.ee\/?post_type=product&#038;p=18267"},"modified":"2026-01-23T06:38:26","modified_gmt":"2026-01-23T06:38:26","slug":"elektrikeris-eos-p1-w-roostevaba","status":"publish","type":"product","link":"https:\/\/koduspa.ee\/ru\/pood\/eos-elektrikerised\/elektrikeris-eos-p1-w-roostevaba\/","title":{"rendered":"ELEKTRIKERIS EOS P1 W ROOSTEVABA"},"content":{"rendered":"<h6><span style=\"color: #000000;\"><span dir=\"auto\">Tugev saunakeris nii era- kui ka\u00a0<\/span><span dir=\"auto\">\u00e4risaunadele<\/span><span dir=\"auto\">\u00a0.<\/span><\/span><\/h6>\n<h6><span style=\"color: #000000;\"><span dir=\"auto\">Klassikalise disainiga saunakeriste seeria\u00a0<\/span><span dir=\"auto\">Soome sauna jaoks<\/span><\/span><\/h6>\n<h6><span style=\"color: #000000;\"><span dir=\"auto\">\u00a0saunakabiinides suurusega 14 kuni umbes 25 m\u00b3.\u00a0<\/span><\/span><\/h6>\n<h6><span style=\"color: #000000;\"><span dir=\"auto\">Saadaval nii eraldiseisva kui ka seinale kinnitatava mudelina.<\/span><span dir=\"auto\">\u00a0<\/span><\/span><\/h6>\n<h6><span style=\"color: #000000;\"><span dir=\"auto\">EOS P1 on eriti ruumis\u00e4\u00e4stlik t\u00e4nu oma eriti lamedale disainile, <\/span><\/span><\/h6>\n<h6><span style=\"color: #000000;\"><span dir=\"auto\">mille s\u00fcgavus on vaid umbes 38 cm. <\/span><\/span><\/h6>\n<h6><span style=\"color: #000000;\"><span dir=\"auto\">Konstruktsioon \u2013 sisemine korpus, v\u00e4liskest ja kivikorv on t\u00e4ielikult roostevabast terasest \u2013 <\/span><\/span><\/h6>\n<h6><span style=\"color: #000000;\"><span dir=\"auto\">annab saunakerisele <\/span><span dir=\"auto\">optimaalse<\/span><span dir=\"auto\">\u00a0stabiilsuse ja pika kasutusea.<\/span><\/span><\/h6>\n<h6><span style=\"color: #000000;\"><span dir=\"auto\"> Saadaval ka antratsiitv\u00e4rvi p\u00e4rlmutterefektiga pulberv\u00e4rviga.<\/span><\/span><\/h6>\n<h6><span style=\"color: #000000;\"><span dir=\"auto\">Ahi \u00fchendab tugeva\u00a0<\/span><span dir=\"auto\">\u00f5hukonvektsiooni<\/span><span dir=\"auto\">\u00a0eriti suurte k\u00fclgmiste \u00f5huavade kaudu kivikorviga, <\/span><\/span><\/h6>\n<h6><span style=\"color: #000000;\"><span dir=\"auto\">mis mahutab kuni 30 kg, et tagada optimaalne temperatuuri stabiilsus ja v\u00f5imas\u00a0<\/span><span dir=\"auto\">auruvoog<\/span><span dir=\"auto\"> . <\/span><\/span><\/h6>\n<h6><span style=\"color: #000000;\"><span dir=\"auto\">\u00dchenduskarp tagak\u00fcljel. Alus vee kogumisaluse disainiga.<\/span><\/span><\/h6>\n<h6><span dir=\"auto\" style=\"color: #000000;\">Kivikorv, mille kivimaht on u 30 kg.<\/span><\/h6>\n<h6><span dir=\"auto\" style=\"color: #000000;\"> NB! JUHTPANEEL EI KUULU KOMPLEKTI!<\/span><\/h6>\n<table class=\"contenttable\" border=\"0\" cellspacing=\"0\" cellpadding=\"0\">\n<tbody>\n<tr>\n<td valign=\"top\" width=\"302\">\n<h6><span dir=\"auto\" style=\"color: #000000;\">Elektri\u00fchendus<\/span><\/h6>\n<\/td>\n<td valign=\"top\" width=\"302\">\n<h6><span dir=\"auto\" style=\"color: #000000;\">400 V 3N ~ 50\/60 Hz<\/span><\/h6>\n<\/td>\n<\/tr>\n<tr>\n<td valign=\"top\" width=\"302\">\n<h6><span dir=\"auto\" style=\"color: #000000;\">Seadme m\u00f5\u00f5tmed (K\/L\/S), cm<\/span><\/h6>\n<\/td>\n<td valign=\"top\" width=\"302\">\n<h6><span dir=\"auto\" style=\"color: #000000;\">72 \/ 63 \/ 38<\/span><\/h6>\n<\/td>\n<\/tr>\n<tr>\n<td valign=\"top\" width=\"302\">\n<h6><span dir=\"auto\" style=\"color: #000000;\">salongi mahu jaoks (12,0 \/ 15,0 kW)<\/span><\/h6>\n<\/td>\n<td valign=\"top\" width=\"302\">\n<h6><span dir=\"auto\" style=\"color: #000000;\">\u00a0 14\u201318 m\u00b3 \/ 18\u201325 m\u00b3<\/span><\/h6>\n<\/td>\n<\/tr>\n<tr>\n<td valign=\"top\" width=\"302\">\n<h6><span dir=\"auto\" style=\"color: #000000;\">Minimaalne ventilatsioonitase (P1)<\/span><\/h6>\n<\/td>\n<td valign=\"top\" width=\"302\">\n<h6><span dir=\"auto\" style=\"color: #000000;\">35x7cm \/ 35x7cm \/ 35x9cm<\/span><\/h6>\n<\/td>\n<\/tr>\n<tr>\n<td valign=\"top\" width=\"302\">\n<h6><span dir=\"auto\" style=\"color: #000000;\">Minimaalne ventilatsioonitase (P1 W)<\/span><\/h6>\n<\/td>\n<td valign=\"top\" width=\"302\">\n<h6><span dir=\"auto\" style=\"color: #000000;\">35 x 9 cm<\/span><\/h6>\n<\/td>\n<\/tr>\n<tr>\n<td valign=\"top\" width=\"302\">\n<h6><span dir=\"auto\" style=\"color: #000000;\">Kaal ilma kivide ja pakendita<\/span><\/h6>\n<\/td>\n<td valign=\"top\" width=\"302\">\n<h6><span dir=\"auto\" style=\"color: #000000;\">26 kg<\/span><\/h6>\n<\/td>\n<\/tr>\n<tr>\n<td valign=\"top\" width=\"302\">\n<h6><span dir=\"auto\" style=\"color: #000000;\">\u00a0Kivit\u00e4idis<\/span><\/h6>\n<\/td>\n<td valign=\"top\" width=\"302\">\n<h6><span dir=\"auto\" style=\"color: #000000;\">30 kg<\/span><\/h6>\n<\/td>\n<\/tr>\n<\/tbody>\n<\/table>\n<h6><\/h6>\n<h6><a href=\"https:\/\/www.eos-sauna.com\/fileadmin\/user_upload\/EOS\/pdf\/gbaw\/deutsch\/saunaoefen\/P1_W_-_MA_de.pdf\">https:\/\/www.eos-sauna.com\/fileadmin\/user_upload\/EOS\/pdf\/gbaw\/deutsch\/saunaoefen\/P1_W_-_MA_de.pdf<\/a><\/h6>\n<p><a href=\"https:\/\/www.eos-sauna.com\/fileadmin\/user_upload\/EOS\/pdf\/CE-Erklaerung\/Saunaoefen\/KE_P1_W.pdf\">https:\/\/www.eos-sauna.com\/fileadmin\/user_upload\/EOS\/pdf\/CE-Erklaerung\/Saunaoefen\/KE_P1_W.pdf<\/a><\/p>\n","protected":false},"excerpt":{"rendered":"<p>Tugev saunakeris nii era- kui ka\u00a0\u00e4risaunadele\u00a0. Klassikalise disainiga saunakeriste seeria\u00a0Soome sauna jaoks \u00a0saunakabiinides suurusega 14 kuni umbes 25 m\u00b3.\u00a0 Saadaval nii eraldiseisva kui ka seinale kinnitatava mudelina.\u00a0 EOS P1 on eriti ruumis\u00e4\u00e4stlik t\u00e4nu oma eriti lamedale disainile, mille s\u00fcgavus on vaid umbes 38 cm. Konstruktsioon \u2013 sisemine korpus, v\u00e4liskest ja kivikorv on t\u00e4ielikult roostevabast terasest [&hellip;]<\/p>\n","protected":false},"featured_media":18268,"comment_status":"open","ping_status":"closed","template":"","meta":{"_acf_changed":false,"_genesis_hide_title":false,"_genesis_hide_breadcrumbs":false,"_genesis_hide_singular_image":false,"_genesis_hide_footer_widgets":false,"_genesis_custom_body_class":"","_genesis_custom_post_class":"","_genesis_layout":""},"product_brand":[],"product_cat":[392],"product_tag":[],"class_list":{"0":"post-18267","1":"product","2":"type-product","3":"status-publish","4":"has-post-thumbnail","6":"product_cat-eos-elektrikerised","7":"entry","8":"override","10":"first","11":"instock","12":"shipping-taxable","13":"purchasable","14":"product-type-variable"},"acf":[],"_links":{"self":[{"href":"https:\/\/koduspa.ee\/ru\/wp-json\/wp\/v2\/product\/18267","targetHints":{"allow":["GET"]}}],"collection":[{"href":"https:\/\/koduspa.ee\/ru\/wp-json\/wp\/v2\/product"}],"about":[{"href":"https:\/\/koduspa.ee\/ru\/wp-json\/wp\/v2\/types\/product"}],"replies":[{"embeddable":true,"href":"https:\/\/koduspa.ee\/ru\/wp-json\/wp\/v2\/comments?post=18267"}],"wp:featuredmedia":[{"embeddable":true,"href":"https:\/\/koduspa.ee\/ru\/wp-json\/wp\/v2\/media\/18268"}],"wp:attachment":[{"href":"https:\/\/koduspa.ee\/ru\/wp-json\/wp\/v2\/media?parent=18267"}],"wp:term":[{"taxonomy":"product_brand","embeddable":true,"href":"https:\/\/koduspa.ee\/ru\/wp-json\/wp\/v2\/product_brand?post=18267"},{"taxonomy":"product_cat","embeddable":true,"href":"https:\/\/koduspa.ee\/ru\/wp-json\/wp\/v2\/product_cat?post=18267"},{"taxonomy":"product_tag","embeddable":true,"href":"https:\/\/koduspa.ee\/ru\/wp-json\/wp\/v2\/product_tag?post=18267"}],"curies":[{"name":"wp","href":"https:\/\/api.w.org\/{rel}","templated":true}]}}