{"id":18227,"date":"2026-01-22T06:32:22","date_gmt":"2026-01-22T06:32:22","guid":{"rendered":"https:\/\/koduspa.ee\/?post_type=product&#038;p=18227"},"modified":"2026-01-22T06:32:22","modified_gmt":"2026-01-22T06:32:22","slug":"juhtpaneel-eos-econ-h1","status":"publish","type":"product","link":"https:\/\/koduspa.ee\/ru\/pood\/eos-juhtpaneelid-2\/juhtpaneel-eos-econ-h1\/","title":{"rendered":"JUHTPANEEL EOS Econ H1"},"content":{"rendered":"<h6><span dir=\"auto\" style=\"color: #000000;\">Juhtseade Soome saunadele ja niiskuse reguleerimisega saunadele.<\/span><\/h6>\n<h6><span dir=\"auto\" style=\"color: #000000;\"> Sobib k\u00f5ikidele Bi-O saunakeristele kuni 9 kW. <\/span><\/h6>\n<h6><span dir=\"auto\" style=\"color: #000000;\">Temperatuuri reguleerimisvahemik: 30 \u00b0C &#8212; 115 \u00b0C (Soome) ja 30 \u00b0C &#8212; 70 \u00b0C (Bi-O).<\/span><\/h6>\n<h6><span dir=\"auto\" style=\"color: #000000;\">Moodne, lame korpus pinnapealseks v\u00f5i pools\u00fcvistatavaks paigaldamiseks. <\/span><\/h6>\n<h6><span dir=\"auto\" style=\"color: #000000;\">Tagumine \u00fchendus.<\/span><\/h6>\n<h6><span dir=\"auto\" style=\"color: #000000;\"> Valgustatud, suure kontrastsusega LCD-ekraan men\u00fc\u00fcga 12 keeles, <\/span><\/h6>\n<h6><span dir=\"auto\" style=\"color: #000000;\">230 V v\u00e4ljund salongi valgustuse jaoks, k\u00fctteaja piirang kuni 6 tundi (minuti t\u00e4psusega), <\/span><\/h6>\n<h6><span dir=\"auto\" style=\"color: #000000;\">LifeGuard funktsioon, j\u00e4relej\u00e4\u00e4nud t\u00f6\u00f6aja n\u00e4idik. Nupulukuga (lapselukk). <\/span><\/h6>\n<h6><span dir=\"auto\" style=\"color: #000000;\">Ohutustemperatuuri piirang 139 \u00b0C. Komplektis temperatuuriandur 2 m kaabliga.<\/span><\/h6>\n<h6><span style=\"color: #000000;\"><span dir=\"auto\">Sobib\u00a0\u00a0kuni 9 kW\u00a0<\/span><span dir=\"auto\">v\u00f5imsusega saunakeristele .<\/span><\/span><\/h6>\n<p>&nbsp;<\/p>\n<div id=\"accordion-88146\" class=\"panel-group\">\n<div class=\"panel panel-default\">\n<div id=\"collapse-88142\" class=\"panel-collapse collapse in\" role=\"tabpanel\" aria-expanded=\"true\">\n<div class=\"panel-body\">\n<div id=\"c88142\" class=\"textmedia container\">\n<div class=\"ce-textpic ce-right ce-intext\">\n<table class=\"contenttable\" border=\"0\" cellspacing=\"0\" cellpadding=\"0\">\n<tbody>\n<tr>\n<td valign=\"top\" width=\"302\">\n<h6><span style=\"color: #000000;\"><span dir=\"auto\">Elektri\u00fchendus<\/span><\/span><\/h6>\n<\/td>\n<td valign=\"top\" width=\"302\">\n<h6><span dir=\"auto\" style=\"color: #000000;\">400 V 3N ~ 50 Hz<\/span><\/h6>\n<\/td>\n<\/tr>\n<tr>\n<td valign=\"top\" width=\"302\">\n<h6><span style=\"color: #000000;\"><span dir=\"auto\">L\u00fclitusv\u00f5ime<\/span><\/span><\/h6>\n<\/td>\n<td valign=\"top\" width=\"302\">\n<h6><span dir=\"auto\" style=\"color: #000000;\">max 9 kW aktiivkoormus (AC1 talitlus)<\/span><\/h6>\n<h6><span dir=\"auto\" style=\"color: #000000;\">Niiskusre\u017eiimil t\u00f6\u00f6tamine: 6 kW + 3 kW aurustile (H1)<\/span><\/h6>\n<\/td>\n<\/tr>\n<tr>\n<td valign=\"top\" width=\"302\">\n<h6><span style=\"color: #000000;\"><span dir=\"auto\">LSG \u00fchendusv\u00f5imalus<\/span><\/span><\/h6>\n<\/td>\n<td valign=\"top\" width=\"302\">\n<h6><span dir=\"auto\" style=\"color: #000000;\">ei<\/span><\/h6>\n<\/td>\n<\/tr>\n<tr>\n<td valign=\"top\" width=\"302\">\n<h6><span style=\"color: #000000;\"><span dir=\"auto\">Temperatuuri reguleerimisvahemik<\/span><\/span><\/h6>\n<\/td>\n<td valign=\"top\" width=\"302\">\n<h6><span dir=\"auto\" style=\"color: #000000;\">30\u2013115 \u00b0C Soome (D1\/H1)<\/span><\/h6>\n<h6><span dir=\"auto\" style=\"color: #000000;\">30\u201370 \u00b0C Bi-O (H1)<\/span><\/h6>\n<\/td>\n<\/tr>\n<tr>\n<td valign=\"top\" width=\"302\">\n<h6><span style=\"color: #000000;\"><span dir=\"auto\">Niiskuse kontroll<\/span><\/span><\/h6>\n<\/td>\n<td valign=\"top\" width=\"302\">\n<h6><span dir=\"auto\" style=\"color: #000000;\">Proportsionaalne ajaga, 10 sammu<\/span><\/h6>\n<\/td>\n<\/tr>\n<tr>\n<td valign=\"top\" width=\"302\">\n<h6><span style=\"color: #000000;\"><span dir=\"auto\">V\u00e4ljap\u00e4\u00e4sud<\/span><\/span><\/h6>\n<\/td>\n<td valign=\"top\" width=\"302\">\n<h6><span dir=\"auto\" style=\"color: #000000;\">Valgus (100 W), ventilaator (100 W)<\/span><\/h6>\n<\/td>\n<\/tr>\n<tr>\n<td valign=\"top\" width=\"302\">\n<h6><span style=\"color: #000000;\"><span dir=\"auto\">K\u00fctteaja piirang<\/span><\/span><\/h6>\n<\/td>\n<td valign=\"top\" width=\"302\">\n<h6><span dir=\"auto\" style=\"color: #000000;\">6 tundi<\/span><\/h6>\n<\/td>\n<\/tr>\n<tr>\n<td valign=\"top\" width=\"302\">\n<h6><span style=\"color: #000000;\"><span dir=\"auto\">M\u00f5\u00f5tmed (K\/L\/S) sentimeetrites<\/span><\/span><\/h6>\n<\/td>\n<td valign=\"top\" width=\"302\">\n<h6><span dir=\"auto\" style=\"color: #000000;\">22 \/ 25 \/ 6,7<\/span><\/h6>\n<\/td>\n<\/tr>\n<tr>\n<td valign=\"top\" width=\"302\">\n<h6><span style=\"color: #000000;\"><span dir=\"auto\">\u00dcmbritseva \u00f5hu temperatuur t\u00f6\u00f6tamise ajal<\/span><\/span><\/h6>\n<\/td>\n<td valign=\"top\" width=\"302\">\n<h6><span dir=\"auto\" style=\"color: #000000;\">-10 kuni +40 \u00b0C<\/span><\/h6>\n<\/td>\n<\/tr>\n<tr>\n<td valign=\"top\" width=\"302\">\n<h6><span style=\"color: #000000;\"><span dir=\"auto\">Kaal ilma pakendita u.<\/span><\/span><\/h6>\n<\/td>\n<td valign=\"top\" width=\"302\">\n<h6><span dir=\"auto\" style=\"color: #000000;\">1,0 kg<\/span><\/h6>\n<\/td>\n<\/tr>\n<\/tbody>\n<\/table>\n<h6><\/h6>\n<h6><a href=\"https:\/\/www.eos-sauna.com\/fileadmin\/user_upload\/EOS\/pdf\/db\/deutsch\/steuergeraete\/econ\/ECON_H1_-_DB_de.pdf\">https:\/\/www.eos-sauna.com\/fileadmin\/user_upload\/EOS\/pdf\/db\/deutsch\/steuergeraete\/econ\/ECON_H1_-_DB_de.pdf<\/a><\/h6>\n<h6 class=\"ce-bodytext\"><a href=\"https:\/\/www.eos-sauna.com\/fileadmin\/user_upload\/EOS\/pdf\/gbaw\/deutsch\/steuergeraete\/ECON_D1-R4.35_-_MA_de.pdf\">https:\/\/www.eos-sauna.com\/fileadmin\/user_upload\/EOS\/pdf\/gbaw\/deutsch\/steuergeraete\/ECON_D1-R4.35_-_MA_de.pdf<\/a><\/h6>\n<h6><a href=\"https:\/\/www.eos-sauna.com\/fileadmin\/user_upload\/EOS\/pdf\/gbaw\/deutsch\/steuergeraete\/ECON_H1-R4.35_-_MA_de.pdf\"><span style=\"color: #000000;\">https:\/\/www.eos-sauna.com\/fileadmin\/user_upload\/EOS\/pdf\/gbaw\/deutsch\/steuergeraete\/ECON_H1-R4.35_-_MA_de.pdf<\/span><\/a><\/h6>\n<h6><span style=\"color: #000000;\">P\u00c4RITOLURIIK: SAKSAMAA<\/span><\/h6>\n<h6><span style=\"color: #000000;\">TOOTJA: <span dir=\"auto\">EOS Saunatechnik GmbH<\/span><\/span><\/h6>\n<\/div>\n<\/div>\n<\/div>\n<\/div>\n<\/div>\n<\/div>\n<p>&nbsp;<\/p>\n","protected":false},"excerpt":{"rendered":"<p>Juhtseade Soome saunadele ja niiskuse reguleerimisega saunadele. Sobib k\u00f5ikidele Bi-O saunakeristele kuni 9 kW. Temperatuuri reguleerimisvahemik: 30 \u00b0C &#8212; 115 \u00b0C (Soome) ja 30 \u00b0C &#8212; 70 \u00b0C (Bi-O). Moodne, lame korpus pinnapealseks v\u00f5i pools\u00fcvistatavaks paigaldamiseks. Tagumine \u00fchendus. Valgustatud, suure kontrastsusega LCD-ekraan men\u00fc\u00fcga 12 keeles, 230 V v\u00e4ljund salongi valgustuse jaoks, k\u00fctteaja piirang kuni 6 [&hellip;]<\/p>\n","protected":false},"featured_media":18221,"comment_status":"open","ping_status":"closed","template":"","meta":{"_acf_changed":false,"_genesis_hide_title":false,"_genesis_hide_breadcrumbs":false,"_genesis_hide_singular_image":false,"_genesis_hide_footer_widgets":false,"_genesis_custom_body_class":"","_genesis_custom_post_class":"","_genesis_layout":""},"product_brand":[],"product_cat":[396],"product_tag":[],"class_list":{"0":"post-18227","1":"product","2":"type-product","3":"status-publish","4":"has-post-thumbnail","6":"product_cat-eos-juhtpaneelid-2","7":"entry","8":"override","10":"first","11":"instock","12":"shipping-taxable","13":"purchasable","14":"product-type-simple"},"acf":[],"_links":{"self":[{"href":"https:\/\/koduspa.ee\/ru\/wp-json\/wp\/v2\/product\/18227","targetHints":{"allow":["GET"]}}],"collection":[{"href":"https:\/\/koduspa.ee\/ru\/wp-json\/wp\/v2\/product"}],"about":[{"href":"https:\/\/koduspa.ee\/ru\/wp-json\/wp\/v2\/types\/product"}],"replies":[{"embeddable":true,"href":"https:\/\/koduspa.ee\/ru\/wp-json\/wp\/v2\/comments?post=18227"}],"wp:featuredmedia":[{"embeddable":true,"href":"https:\/\/koduspa.ee\/ru\/wp-json\/wp\/v2\/media\/18221"}],"wp:attachment":[{"href":"https:\/\/koduspa.ee\/ru\/wp-json\/wp\/v2\/media?parent=18227"}],"wp:term":[{"taxonomy":"product_brand","embeddable":true,"href":"https:\/\/koduspa.ee\/ru\/wp-json\/wp\/v2\/product_brand?post=18227"},{"taxonomy":"product_cat","embeddable":true,"href":"https:\/\/koduspa.ee\/ru\/wp-json\/wp\/v2\/product_cat?post=18227"},{"taxonomy":"product_tag","embeddable":true,"href":"https:\/\/koduspa.ee\/ru\/wp-json\/wp\/v2\/product_tag?post=18227"}],"curies":[{"name":"wp","href":"https:\/\/api.w.org\/{rel}","templated":true}]}}