{"id":18023,"date":"2026-01-14T10:37:05","date_gmt":"2026-01-14T10:37:05","guid":{"rendered":"https:\/\/koduspa.ee\/?post_type=product&#038;p=18023"},"modified":"2026-02-11T07:05:05","modified_gmt":"2026-02-11T07:05:05","slug":"elektrikeris-core-wall-combi-4-valge","status":"publish","type":"product","link":"https:\/\/koduspa.ee\/ru\/pood\/huum-elektrikerised-ru\/elektrikeris-core-wall-combi-4-valge\/","title":{"rendered":"ELEKTRIKERIS CORE WALL COMBI 4 VALGE"},"content":{"rendered":"<h6 data-start=\"398\" data-end=\"531\">Selle minimalistlik vorm ja peen viimistlus muudavad kerise pilkup\u00fc\u00fcdvaks keskpunktiks,<\/h6>\n<h6 data-start=\"398\" data-end=\"531\">s\u00e4\u00e4stes samal ajal v\u00e4\u00e4rtuslikku p\u00f5randapinda.<\/h6>\n<h6 data-start=\"88\" data-end=\"399\"><strong data-start=\"88\" data-end=\"107\">CORE Wall Combi<\/strong>\u00a0ja\u00a0<strong data-start=\"111\" data-end=\"135\">CORE Wall Mini Combi<\/strong>\u00a0laiendavad CORE-seeriat integreeritud aurutiga,<\/h6>\n<h6 data-start=\"88\" data-end=\"399\">pakkudes veelgi mitmek\u00fclgsemat saunaelamust.<\/h6>\n<h6 data-start=\"88\" data-end=\"399\">Lisaks traditsioonilisele kuivale kuumusele on nendel keristel\u00a0<strong data-start=\"301\" data-end=\"339\">sisseehitatud 3\u20135-liitrine veepaak<\/strong>,<\/h6>\n<h6 data-start=\"88\" data-end=\"399\">mis toodab pehmet ja niisket auru kuni\u00a0<strong data-start=\"380\" data-end=\"398\">kaheks tunniks<\/strong>.<\/h6>\n<h6 data-start=\"401\" data-end=\"512\"><strong data-start=\"401\" data-end=\"416\">L\u00f5hnakauss<\/strong>\u00a0v\u00f5imaldab rikastada saunaseansse looduslike l\u00f5hnadega,<\/h6>\n<h6 data-start=\"401\" data-end=\"512\">lisades saunask\u00e4igule spaalaadse m\u00f5\u00f5tme.<\/h6>\n<h6>Kuni 15 kg kivisid mahutav keris pakub rikkalikku leili ning loomulikult pehmet saunaelamust.<\/h6>\n<h6>Seinale paigaldatavate ja Combi-valikute lisandumisega avab HUUM uusi v\u00f5imalusi<\/h6>\n<h6>eriilmeliste saunalahenduste loomiseks \u2013 alates ruumi maksimaalsest kasutamisest<\/h6>\n<h6>kompaktsetes saunades kuni selge disainifookusega sauna kujundamiseni.<\/h6>\n<h6 class=\"accordion__title\">Keris vajab lisaks<\/h6>\n<div class=\"accordion__content js-accordion-content\">\n<div class=\"accordion__inner text\">\n<div class=\"text\">\n<ul class=\"list list--arrow\">\n<li>\n<h6><a href=\"https:\/\/huum.ee\/tooted\/kerise-juhtpuldid\/\">UKU<\/a><a href=\"https:\/\/huum.ee\/tooted\/kerise-juhtpuldid\/\">\u00a0juhts\u00fcsteemi<\/a><\/h6>\n<\/li>\n<li>\n<h6><a href=\"https:\/\/huum.ee\/toode\/oliviindiabaasist-kerisekivid\/\">kerisekive<\/a>\u00a0 (5-10 cm)<\/h6>\n<\/li>\n<li>\n<h6>kuumakindlat toitekaablit<\/h6>\n<\/li>\n<\/ul>\n<\/div>\n<\/div>\n<\/div>\n<h6 class=\"text-bold specifications__group-title\">\u00dchendus<\/h6>\n<ul class=\"specifications__group-items\">\n<li class=\"specifications__group-item\" data-voltage=\"400\">\n<h6><span class=\"specifications__group-item-name\">Kaitse<\/span><span class=\"specifications__group-item-column\">10 A<\/span><\/h6>\n<\/li>\n<li class=\"specifications__group-item\" data-voltage=\"400\">\n<h6><span class=\"specifications__group-item-name\">Toitepinge, 3-faasiline<\/span><span class=\"specifications__group-item-column\">3\/N~400 V<\/span><\/h6>\n<\/li>\n<li class=\"specifications__group-item\" data-voltage=\"400\">\n<h6><span class=\"specifications__group-item-name\">Toitekaabel (N x mm\u00b2) 7<\/span><span class=\"specifications__group-item-column\">x 1,5<\/span><\/h6>\n<\/li>\n<\/ul>\n<div class=\"specifications__group-content text\">\n<h6>230V 1N \u00fchenduse korral tehakse \u00fchendus analoogselt 3-faasiga.<\/h6>\n<h6>K\u00fctteringide jaotamine peab olema tehtud enne kaitsel\u00fclitust.<\/h6>\n<div class=\"specifications__group-content text\">\n<h6 class=\"image image--fluid image--align-center aligncenter size-full wp-image-22254\"><a href=\"https:\/\/huum.ee\/wp-content\/uploads\/2025\/10\/core_wallcombi_user_manual_all_languages_v2.pdf\">https:\/\/huum.ee\/wp-content\/uploads\/2025\/10\/core_wallcombi_user_manual_all_languages_v2.pdf<\/a><\/h6>\n<\/div>\n<\/div>\n","protected":false},"excerpt":{"rendered":"<p>Selle minimalistlik vorm ja peen viimistlus muudavad kerise pilkup\u00fc\u00fcdvaks keskpunktiks, s\u00e4\u00e4stes samal ajal v\u00e4\u00e4rtuslikku p\u00f5randapinda. CORE Wall Combi\u00a0ja\u00a0CORE Wall Mini Combi\u00a0laiendavad CORE-seeriat integreeritud aurutiga, pakkudes veelgi mitmek\u00fclgsemat saunaelamust. Lisaks traditsioonilisele kuivale kuumusele on nendel keristel\u00a0sisseehitatud 3\u20135-liitrine veepaak, mis toodab pehmet ja niisket auru kuni\u00a0kaheks tunniks. L\u00f5hnakauss\u00a0v\u00f5imaldab rikastada saunaseansse looduslike l\u00f5hnadega, lisades saunask\u00e4igule spaalaadse m\u00f5\u00f5tme. Kuni [&hellip;]<\/p>\n","protected":false},"featured_media":18024,"comment_status":"open","ping_status":"closed","template":"","meta":{"_acf_changed":false,"_genesis_hide_title":false,"_genesis_hide_breadcrumbs":false,"_genesis_hide_singular_image":false,"_genesis_hide_footer_widgets":false,"_genesis_custom_body_class":"","_genesis_custom_post_class":"","_genesis_layout":""},"product_brand":[],"product_cat":[350],"product_tag":[],"class_list":{"0":"post-18023","1":"product","2":"type-product","3":"status-publish","4":"has-post-thumbnail","6":"product_cat-huum-elektrikerised","7":"entry","8":"override","10":"first","11":"onbackorder","12":"shipping-taxable","13":"purchasable","14":"product-type-simple"},"acf":[],"_links":{"self":[{"href":"https:\/\/koduspa.ee\/ru\/wp-json\/wp\/v2\/product\/18023","targetHints":{"allow":["GET"]}}],"collection":[{"href":"https:\/\/koduspa.ee\/ru\/wp-json\/wp\/v2\/product"}],"about":[{"href":"https:\/\/koduspa.ee\/ru\/wp-json\/wp\/v2\/types\/product"}],"replies":[{"embeddable":true,"href":"https:\/\/koduspa.ee\/ru\/wp-json\/wp\/v2\/comments?post=18023"}],"wp:featuredmedia":[{"embeddable":true,"href":"https:\/\/koduspa.ee\/ru\/wp-json\/wp\/v2\/media\/18024"}],"wp:attachment":[{"href":"https:\/\/koduspa.ee\/ru\/wp-json\/wp\/v2\/media?parent=18023"}],"wp:term":[{"taxonomy":"product_brand","embeddable":true,"href":"https:\/\/koduspa.ee\/ru\/wp-json\/wp\/v2\/product_brand?post=18023"},{"taxonomy":"product_cat","embeddable":true,"href":"https:\/\/koduspa.ee\/ru\/wp-json\/wp\/v2\/product_cat?post=18023"},{"taxonomy":"product_tag","embeddable":true,"href":"https:\/\/koduspa.ee\/ru\/wp-json\/wp\/v2\/product_tag?post=18023"}],"curies":[{"name":"wp","href":"https:\/\/api.w.org\/{rel}","templated":true}]}}