{"id":17907,"date":"2026-01-13T09:14:00","date_gmt":"2026-01-13T09:14:00","guid":{"rendered":"https:\/\/koduspa.ee\/?post_type=product&#038;p=17907"},"modified":"2026-03-10T12:12:46","modified_gmt":"2026-03-10T12:12:46","slug":"elektrikeris-huum-drop-7-kw","status":"publish","type":"product","link":"https:\/\/koduspa.ee\/ru\/pood\/huum-elektrikerised-ru\/elektrikeris-huum-drop-7-kw\/","title":{"rendered":"ELEKTRIKERIS HUUM DROP 7 kW"},"content":{"rendered":"<div class=\"specifications__group\">\n<h6>Auhinnatud disain, Eesti oma tootja!<\/h6>\n<h6>DROP kerise orgaaniline ja minimalistlik disain teeb<\/h6>\n<h6>sellest sinu sauna k\u00f5ige silmapaistvama osa.<\/h6>\n<h6>Lisaks v\u00f5tab DROP v\u00e4ga v\u00e4he ruumi ja mahutab suurel hulgal kive,<\/h6>\n<h6>mis hoiavad sauna kaua kuumana.<\/h6>\n<h6>DROP keris on inspireeritud looduse puhtaimast elemendist \u2013 veepiisast.<\/h6>\n<h6>DROPi \u00fcmar disan pehmendab ja elavdab klassikalise sauna nurgelist interj\u00f6\u00f6ri,<\/h6>\n<h6>lisades leiliruumile elegantsust. Peale hea v\u00e4ljan\u00e4gemise on DROPil teisigi olulisi eeliseid.<\/h6>\n<h6>See kompaktne seinale paigaldatav keris mahutab kuni 55 kg kive,<\/h6>\n<h6>\u00fcletades enamikku puuk\u00fcttekeriseid ja tagades kauakestva leili.<\/h6>\n<h6>Roostevaba terasest<\/h6>\n<ul class=\"specifications__group-items\">\n<li class=\"specifications__group-item\" data-voltage=\"400\">\n<h6><span style=\"color: #000000;\"><span class=\"specifications__group-item-name\">V\u00f5imsus (kW)<\/span><span class=\"specifications__group-item-column\">7.5<\/span><\/span><\/h6>\n<\/li>\n<li class=\"specifications__group-item\" data-voltage=\"400\">\n<h6><span style=\"color: #000000;\"><span class=\"specifications__group-item-name\">Leiliruum min. (m\u00b3)<\/span><span class=\"specifications__group-item-column\">7<\/span><\/span><\/h6>\n<\/li>\n<li class=\"specifications__group-item\" data-voltage=\"400\">\n<h6><span style=\"color: #000000;\"><span class=\"specifications__group-item-name\">Leiliruum max. (m\u00b3)<\/span><span class=\"specifications__group-item-column\">11<\/span><\/span><\/h6>\n<\/li>\n<li class=\"specifications__group-item\" data-voltage=\"400\">\n<h6><span style=\"color: #000000;\"><span class=\"specifications__group-item-name\">Kivide mahutavus (kg)<\/span><span class=\"specifications__group-item-column\">55<\/span><\/span><\/h6>\n<\/li>\n<li class=\"specifications__group-item\" data-voltage=\"400\">\n<h6><span style=\"color: #000000;\"><span class=\"specifications__group-item-name\">Kaal (kg)<\/span><span class=\"specifications__group-item-column\">11<\/span><\/span><\/h6>\n<\/li>\n<li class=\"specifications__group-item\" data-voltage=\"400\">\n<h6><span style=\"color: #000000;\"><span class=\"specifications__group-item-name\">K\u00f5rgus (mm)<\/span><span class=\"specifications__group-item-column\">590<\/span><\/span><\/h6>\n<\/li>\n<li class=\"specifications__group-item\" data-voltage=\"400\">\n<h6><span style=\"color: #000000;\"><span class=\"specifications__group-item-name\">Laius (mm)<\/span><span class=\"specifications__group-item-column\">390<\/span><\/span><\/h6>\n<\/li>\n<li class=\"specifications__group-item\" data-voltage=\"400\">\n<h6><span style=\"color: #000000;\"><span class=\"specifications__group-item-name\">S\u00fcgavus (mm)<\/span><span class=\"specifications__group-item-column\">335<\/span><\/span><\/h6>\n<\/li>\n<\/ul>\n<\/div>\n<p class=\"text-bold specifications__group-title\"><span style=\"color: #000000;\">\u00dchendus<\/span><\/p>\n<ul class=\"specifications__group-items\">\n<li class=\"specifications__group-item\" data-voltage=\"400\"><span style=\"color: #000000;\"><span class=\"specifications__group-item-name\">Kaitse<\/span><span class=\"specifications__group-item-column\">16 A<\/span><\/span><\/li>\n<li class=\"specifications__group-item\" data-voltage=\"400\"><span style=\"color: #000000;\"><span class=\"specifications__group-item-name\">Toitepinge, 3-faasiline<\/span><span class=\"specifications__group-item-column\">3\/N~400V<\/span><\/span><\/li>\n<li class=\"specifications__group-item\" data-voltage=\"400\"><span style=\"color: #000000;\"><span class=\"specifications__group-item-name\">Toitekaabel (N x mm\u00b2)<\/span><span class=\"specifications__group-item-column\">5 x 2,5<\/span><\/span><\/li>\n<\/ul>\n<div class=\"specifications__group-content text\">\n<p><span style=\"color: #000000;\">230V 1N \u00fchenduse korral tehakse \u00fchendus analoogselt 3-faasiga. K\u00fctteringide jaotamine peab olema tehtud enne kaitsel\u00fclitust.<\/span><\/p>\n<\/div>\n<div class=\"specifications__group\">\n<div class=\"specifications__group-content text\">\n<h6 class=\"image image--fluid image--align-center aligncenter wp-image-3587 size-full\"><\/h6>\n<\/div>\n<\/div>\n","protected":false},"excerpt":{"rendered":"<p>Auhinnatud disain, Eesti oma tootja! DROP kerise orgaaniline ja minimalistlik disain teeb sellest sinu sauna k\u00f5ige silmapaistvama osa. Lisaks v\u00f5tab DROP v\u00e4ga v\u00e4he ruumi ja mahutab suurel hulgal kive, mis hoiavad sauna kaua kuumana. DROP keris on inspireeritud looduse puhtaimast elemendist \u2013 veepiisast. DROPi \u00fcmar disan pehmendab ja elavdab klassikalise sauna nurgelist interj\u00f6\u00f6ri, lisades leiliruumile [&hellip;]<\/p>\n","protected":false},"featured_media":11071,"comment_status":"open","ping_status":"closed","template":"","meta":{"_acf_changed":false,"_genesis_hide_title":false,"_genesis_hide_breadcrumbs":false,"_genesis_hide_singular_image":false,"_genesis_hide_footer_widgets":false,"_genesis_custom_body_class":"","_genesis_custom_post_class":"","_genesis_layout":""},"product_brand":[],"product_cat":[350],"product_tag":[],"class_list":{"0":"post-17907","1":"product","2":"type-product","3":"status-publish","4":"has-post-thumbnail","6":"product_cat-huum-elektrikerised","7":"entry","8":"override","10":"first","11":"instock","12":"shipping-taxable","13":"purchasable","14":"product-type-simple"},"acf":[],"_links":{"self":[{"href":"https:\/\/koduspa.ee\/ru\/wp-json\/wp\/v2\/product\/17907","targetHints":{"allow":["GET"]}}],"collection":[{"href":"https:\/\/koduspa.ee\/ru\/wp-json\/wp\/v2\/product"}],"about":[{"href":"https:\/\/koduspa.ee\/ru\/wp-json\/wp\/v2\/types\/product"}],"replies":[{"embeddable":true,"href":"https:\/\/koduspa.ee\/ru\/wp-json\/wp\/v2\/comments?post=17907"}],"wp:featuredmedia":[{"embeddable":true,"href":"https:\/\/koduspa.ee\/ru\/wp-json\/wp\/v2\/media\/11071"}],"wp:attachment":[{"href":"https:\/\/koduspa.ee\/ru\/wp-json\/wp\/v2\/media?parent=17907"}],"wp:term":[{"taxonomy":"product_brand","embeddable":true,"href":"https:\/\/koduspa.ee\/ru\/wp-json\/wp\/v2\/product_brand?post=17907"},{"taxonomy":"product_cat","embeddable":true,"href":"https:\/\/koduspa.ee\/ru\/wp-json\/wp\/v2\/product_cat?post=17907"},{"taxonomy":"product_tag","embeddable":true,"href":"https:\/\/koduspa.ee\/ru\/wp-json\/wp\/v2\/product_tag?post=17907"}],"curies":[{"name":"wp","href":"https:\/\/api.w.org\/{rel}","templated":true}]}}