{"id":17779,"date":"2025-12-01T10:32:49","date_gmt":"2025-12-01T10:32:49","guid":{"rendered":"https:\/\/koduspa.ee\/?post_type=product&#038;p=17779"},"modified":"2025-12-01T10:33:15","modified_gmt":"2025-12-01T10:33:15","slug":"relax-saunaviht","status":"publish","type":"product","link":"https:\/\/koduspa.ee\/ru\/pood\/aksessuaarid-ru\/relax-saunaviht\/","title":{"rendered":"RELAX SAUNAVIHT"},"content":{"rendered":"<h6><span style=\"color: #000000;\">Korduvkasutatav saunaviht,<\/span><\/h6>\n<h6 id=\"tw-target-text\" class=\"tw-data-text tw-text-large tw-ta\" dir=\"ltr\" tabindex=\"-1\" role=\"text\" data-placeholder=\"T\u00f5lge\" data-ved=\"2ahUKEwiew4fUl5yRAxXBGRAIHQb4DBoQ3ewLegQICxAV\" aria-label=\"T\u00f5lgitud tekst: Relax Saunavihta abil elavdad vereringet ja l\u00f5dvestad pinges lihaseid. Valmistame k\u00e4sitsi saunavihtasid vastupidavast materjalist. Relax Saunavihtat saab kasutada k\u00f5ikjal ja igal ajal, olgu see siis koju kaasa v\u00f5etud v\u00f5i suvilasse kaasa v\u00f5etud. Soovime pakkuda meeldivaid ja erutavaid saunaelamusi k\u00f5igile saunas\u00f5pradele. Sobib ka kaseallergikutele. Materjal: plastik PE-LD (+90C &gt; -10C). Materjali v\u00f5ib utiliseerida koos energiaj\u00e4\u00e4tmetega.\"><span class=\"Y2IQFc\" lang=\"et\" style=\"color: #000000;\">Materjal: plastik PE-LD (+90C &gt; -10C).<\/span><\/h6>\n<h6 class=\"tw-data-text tw-text-large tw-ta\" dir=\"ltr\" tabindex=\"-1\" role=\"text\" data-placeholder=\"T\u00f5lge\" data-ved=\"2ahUKEwiew4fUl5yRAxXBGRAIHQb4DBoQ3ewLegQICxAV\" aria-label=\"T\u00f5lgitud tekst: Relax Saunavihta abil elavdad vereringet ja l\u00f5dvestad pinges lihaseid. Valmistame k\u00e4sitsi saunavihtasid vastupidavast materjalist. Relax Saunavihtat saab kasutada k\u00f5ikjal ja igal ajal, olgu see siis koju kaasa v\u00f5etud v\u00f5i suvilasse kaasa v\u00f5etud. Soovime pakkuda meeldivaid ja erutavaid saunaelamusi k\u00f5igile saunas\u00f5pradele. Sobib ka kaseallergikutele. Materjal: plastik PE-LD (+90C &gt; -10C). Materjali v\u00f5ib utiliseerida koos energiaj\u00e4\u00e4tmetega.\"><span class=\"Y2IQFc\" lang=\"et\" style=\"color: #000000;\">Materjali v\u00f5ib utiliseerida koos energiaj\u00e4\u00e4tmetega.<\/span><\/h6>\n","protected":false},"excerpt":{"rendered":"<p>Korduvkasutatav saunaviht, Materjal: plastik PE-LD (+90C &gt; -10C). Materjali v\u00f5ib utiliseerida koos energiaj\u00e4\u00e4tmetega.<\/p>\n","protected":false},"featured_media":17044,"comment_status":"open","ping_status":"closed","template":"","meta":{"_acf_changed":false,"_genesis_hide_title":false,"_genesis_hide_breadcrumbs":false,"_genesis_hide_singular_image":false,"_genesis_hide_footer_widgets":false,"_genesis_custom_body_class":"","_genesis_custom_post_class":"","_genesis_layout":""},"product_brand":[],"product_cat":[202],"product_tag":[],"class_list":{"0":"post-17779","1":"product","2":"type-product","3":"status-publish","4":"has-post-thumbnail","6":"product_cat-aksessuaarid-ru","7":"entry","8":"override","10":"first","11":"instock","12":"shipping-taxable","13":"purchasable","14":"product-type-simple"},"acf":[],"_links":{"self":[{"href":"https:\/\/koduspa.ee\/ru\/wp-json\/wp\/v2\/product\/17779","targetHints":{"allow":["GET"]}}],"collection":[{"href":"https:\/\/koduspa.ee\/ru\/wp-json\/wp\/v2\/product"}],"about":[{"href":"https:\/\/koduspa.ee\/ru\/wp-json\/wp\/v2\/types\/product"}],"replies":[{"embeddable":true,"href":"https:\/\/koduspa.ee\/ru\/wp-json\/wp\/v2\/comments?post=17779"}],"wp:featuredmedia":[{"embeddable":true,"href":"https:\/\/koduspa.ee\/ru\/wp-json\/wp\/v2\/media\/17044"}],"wp:attachment":[{"href":"https:\/\/koduspa.ee\/ru\/wp-json\/wp\/v2\/media?parent=17779"}],"wp:term":[{"taxonomy":"product_brand","embeddable":true,"href":"https:\/\/koduspa.ee\/ru\/wp-json\/wp\/v2\/product_brand?post=17779"},{"taxonomy":"product_cat","embeddable":true,"href":"https:\/\/koduspa.ee\/ru\/wp-json\/wp\/v2\/product_cat?post=17779"},{"taxonomy":"product_tag","embeddable":true,"href":"https:\/\/koduspa.ee\/ru\/wp-json\/wp\/v2\/product_tag?post=17779"}],"curies":[{"name":"wp","href":"https:\/\/api.w.org\/{rel}","templated":true}]}}