{"id":17455,"date":"2025-10-07T12:31:57","date_gmt":"2025-10-07T12:31:57","guid":{"rendered":"https:\/\/koduspa.ee\/?post_type=product&#038;p=17455"},"modified":"2026-03-16T10:10:42","modified_gmt":"2026-03-16T10:10:42","slug":"saunaruum-hanko-s-keris","status":"publish","type":"product","link":"https:\/\/koduspa.ee\/ru\/pood\/saunaruumid-ru\/saunaruum-hanko-s-keris\/","title":{"rendered":"SAUNARUUM HANKO S + KERIS"},"content":{"rendered":"<p><span class=\"Y2IQFc\" lang=\"et\"><span style=\"color: #000000;\">Saunaruum Hanko S on <\/span><\/span><\/p>\n<p><span class=\"Y2IQFc\" lang=\"et\"><span style=\"color: #000000;\">Hanko saunaruumide kollektsiooni kompaktseim mudel, <\/span><\/span><\/p>\n<p><span class=\"Y2IQFc\" lang=\"et\"><span style=\"color: #000000;\">mis on loodud v\u00e4iksematesse ruumidesse.<\/span><\/span><\/p>\n<p><span class=\"Y2IQFc\" lang=\"et\"><span style=\"color: #000000;\">Oma kuusepuidust seinte ja klaasuksega pakub see valgusk\u00fcllast, <\/span><\/span><\/p>\n<p><span class=\"Y2IQFc\" lang=\"et\"><span style=\"color: #000000;\">kuid privaatset atmosf\u00e4\u00e4ri, mis \u00fchendab traditsioonilise sauna <\/span><\/span><\/p>\n<p><span class=\"Y2IQFc\" lang=\"et\"><span style=\"color: #000000;\">iseloomu moodsate detailidega. <\/span><\/span><\/p>\n<p><span class=\"Y2IQFc\" lang=\"et\"><span style=\"color: #000000;\">M\u00f5\u00f5tmed: 1330 \u00d7 1330 \u00d7 2073 mm <\/span><\/span><\/p>\n<p><span class=\"Y2IQFc\" lang=\"et\"><span style=\"color: #000000;\">Maht: 3,6 m\u00b3<\/span><\/span><\/p>\n<p><span class=\"Y2IQFc\" lang=\"et\"><span style=\"color: #000000;\">Komplektis olev keris: Vienna 45 STS (manuaalne juhtimine) koos veepaagiga. <\/span><\/span><\/p>\n<p><span class=\"Y2IQFc\" lang=\"et\"><span style=\"color: #000000;\">Kerisekivid on komplektis. <\/span><\/span><\/p>\n<p><span class=\"Y2IQFc\" lang=\"et\"><span style=\"color: #000000;\">Meeleoluvalgustus: Seljatoes integreeritud LED, <\/span><\/span><\/p>\n<p><span class=\"Y2IQFc\" lang=\"et\"><span style=\"color: #000000;\">mida saab uuendada RGBW-ks t\u00e4isv\u00e4rvivalikute saamiseks. <\/span><\/span><\/p>\n<p><span class=\"Y2IQFc\" lang=\"et\"><span style=\"color: #000000;\">Vienna keris veepaagiga (WT) pakub pehmemat auru ja <\/span><\/span><\/p>\n<p><span class=\"Y2IQFc\" lang=\"et\"><span style=\"color: #000000;\">paremat niiskuse reguleerimist. <\/span><\/span><\/p>\n<p><span class=\"Y2IQFc\" lang=\"et\"><span style=\"color: #000000;\">Seinad on valmistatud kvaliteetsest kuusepuidust, <\/span><\/span><\/p>\n<p><span class=\"Y2IQFc\" lang=\"et\"><span style=\"color: #000000;\">pingid aga esmaklassilisest haavapuidust, <\/span><\/span><\/p>\n<p><span class=\"Y2IQFc\" lang=\"et\"><span style=\"color: #000000;\">pakkudes nii vastupidavust kui ka klassikalist saunasoojust ja -l\u00f5hna.<\/span><\/span><\/p>\n<p><span class=\"Y2IQFc\" lang=\"et\"><span style=\"color: #000000;\">Lihtne paigaldus<\/span><span style=\"color: #000000;\">.<\/span><\/span><\/p>\n<p><a href=\"https:\/\/cdn2.gung.io\/tylo\/pim-fi\/pim-item\/30130\/Hanko%20Sauna%20Room%20S%20-%20Installation%20manual.pdf\">https:\/\/cdn2.gung.io\/tylo\/pim-fi\/pim-item\/30130\/Hanko%20Sauna%20Room%20S%20-%20Installation%20manual.pdf<\/a><\/p>\n<p><a href=\"https:\/\/cdn2.gung.io\/tylo\/pim-fi\/pim-item\/30130\/Vienna%20STS%20-%20Installation%20manual%20and%20user%20guide.pdf\">https:\/\/cdn2.gung.io\/tylo\/pim-fi\/pim-item\/30130\/Vienna%20STS%20-%20Installation%20manual%20and%20user%20guide.pdf<\/a><\/p>\n<p>&nbsp;<\/p>\n","protected":false},"excerpt":{"rendered":"<p>Saunaruum Hanko S on Hanko saunaruumide kollektsiooni kompaktseim mudel, mis on loodud v\u00e4iksematesse ruumidesse. Oma kuusepuidust seinte ja klaasuksega pakub see valgusk\u00fcllast, kuid privaatset atmosf\u00e4\u00e4ri, mis \u00fchendab traditsioonilise sauna iseloomu moodsate detailidega. M\u00f5\u00f5tmed: 1330 \u00d7 1330 \u00d7 2073 mm Maht: 3,6 m\u00b3 Komplektis olev keris: Vienna 45 STS (manuaalne juhtimine) koos veepaagiga. Kerisekivid on komplektis. [&hellip;]<\/p>\n","protected":false},"featured_media":17456,"comment_status":"open","ping_status":"closed","template":"","meta":{"_acf_changed":false,"_genesis_hide_title":false,"_genesis_hide_breadcrumbs":false,"_genesis_hide_singular_image":false,"_genesis_hide_footer_widgets":false,"_genesis_custom_body_class":"","_genesis_custom_post_class":"","_genesis_layout":""},"product_brand":[],"product_cat":[174],"product_tag":[],"class_list":{"0":"post-17455","1":"product","2":"type-product","3":"status-publish","4":"has-post-thumbnail","6":"product_cat-saunaruumid","7":"entry","8":"override","10":"first","11":"instock","12":"shipping-taxable","13":"purchasable","14":"product-type-simple"},"acf":[],"_links":{"self":[{"href":"https:\/\/koduspa.ee\/ru\/wp-json\/wp\/v2\/product\/17455","targetHints":{"allow":["GET"]}}],"collection":[{"href":"https:\/\/koduspa.ee\/ru\/wp-json\/wp\/v2\/product"}],"about":[{"href":"https:\/\/koduspa.ee\/ru\/wp-json\/wp\/v2\/types\/product"}],"replies":[{"embeddable":true,"href":"https:\/\/koduspa.ee\/ru\/wp-json\/wp\/v2\/comments?post=17455"}],"wp:featuredmedia":[{"embeddable":true,"href":"https:\/\/koduspa.ee\/ru\/wp-json\/wp\/v2\/media\/17456"}],"wp:attachment":[{"href":"https:\/\/koduspa.ee\/ru\/wp-json\/wp\/v2\/media?parent=17455"}],"wp:term":[{"taxonomy":"product_brand","embeddable":true,"href":"https:\/\/koduspa.ee\/ru\/wp-json\/wp\/v2\/product_brand?post=17455"},{"taxonomy":"product_cat","embeddable":true,"href":"https:\/\/koduspa.ee\/ru\/wp-json\/wp\/v2\/product_cat?post=17455"},{"taxonomy":"product_tag","embeddable":true,"href":"https:\/\/koduspa.ee\/ru\/wp-json\/wp\/v2\/product_tag?post=17455"}],"curies":[{"name":"wp","href":"https:\/\/api.w.org\/{rel}","templated":true}]}}