{"id":17366,"date":"2025-07-07T11:15:36","date_gmt":"2025-07-07T11:15:36","guid":{"rendered":"https:\/\/koduspa.ee\/?post_type=product&#038;p=17366"},"modified":"2025-10-29T07:10:10","modified_gmt":"2025-10-29T07:10:10","slug":"elektrikeris-crown-commercial-8-must","status":"publish","type":"product","link":"https:\/\/koduspa.ee\/ru\/pood\/tylo-elektrikerised-ru\/elektrikeris-crown-commercial-8-must\/","title":{"rendered":"ELEKTRIKERIS CROWN COMMERCIAL 8 MUST"},"content":{"rendered":"<h6><span style=\"color: #000000;\">Crown Commercial 8 on kohandatud suurematele ruumidele,<\/span><\/h6>\n<div class=\"row ng-star-inserted\">\n<div class=\"col-12\">\n<h6 class=\"mb-1 description-line-break\"><span style=\"color: #000000;\"> mille sauna maht on 6\u201312 m3. <\/span><\/h6>\n<h6 class=\"mb-1 description-line-break\"><span style=\"color: #000000;\">P\u00f5randale paigaldatav seade, mille k\u00fcljed on vaid 40 cm laiad, <\/span><\/h6>\n<h6 class=\"mb-1 description-line-break\"><span style=\"color: #000000;\">on h\u00f5lpsasti paigutatav nurka, seina \u00e4\u00e4rde v\u00f5i klaasist esiosa vastu. <\/span><\/h6>\n<h6 class=\"mb-1 description-line-break\"><span style=\"color: #000000;\">Seadet juhitakse Elite digitaalse juhtpaneeli ja Commercial Lite relee abil. <\/span><\/h6>\n<h6 class=\"mb-1 description-line-break\"><strong><span style=\"color: #000000;\">NB! Juhtpaneel ja releebox ei kuulu komplekti<\/span><\/strong><\/h6>\n<h6 class=\"mb-1 description-line-break\"><span style=\"color: #000000;\">Unikaalne Thermosafe\u2122 puutekaitse on standardvarustuses,<\/span><\/h6>\n<h6 class=\"mb-1 description-line-break\"><span style=\"color: #000000;\"> et kaitsta juhuslike p\u00f5letuste eest. <\/span><\/h6>\n<h6 class=\"mb-1 description-line-break\"><span style=\"color: #000000;\">Seadmel on sisseehitatud valgustus.<\/span><\/h6>\n<\/div>\n<\/div>\n<div class=\"row ng-star-inserted\">\n<div class=\"col-12\"><\/div>\n<\/div>\n<p><a href=\"https:\/\/cdn2.gung.io\/tylo\/pim-item\/61002400\/2900%205562%20CROWN%20COMMERCIAL%20User%20guide.pdf\">https:\/\/cdn2.gung.io\/tylo\/pim-item\/61002400\/2900%205562%20CROWN%20COMMERCIAL%20User%20guide.pdf<\/a><\/p>\n","protected":false},"excerpt":{"rendered":"<p>Crown Commercial 8 on kohandatud suurematele ruumidele, mille sauna maht on 6\u201312 m3. P\u00f5randale paigaldatav seade, mille k\u00fcljed on vaid 40 cm laiad, on h\u00f5lpsasti paigutatav nurka, seina \u00e4\u00e4rde v\u00f5i klaasist esiosa vastu. Seadet juhitakse Elite digitaalse juhtpaneeli ja Commercial Lite relee abil. NB! Juhtpaneel ja releebox ei kuulu komplekti Unikaalne Thermosafe\u2122 puutekaitse on standardvarustuses, [&hellip;]<\/p>\n","protected":false},"featured_media":17367,"comment_status":"open","ping_status":"closed","template":"","meta":{"_acf_changed":false,"_genesis_hide_title":false,"_genesis_hide_breadcrumbs":false,"_genesis_hide_singular_image":false,"_genesis_hide_footer_widgets":false,"_genesis_custom_body_class":"","_genesis_custom_post_class":"","_genesis_layout":""},"product_brand":[],"product_cat":[173],"product_tag":[],"class_list":{"0":"post-17366","1":"product","2":"type-product","3":"status-publish","4":"has-post-thumbnail","6":"product_cat-tylo-elektrikerised","7":"entry","8":"override","10":"first","11":"instock","12":"shipping-taxable","13":"purchasable","14":"product-type-simple"},"acf":[],"_links":{"self":[{"href":"https:\/\/koduspa.ee\/ru\/wp-json\/wp\/v2\/product\/17366","targetHints":{"allow":["GET"]}}],"collection":[{"href":"https:\/\/koduspa.ee\/ru\/wp-json\/wp\/v2\/product"}],"about":[{"href":"https:\/\/koduspa.ee\/ru\/wp-json\/wp\/v2\/types\/product"}],"replies":[{"embeddable":true,"href":"https:\/\/koduspa.ee\/ru\/wp-json\/wp\/v2\/comments?post=17366"}],"wp:featuredmedia":[{"embeddable":true,"href":"https:\/\/koduspa.ee\/ru\/wp-json\/wp\/v2\/media\/17367"}],"wp:attachment":[{"href":"https:\/\/koduspa.ee\/ru\/wp-json\/wp\/v2\/media?parent=17366"}],"wp:term":[{"taxonomy":"product_brand","embeddable":true,"href":"https:\/\/koduspa.ee\/ru\/wp-json\/wp\/v2\/product_brand?post=17366"},{"taxonomy":"product_cat","embeddable":true,"href":"https:\/\/koduspa.ee\/ru\/wp-json\/wp\/v2\/product_cat?post=17366"},{"taxonomy":"product_tag","embeddable":true,"href":"https:\/\/koduspa.ee\/ru\/wp-json\/wp\/v2\/product_tag?post=17366"}],"curies":[{"name":"wp","href":"https:\/\/api.w.org\/{rel}","templated":true}]}}