{"id":17199,"date":"2025-04-24T05:27:19","date_gmt":"2025-04-24T05:27:19","guid":{"rendered":"https:\/\/koduspa.ee\/?post_type=product&#038;p=17199"},"modified":"2025-04-24T05:27:20","modified_gmt":"2025-04-24T05:27:20","slug":"pirta-flat-fiiberoptiline-valguskardin-200x120cm","status":"publish","type":"product","link":"https:\/\/koduspa.ee\/ru\/pood\/valgustid-ru\/pirta-flat-fiiberoptiline-valguskardin-200x120cm\/","title":{"rendered":"Pirta Flat fiiberoptiline valguskardin 200x120cm"},"content":{"rendered":"<h6><span style=\"color: #000000;\">Pirta Flat fiiberoptiline kardin on paigaldusvalmis seade,<\/span><\/h6>\n<h6><span style=\"color: #000000;\">mille kiud on paigaldatud lambi korpusesse ja kristallid kiudude otstesse.<\/span><\/h6>\n<h6><span style=\"color: #000000;\">Valgusallikaks on lambi korpusesse paigutatud LED-projektorid.<\/span><\/h6>\n<h6><span style=\"color: #000000;\">Valguskardinat saab paigaldada lakke v\u00f5i seinale.<\/span><\/h6>\n<h6><span style=\"color: #ff0000;\">Tellimisel tuleb t\u00e4psustada kinnitusviis.<\/span><\/h6>\n<ul>\n<li>\n<h6><span style=\"color: #000000;\">K\u00f5rgus 200 cm<\/span><\/h6>\n<\/li>\n<li>\n<h6><span style=\"color: #000000;\">Laius 120 cm<\/span><\/h6>\n<\/li>\n<li>\n<h6><span style=\"color: #000000;\">120 kristalli \u00f8 30 mm<\/span><\/h6>\n<\/li>\n<li>\n<h6><span style=\"color: #000000;\">26 kg<\/span><\/h6>\n<\/li>\n<\/ul>\n<p><a href=\"https:\/\/cdn.shopify.com\/s\/files\/1\/0781\/6200\/2212\/files\/pirta_8.8.2023.pdf?v=1713465618\">https:\/\/cdn.shopify.com\/s\/files\/1\/0781\/6200\/2212\/files\/pirta_8.8.2023.pdf?v=1713465618<\/a><\/p>\n","protected":false},"excerpt":{"rendered":"<p>Pirta Flat fiiberoptiline kardin on paigaldusvalmis seade, mille kiud on paigaldatud lambi korpusesse ja kristallid kiudude otstesse. Valgusallikaks on lambi korpusesse paigutatud LED-projektorid. Valguskardinat saab paigaldada lakke v\u00f5i seinale. Tellimisel tuleb t\u00e4psustada kinnitusviis. K\u00f5rgus 200 cm Laius 120 cm 120 kristalli \u00f8 30 mm 26 kg https:\/\/cdn.shopify.com\/s\/files\/1\/0781\/6200\/2212\/files\/pirta_8.8.2023.pdf?v=1713465618<\/p>\n","protected":false},"featured_media":17191,"comment_status":"open","ping_status":"closed","template":"","meta":{"_acf_changed":false,"_genesis_hide_title":false,"_genesis_hide_breadcrumbs":false,"_genesis_hide_singular_image":false,"_genesis_hide_footer_widgets":false,"_genesis_custom_body_class":"","_genesis_custom_post_class":"","_genesis_layout":""},"product_brand":[],"product_cat":[180],"product_tag":[],"class_list":{"0":"post-17199","1":"product","2":"type-product","3":"status-publish","4":"has-post-thumbnail","6":"product_cat-valgustid","7":"entry","8":"override","10":"first","11":"instock","12":"shipping-taxable","13":"purchasable","14":"product-type-simple"},"acf":[],"_links":{"self":[{"href":"https:\/\/koduspa.ee\/ru\/wp-json\/wp\/v2\/product\/17199","targetHints":{"allow":["GET"]}}],"collection":[{"href":"https:\/\/koduspa.ee\/ru\/wp-json\/wp\/v2\/product"}],"about":[{"href":"https:\/\/koduspa.ee\/ru\/wp-json\/wp\/v2\/types\/product"}],"replies":[{"embeddable":true,"href":"https:\/\/koduspa.ee\/ru\/wp-json\/wp\/v2\/comments?post=17199"}],"wp:featuredmedia":[{"embeddable":true,"href":"https:\/\/koduspa.ee\/ru\/wp-json\/wp\/v2\/media\/17191"}],"wp:attachment":[{"href":"https:\/\/koduspa.ee\/ru\/wp-json\/wp\/v2\/media?parent=17199"}],"wp:term":[{"taxonomy":"product_brand","embeddable":true,"href":"https:\/\/koduspa.ee\/ru\/wp-json\/wp\/v2\/product_brand?post=17199"},{"taxonomy":"product_cat","embeddable":true,"href":"https:\/\/koduspa.ee\/ru\/wp-json\/wp\/v2\/product_cat?post=17199"},{"taxonomy":"product_tag","embeddable":true,"href":"https:\/\/koduspa.ee\/ru\/wp-json\/wp\/v2\/product_tag?post=17199"}],"curies":[{"name":"wp","href":"https:\/\/api.w.org\/{rel}","templated":true}]}}