{"id":16725,"date":"2025-01-16T07:04:03","date_gmt":"2025-01-16T07:04:03","guid":{"rendered":"https:\/\/koduspa.ee\/?post_type=product&#038;p=16725"},"modified":"2026-01-14T06:30:48","modified_gmt":"2026-01-14T06:30:48","slug":"puukuttega-keris-huum-hive-flow-mini","status":"publish","type":"product","link":"https:\/\/koduspa.ee\/ru\/pood\/huum-puukerised-ru\/puukuttega-keris-huum-hive-flow-mini\/","title":{"rendered":"PUUK\u00dcTTEGA KERIS HUUM HIVE FLOW MINI 8,5 kW"},"content":{"rendered":"<p><span style=\"color: #000000;\">HIVE Flow on ideaalne valik neile, <\/span><\/p>\n<p><span style=\"color: #000000;\">kes v\u00e4\u00e4rtustavad keskkonnateadlikku m\u00f5tteviisi ning<\/span><\/p>\n<p><span style=\"color: #000000;\"> soovivad meeldej\u00e4\u00e4vat saunakogemust. <\/span><\/p>\n<p><span style=\"color: #000000;\">Kerise vingugaasi heitmed on vaid 346 mg\/m\u00b3,<\/span><\/p>\n<p><span style=\"color: #000000;\"> v\u00f5rreldes sarnaste keriste \u00fcle 1000 mg\/m\u00b3-ga ning <\/span><\/p>\n<p><span style=\"color: #000000;\">tahkete osakeste heitkogus on oma kategooria madalaim \u2013<\/span><\/p>\n<p><span style=\"color: #000000;\"> vaid 25 mg\/m\u00b3.<\/span><\/p>\n<p><span style=\"color: #000000;\">Kerise suur klaasuks lisab sauna hubast atmosf\u00e4\u00e4ri, <\/span><\/p>\n<p><span style=\"color: #000000;\">v\u00f5imaldades nautida lummavaid leeke. <\/span><\/p>\n<p><span style=\"color: #000000;\">HIVE Flow vastab rangetele keskkonnanormidele ja \u00fcletab k\u00f5ik teadaolevad <\/span><\/p>\n<p><span style=\"color: #000000;\">t\u00f5hususe ja keskkonna n\u00e4itajad puuk\u00fcttega keriste puhul, <\/span><\/p>\n<p><span style=\"color: #000000;\">tagades kvaliteetse ja j\u00e4tkusuutliku valiku Sinu saunale.<\/span><\/p>\n<ul>\n<li><span style=\"color: #000000;\">Ainulaadne disain<\/span><\/li>\n<li><span style=\"color: #000000;\">Innovatiivne patenteerimisel olev ahjukonstruktsioon<\/span><\/li>\n<li><span style=\"color: #000000;\">Mahutab 150 kg kive (korstnav\u00f5rega lisaks 35-40 kg)<\/span><\/li>\n<li><span style=\"color: #000000;\">\u00d6konoomne puidukasutus<\/span><\/li>\n<li><span style=\"color: #000000;\">Madal keskkonnam\u00f5ju<\/span><\/li>\n<li><span style=\"color: #000000;\">\u00d5rn ja pikaajaline leil<\/span><\/li>\n<li><span style=\"color: #000000; font-size: 16px;\">V\u00f5imsus 8,5 kW<\/span><\/li>\n<li><span style=\"color: #000000;\"><span class=\"specifications__group-item-name\">Leiliruum min.<\/span><span class=\"specifications__group-item-column\">6 m\u00b3<\/span><\/span><\/li>\n<li><span style=\"color: #000000;\"><span class=\"specifications__group-item-name\">Leiliruum max.<\/span><span class=\"specifications__group-item-column\">14 m\u00b3<\/span><\/span><\/li>\n<li><span style=\"color: #000000;\"><span class=\"specifications__group-item-name\">Kivide mahutavus<\/span><span class=\"specifications__group-item-column\">~105 kg<\/span><\/span><\/li>\n<li><span style=\"color: #000000;\"><span class=\"specifications__group-item-name\">Kaal<\/span><span class=\"specifications__group-item-column\">54 kg<\/span><\/span><\/li>\n<li><span style=\"color: #000000;\"><span class=\"specifications__group-item-name\">K\u00f5rgus<\/span><span class=\"specifications__group-item-column\">884 mm<\/span><\/span><\/li>\n<li><span style=\"color: #000000;\"><span class=\"specifications__group-item-name\">Laius<\/span><span class=\"specifications__group-item-column\">450 mm<\/span><\/span><\/li>\n<li><span style=\"color: #000000;\"><span class=\"specifications__group-item-name\">S\u00fcgavus<\/span><span class=\"specifications__group-item-column\">493 mm<\/span><\/span><\/li>\n<li><span style=\"color: #000000;\"><span class=\"specifications__group-item-name\">K\u00fcttepuude pikkus<\/span><span class=\"specifications__group-item-column\">300 mm<\/span><\/span><\/li>\n<li><span style=\"color: #000000;\"><span class=\"specifications__group-item-name\">Suitsul\u00f5\u00f5ri l\u00e4bim\u00f5\u00f5t<\/span><span class=\"specifications__group-item-column\">114 mm<\/span><\/span><\/li>\n<\/ul>\n","protected":false},"excerpt":{"rendered":"<p>HIVE Flow on ideaalne valik neile, kes v\u00e4\u00e4rtustavad keskkonnateadlikku m\u00f5tteviisi ning soovivad meeldej\u00e4\u00e4vat saunakogemust. Kerise vingugaasi heitmed on vaid 346 mg\/m\u00b3, v\u00f5rreldes sarnaste keriste \u00fcle 1000 mg\/m\u00b3-ga ning tahkete osakeste heitkogus on oma kategooria madalaim \u2013 vaid 25 mg\/m\u00b3. Kerise suur klaasuks lisab sauna hubast atmosf\u00e4\u00e4ri, v\u00f5imaldades nautida lummavaid leeke. HIVE Flow vastab rangetele keskkonnanormidele [&hellip;]<\/p>\n","protected":false},"featured_media":16726,"comment_status":"open","ping_status":"closed","template":"","meta":{"_acf_changed":false,"_genesis_hide_title":false,"_genesis_hide_breadcrumbs":false,"_genesis_hide_singular_image":false,"_genesis_hide_footer_widgets":false,"_genesis_custom_body_class":"","_genesis_custom_post_class":"","_genesis_layout":""},"product_brand":[],"product_cat":[356],"product_tag":[],"class_list":{"0":"post-16725","1":"product","2":"type-product","3":"status-publish","4":"has-post-thumbnail","6":"product_cat-huum-puukerised","7":"entry","8":"override","10":"first","11":"instock","12":"shipping-taxable","13":"purchasable","14":"product-type-simple"},"acf":[],"_links":{"self":[{"href":"https:\/\/koduspa.ee\/ru\/wp-json\/wp\/v2\/product\/16725","targetHints":{"allow":["GET"]}}],"collection":[{"href":"https:\/\/koduspa.ee\/ru\/wp-json\/wp\/v2\/product"}],"about":[{"href":"https:\/\/koduspa.ee\/ru\/wp-json\/wp\/v2\/types\/product"}],"replies":[{"embeddable":true,"href":"https:\/\/koduspa.ee\/ru\/wp-json\/wp\/v2\/comments?post=16725"}],"wp:featuredmedia":[{"embeddable":true,"href":"https:\/\/koduspa.ee\/ru\/wp-json\/wp\/v2\/media\/16726"}],"wp:attachment":[{"href":"https:\/\/koduspa.ee\/ru\/wp-json\/wp\/v2\/media?parent=16725"}],"wp:term":[{"taxonomy":"product_brand","embeddable":true,"href":"https:\/\/koduspa.ee\/ru\/wp-json\/wp\/v2\/product_brand?post=16725"},{"taxonomy":"product_cat","embeddable":true,"href":"https:\/\/koduspa.ee\/ru\/wp-json\/wp\/v2\/product_cat?post=16725"},{"taxonomy":"product_tag","embeddable":true,"href":"https:\/\/koduspa.ee\/ru\/wp-json\/wp\/v2\/product_tag?post=16725"}],"curies":[{"name":"wp","href":"https:\/\/api.w.org\/{rel}","templated":true}]}}