{"id":16478,"date":"2024-10-02T08:35:12","date_gmt":"2024-10-02T08:35:12","guid":{"rendered":"https:\/\/koduspa.ee\/?post_type=product&#038;p=16478"},"modified":"2025-11-21T08:58:35","modified_gmt":"2025-11-21T08:58:35","slug":"tylo-vee-aroomikauss","status":"publish","type":"product","link":"https:\/\/koduspa.ee\/ru\/pood\/aksessuaarid-ru\/tylo-vee-aroomikauss\/","title":{"rendered":"TYL\u00d6 AROOMIN\u00d5U"},"content":{"rendered":"<div class=\"row ng-star-inserted\">\n<div class=\"col-12\">\n<h6 class=\"mb-0\"><span style=\"font-size: 16px; color: #000000;\">Vee-\/aroomikauss, mis sobib k\u00f5ikidesse saunakeristesse.<\/span><\/h6>\n<\/div>\n<\/div>\n<div class=\"row ng-star-inserted\">\n<div class=\"col-12\">\n<h6 class=\"mb-1 description-line-break\"><span style=\"color: #000000;\"> Lisage vett, paar tilka l\u00f5hnaainet, \u00fcrte v\u00f5i teekott.\u00a0<\/span><\/h6>\n<\/div>\n<\/div>\n","protected":false},"excerpt":{"rendered":"<p>Vee-\/aroomikauss, mis sobib k\u00f5ikidesse saunakeristesse. Lisage vett, paar tilka l\u00f5hnaainet, \u00fcrte v\u00f5i teekott.\u00a0<\/p>\n","protected":false},"featured_media":16479,"comment_status":"open","ping_status":"closed","template":"","meta":{"_acf_changed":false,"_genesis_hide_title":false,"_genesis_hide_breadcrumbs":false,"_genesis_hide_singular_image":false,"_genesis_hide_footer_widgets":false,"_genesis_custom_body_class":"","_genesis_custom_post_class":"","_genesis_layout":""},"product_brand":[],"product_cat":[184],"product_tag":[],"class_list":{"0":"post-16478","1":"product","2":"type-product","3":"status-publish","4":"has-post-thumbnail","6":"product_cat-aksessuaarid","7":"entry","8":"override","10":"first","11":"instock","12":"shipping-taxable","13":"purchasable","14":"product-type-simple"},"acf":[],"_links":{"self":[{"href":"https:\/\/koduspa.ee\/ru\/wp-json\/wp\/v2\/product\/16478","targetHints":{"allow":["GET"]}}],"collection":[{"href":"https:\/\/koduspa.ee\/ru\/wp-json\/wp\/v2\/product"}],"about":[{"href":"https:\/\/koduspa.ee\/ru\/wp-json\/wp\/v2\/types\/product"}],"replies":[{"embeddable":true,"href":"https:\/\/koduspa.ee\/ru\/wp-json\/wp\/v2\/comments?post=16478"}],"wp:featuredmedia":[{"embeddable":true,"href":"https:\/\/koduspa.ee\/ru\/wp-json\/wp\/v2\/media\/16479"}],"wp:attachment":[{"href":"https:\/\/koduspa.ee\/ru\/wp-json\/wp\/v2\/media?parent=16478"}],"wp:term":[{"taxonomy":"product_brand","embeddable":true,"href":"https:\/\/koduspa.ee\/ru\/wp-json\/wp\/v2\/product_brand?post=16478"},{"taxonomy":"product_cat","embeddable":true,"href":"https:\/\/koduspa.ee\/ru\/wp-json\/wp\/v2\/product_cat?post=16478"},{"taxonomy":"product_tag","embeddable":true,"href":"https:\/\/koduspa.ee\/ru\/wp-json\/wp\/v2\/product_tag?post=16478"}],"curies":[{"name":"wp","href":"https:\/\/api.w.org\/{rel}","templated":true}]}}