{"id":16066,"date":"2024-05-07T06:27:07","date_gmt":"2024-05-07T06:27:07","guid":{"rendered":"https:\/\/koduspa.ee\/?post_type=product&#038;p=16066"},"modified":"2025-03-25T08:47:24","modified_gmt":"2025-03-25T08:47:24","slug":"lacoform-vanniaroom-lavendel-250ml","status":"publish","type":"product","link":"https:\/\/koduspa.ee\/ru\/pood\/saunaaroomid-olid-ru\/lacoform-vanniaroom-lavendel-250ml\/","title":{"rendered":"LACOFORM MULLIVANNI AROOM LAVENDEL 250ml"},"content":{"rendered":"<h6 id=\"tw-target-text\" class=\"tw-data-text tw-text-large tw-ta\" dir=\"ltr\" data-placeholder=\"T\u00f5lge\" data-ved=\"2ahUKEwiz1IX9qc-LAxXNAhAIHRJRLdwQ3ewLegQIBxAV\" aria-label=\"T\u00f5lgitud tekst: Mullivann \u00fchendab m\u00f5nusa soojas vees suplemise tunde keeruka tehnoloogiaga, mis masseerib spetsiifiliselt keha ja tagab seel\u00e4bi s\u00fcgava l\u00f5dvestuse. LACOFORM mullivannil\u00f5hnadega saab l\u00f5\u00f5gastavast mullivannist elamus k\u00f5ikidele meeltele. Soovitatav annus mullivanni jaoks: umbes 5 ml 1 m\u00b3 veekoguse kohta. Meie mullivannil\u00f5hnad pakuvad terviseteenuse pakkujatele mitmeid eeliseid: \u2022 V\u00e4ga \u00f6konoomne, kuna need on v\u00e4ga kontsentreeritud \u2022 See t\u00e4hendab, et on vaja v\u00e4hem hoiuruumi \u2022 Kassetis ja liivafiltrites pole sadestusi \u2022 V\u00e4hem allergeenid \u2022 Kergesti segunevad mullivannis oleva veega \u2022 Suur ulatus \u2022 Materjalide hea \u00fchilduvus, isegi plastide puhul \u2022 Saab omavahel segada WHIRLPOOL-D WHIRLPOOL-D\"><span class=\"Y2IQFc\" lang=\"et\"><span style=\"color: #000000;\">LACOFORM mullivannil\u00f5hnadega saab l\u00f5\u00f5gastavast<\/span><\/span><\/h6>\n<h6 class=\"tw-data-text tw-text-large tw-ta\" dir=\"ltr\" data-placeholder=\"T\u00f5lge\" data-ved=\"2ahUKEwiz1IX9qc-LAxXNAhAIHRJRLdwQ3ewLegQIBxAV\" aria-label=\"T\u00f5lgitud tekst: Mullivann \u00fchendab m\u00f5nusa soojas vees suplemise tunde keeruka tehnoloogiaga, mis masseerib spetsiifiliselt keha ja tagab seel\u00e4bi s\u00fcgava l\u00f5dvestuse. LACOFORM mullivannil\u00f5hnadega saab l\u00f5\u00f5gastavast mullivannist elamus k\u00f5ikidele meeltele. Soovitatav annus mullivanni jaoks: umbes 5 ml 1 m\u00b3 veekoguse kohta. Meie mullivannil\u00f5hnad pakuvad terviseteenuse pakkujatele mitmeid eeliseid: \u2022 V\u00e4ga \u00f6konoomne, kuna need on v\u00e4ga kontsentreeritud \u2022 See t\u00e4hendab, et on vaja v\u00e4hem hoiuruumi \u2022 Kassetis ja liivafiltrites pole sadestusi \u2022 V\u00e4hem allergeenid \u2022 Kergesti segunevad mullivannis oleva veega \u2022 Suur ulatus \u2022 Materjalide hea \u00fchilduvus, isegi plastide puhul \u2022 Saab omavahel segada WHIRLPOOL-D WHIRLPOOL-D\"><span class=\"Y2IQFc\" lang=\"et\"><span style=\"color: #000000;\"> mullivannist elamus k\u00f5ikidele meeltele. <\/span><\/span><\/h6>\n<h6 class=\"tw-data-text tw-text-large tw-ta\" dir=\"ltr\" data-placeholder=\"T\u00f5lge\" data-ved=\"2ahUKEwiz1IX9qc-LAxXNAhAIHRJRLdwQ3ewLegQIBxAV\" aria-label=\"T\u00f5lgitud tekst: Mullivann \u00fchendab m\u00f5nusa soojas vees suplemise tunde keeruka tehnoloogiaga, mis masseerib spetsiifiliselt keha ja tagab seel\u00e4bi s\u00fcgava l\u00f5dvestuse. LACOFORM mullivannil\u00f5hnadega saab l\u00f5\u00f5gastavast mullivannist elamus k\u00f5ikidele meeltele. Soovitatav annus mullivanni jaoks: umbes 5 ml 1 m\u00b3 veekoguse kohta. Meie mullivannil\u00f5hnad pakuvad terviseteenuse pakkujatele mitmeid eeliseid: \u2022 V\u00e4ga \u00f6konoomne, kuna need on v\u00e4ga kontsentreeritud \u2022 See t\u00e4hendab, et on vaja v\u00e4hem hoiuruumi \u2022 Kassetis ja liivafiltrites pole sadestusi \u2022 V\u00e4hem allergeenid \u2022 Kergesti segunevad mullivannis oleva veega \u2022 Suur ulatus \u2022 Materjalide hea \u00fchilduvus, isegi plastide puhul \u2022 Saab omavahel segada WHIRLPOOL-D WHIRLPOOL-D\"><span class=\"Y2IQFc\" lang=\"et\"><span style=\"color: #000000;\">Soovitatav annus mullivanni jaoks: umbes 5 ml 1 m\u00b3 veekoguse kohta.<\/span><\/span><\/h6>\n<h6 class=\"tw-data-text tw-text-large tw-ta\" dir=\"ltr\" data-placeholder=\"T\u00f5lge\" data-ved=\"2ahUKEwiz1IX9qc-LAxXNAhAIHRJRLdwQ3ewLegQIBxAV\" aria-label=\"T\u00f5lgitud tekst: Mullivann \u00fchendab m\u00f5nusa soojas vees suplemise tunde keeruka tehnoloogiaga, mis masseerib spetsiifiliselt keha ja tagab seel\u00e4bi s\u00fcgava l\u00f5dvestuse. LACOFORM mullivannil\u00f5hnadega saab l\u00f5\u00f5gastavast mullivannist elamus k\u00f5ikidele meeltele. Soovitatav annus mullivanni jaoks: umbes 5 ml 1 m\u00b3 veekoguse kohta. Meie mullivannil\u00f5hnad pakuvad terviseteenuse pakkujatele mitmeid eeliseid: \u2022 V\u00e4ga \u00f6konoomne, kuna need on v\u00e4ga kontsentreeritud \u2022 See t\u00e4hendab, et on vaja v\u00e4hem hoiuruumi \u2022 Kassetis ja liivafiltrites pole sadestusi \u2022 V\u00e4hem allergeenid \u2022 Kergesti segunevad mullivannis oleva veega \u2022 Suur ulatus \u2022 Materjalide hea \u00fchilduvus, isegi plastide puhul \u2022 Saab omavahel segada WHIRLPOOL-D WHIRLPOOL-D\"><span class=\"Y2IQFc\" lang=\"et\"><span style=\"color: #000000;\"> Mullivannil\u00f5hnad pakuvad terviseteenuse pakkujatele mitmeid eeliseid:<\/span><\/span><\/h6>\n<h6 class=\"tw-data-text tw-text-large tw-ta\" dir=\"ltr\" data-placeholder=\"T\u00f5lge\" data-ved=\"2ahUKEwiz1IX9qc-LAxXNAhAIHRJRLdwQ3ewLegQIBxAV\" aria-label=\"T\u00f5lgitud tekst: Mullivann \u00fchendab m\u00f5nusa soojas vees suplemise tunde keeruka tehnoloogiaga, mis masseerib spetsiifiliselt keha ja tagab seel\u00e4bi s\u00fcgava l\u00f5dvestuse. LACOFORM mullivannil\u00f5hnadega saab l\u00f5\u00f5gastavast mullivannist elamus k\u00f5ikidele meeltele. Soovitatav annus mullivanni jaoks: umbes 5 ml 1 m\u00b3 veekoguse kohta. Meie mullivannil\u00f5hnad pakuvad terviseteenuse pakkujatele mitmeid eeliseid: \u2022 V\u00e4ga \u00f6konoomne, kuna need on v\u00e4ga kontsentreeritud \u2022 See t\u00e4hendab, et on vaja v\u00e4hem hoiuruumi \u2022 Kassetis ja liivafiltrites pole sadestusi \u2022 V\u00e4hem allergeenid \u2022 Kergesti segunevad mullivannis oleva veega \u2022 Suur ulatus \u2022 Materjalide hea \u00fchilduvus, isegi plastide puhul \u2022 Saab omavahel segada WHIRLPOOL-D WHIRLPOOL-D\"><span class=\"Y2IQFc\" lang=\"et\"><span style=\"color: #000000;\"> \u2022 V\u00e4ga \u00f6konoomne, kuna need on v\u00e4ga kontsentreeritud<\/span><\/span><\/h6>\n<h6 class=\"tw-data-text tw-text-large tw-ta\" dir=\"ltr\" data-placeholder=\"T\u00f5lge\" data-ved=\"2ahUKEwiz1IX9qc-LAxXNAhAIHRJRLdwQ3ewLegQIBxAV\" aria-label=\"T\u00f5lgitud tekst: Mullivann \u00fchendab m\u00f5nusa soojas vees suplemise tunde keeruka tehnoloogiaga, mis masseerib spetsiifiliselt keha ja tagab seel\u00e4bi s\u00fcgava l\u00f5dvestuse. LACOFORM mullivannil\u00f5hnadega saab l\u00f5\u00f5gastavast mullivannist elamus k\u00f5ikidele meeltele. Soovitatav annus mullivanni jaoks: umbes 5 ml 1 m\u00b3 veekoguse kohta. Meie mullivannil\u00f5hnad pakuvad terviseteenuse pakkujatele mitmeid eeliseid: \u2022 V\u00e4ga \u00f6konoomne, kuna need on v\u00e4ga kontsentreeritud \u2022 See t\u00e4hendab, et on vaja v\u00e4hem hoiuruumi \u2022 Kassetis ja liivafiltrites pole sadestusi \u2022 V\u00e4hem allergeenid \u2022 Kergesti segunevad mullivannis oleva veega \u2022 Suur ulatus \u2022 Materjalide hea \u00fchilduvus, isegi plastide puhul \u2022 Saab omavahel segada WHIRLPOOL-D WHIRLPOOL-D\"><span class=\"Y2IQFc\" lang=\"et\"><span style=\"color: #000000;\"> \u2022 See t\u00e4hendab, et on vaja v\u00e4hem hoiuruumi <\/span><\/span><\/h6>\n<h6 class=\"tw-data-text tw-text-large tw-ta\" dir=\"ltr\" data-placeholder=\"T\u00f5lge\" data-ved=\"2ahUKEwiz1IX9qc-LAxXNAhAIHRJRLdwQ3ewLegQIBxAV\" aria-label=\"T\u00f5lgitud tekst: Mullivann \u00fchendab m\u00f5nusa soojas vees suplemise tunde keeruka tehnoloogiaga, mis masseerib spetsiifiliselt keha ja tagab seel\u00e4bi s\u00fcgava l\u00f5dvestuse. LACOFORM mullivannil\u00f5hnadega saab l\u00f5\u00f5gastavast mullivannist elamus k\u00f5ikidele meeltele. Soovitatav annus mullivanni jaoks: umbes 5 ml 1 m\u00b3 veekoguse kohta. Meie mullivannil\u00f5hnad pakuvad terviseteenuse pakkujatele mitmeid eeliseid: \u2022 V\u00e4ga \u00f6konoomne, kuna need on v\u00e4ga kontsentreeritud \u2022 See t\u00e4hendab, et on vaja v\u00e4hem hoiuruumi \u2022 Kassetis ja liivafiltrites pole sadestusi \u2022 V\u00e4hem allergeenid \u2022 Kergesti segunevad mullivannis oleva veega \u2022 Suur ulatus \u2022 Materjalide hea \u00fchilduvus, isegi plastide puhul \u2022 Saab omavahel segada WHIRLPOOL-D WHIRLPOOL-D\"><span class=\"Y2IQFc\" lang=\"et\"><span style=\"color: #000000;\">\u2022 Kassetis ja liivafiltrites pole sadestusi<\/span><\/span><\/h6>\n<h6 class=\"tw-data-text tw-text-large tw-ta\" dir=\"ltr\" data-placeholder=\"T\u00f5lge\" data-ved=\"2ahUKEwiz1IX9qc-LAxXNAhAIHRJRLdwQ3ewLegQIBxAV\" aria-label=\"T\u00f5lgitud tekst: Mullivann \u00fchendab m\u00f5nusa soojas vees suplemise tunde keeruka tehnoloogiaga, mis masseerib spetsiifiliselt keha ja tagab seel\u00e4bi s\u00fcgava l\u00f5dvestuse. LACOFORM mullivannil\u00f5hnadega saab l\u00f5\u00f5gastavast mullivannist elamus k\u00f5ikidele meeltele. Soovitatav annus mullivanni jaoks: umbes 5 ml 1 m\u00b3 veekoguse kohta. Meie mullivannil\u00f5hnad pakuvad terviseteenuse pakkujatele mitmeid eeliseid: \u2022 V\u00e4ga \u00f6konoomne, kuna need on v\u00e4ga kontsentreeritud \u2022 See t\u00e4hendab, et on vaja v\u00e4hem hoiuruumi \u2022 Kassetis ja liivafiltrites pole sadestusi \u2022 V\u00e4hem allergeenid \u2022 Kergesti segunevad mullivannis oleva veega \u2022 Suur ulatus \u2022 Materjalide hea \u00fchilduvus, isegi plastide puhul \u2022 Saab omavahel segada WHIRLPOOL-D WHIRLPOOL-D\"><span class=\"Y2IQFc\" lang=\"et\"><span style=\"color: #000000;\"> \u2022 V\u00e4hem allergeene<\/span><\/span><\/h6>\n<h6 class=\"tw-data-text tw-text-large tw-ta\" dir=\"ltr\" data-placeholder=\"T\u00f5lge\" data-ved=\"2ahUKEwiz1IX9qc-LAxXNAhAIHRJRLdwQ3ewLegQIBxAV\" aria-label=\"T\u00f5lgitud tekst: Mullivann \u00fchendab m\u00f5nusa soojas vees suplemise tunde keeruka tehnoloogiaga, mis masseerib spetsiifiliselt keha ja tagab seel\u00e4bi s\u00fcgava l\u00f5dvestuse. LACOFORM mullivannil\u00f5hnadega saab l\u00f5\u00f5gastavast mullivannist elamus k\u00f5ikidele meeltele. Soovitatav annus mullivanni jaoks: umbes 5 ml 1 m\u00b3 veekoguse kohta. Meie mullivannil\u00f5hnad pakuvad terviseteenuse pakkujatele mitmeid eeliseid: \u2022 V\u00e4ga \u00f6konoomne, kuna need on v\u00e4ga kontsentreeritud \u2022 See t\u00e4hendab, et on vaja v\u00e4hem hoiuruumi \u2022 Kassetis ja liivafiltrites pole sadestusi \u2022 V\u00e4hem allergeenid \u2022 Kergesti segunevad mullivannis oleva veega \u2022 Suur ulatus \u2022 Materjalide hea \u00fchilduvus, isegi plastide puhul \u2022 Saab omavahel segada WHIRLPOOL-D WHIRLPOOL-D\"><span class=\"Y2IQFc\" lang=\"et\"><span style=\"color: #000000;\"> \u2022 Kergesti segunevad mullivannis oleva veega<\/span><\/span><\/h6>\n<h6 class=\"tw-data-text tw-text-large tw-ta\" dir=\"ltr\" data-placeholder=\"T\u00f5lge\" data-ved=\"2ahUKEwiz1IX9qc-LAxXNAhAIHRJRLdwQ3ewLegQIBxAV\" aria-label=\"T\u00f5lgitud tekst: Mullivann \u00fchendab m\u00f5nusa soojas vees suplemise tunde keeruka tehnoloogiaga, mis masseerib spetsiifiliselt keha ja tagab seel\u00e4bi s\u00fcgava l\u00f5dvestuse. LACOFORM mullivannil\u00f5hnadega saab l\u00f5\u00f5gastavast mullivannist elamus k\u00f5ikidele meeltele. Soovitatav annus mullivanni jaoks: umbes 5 ml 1 m\u00b3 veekoguse kohta. Meie mullivannil\u00f5hnad pakuvad terviseteenuse pakkujatele mitmeid eeliseid: \u2022 V\u00e4ga \u00f6konoomne, kuna need on v\u00e4ga kontsentreeritud \u2022 See t\u00e4hendab, et on vaja v\u00e4hem hoiuruumi \u2022 Kassetis ja liivafiltrites pole sadestusi \u2022 V\u00e4hem allergeenid \u2022 Kergesti segunevad mullivannis oleva veega \u2022 Suur ulatus \u2022 Materjalide hea \u00fchilduvus, isegi plastide puhul \u2022 Saab omavahel segada WHIRLPOOL-D WHIRLPOOL-D\"><span class=\"Y2IQFc\" lang=\"et\"><span style=\"color: #000000;\"> \u2022 Suur ulatus <\/span><\/span><\/h6>\n<h6 class=\"tw-data-text tw-text-large tw-ta\" dir=\"ltr\" data-placeholder=\"T\u00f5lge\" data-ved=\"2ahUKEwiz1IX9qc-LAxXNAhAIHRJRLdwQ3ewLegQIBxAV\" aria-label=\"T\u00f5lgitud tekst: Mullivann \u00fchendab m\u00f5nusa soojas vees suplemise tunde keeruka tehnoloogiaga, mis masseerib spetsiifiliselt keha ja tagab seel\u00e4bi s\u00fcgava l\u00f5dvestuse. LACOFORM mullivannil\u00f5hnadega saab l\u00f5\u00f5gastavast mullivannist elamus k\u00f5ikidele meeltele. Soovitatav annus mullivanni jaoks: umbes 5 ml 1 m\u00b3 veekoguse kohta. Meie mullivannil\u00f5hnad pakuvad terviseteenuse pakkujatele mitmeid eeliseid: \u2022 V\u00e4ga \u00f6konoomne, kuna need on v\u00e4ga kontsentreeritud \u2022 See t\u00e4hendab, et on vaja v\u00e4hem hoiuruumi \u2022 Kassetis ja liivafiltrites pole sadestusi \u2022 V\u00e4hem allergeenid \u2022 Kergesti segunevad mullivannis oleva veega \u2022 Suur ulatus \u2022 Materjalide hea \u00fchilduvus, isegi plastide puhul \u2022 Saab omavahel segada WHIRLPOOL-D WHIRLPOOL-D\"><span class=\"Y2IQFc\" lang=\"et\"><span style=\"color: #000000;\">\u2022 Materjalide hea \u00fchilduvus, isegi plastide puhul<\/span><\/span><\/h6>\n<h6 class=\"tw-data-text tw-text-large tw-ta\" dir=\"ltr\" data-placeholder=\"T\u00f5lge\" data-ved=\"2ahUKEwiz1IX9qc-LAxXNAhAIHRJRLdwQ3ewLegQIBxAV\" aria-label=\"T\u00f5lgitud tekst: Mullivann \u00fchendab m\u00f5nusa soojas vees suplemise tunde keeruka tehnoloogiaga, mis masseerib spetsiifiliselt keha ja tagab seel\u00e4bi s\u00fcgava l\u00f5dvestuse. LACOFORM mullivannil\u00f5hnadega saab l\u00f5\u00f5gastavast mullivannist elamus k\u00f5ikidele meeltele. Soovitatav annus mullivanni jaoks: umbes 5 ml 1 m\u00b3 veekoguse kohta. Meie mullivannil\u00f5hnad pakuvad terviseteenuse pakkujatele mitmeid eeliseid: \u2022 V\u00e4ga \u00f6konoomne, kuna need on v\u00e4ga kontsentreeritud \u2022 See t\u00e4hendab, et on vaja v\u00e4hem hoiuruumi \u2022 Kassetis ja liivafiltrites pole sadestusi \u2022 V\u00e4hem allergeenid \u2022 Kergesti segunevad mullivannis oleva veega \u2022 Suur ulatus \u2022 Materjalide hea \u00fchilduvus, isegi plastide puhul \u2022 Saab omavahel segada WHIRLPOOL-D WHIRLPOOL-D\"><span class=\"Y2IQFc\" lang=\"et\"><span style=\"color: #000000;\"> \u2022 Saab omavahel segada<\/span><\/span><\/h6>\n","protected":false},"excerpt":{"rendered":"<p>LACOFORM mullivannil\u00f5hnadega saab l\u00f5\u00f5gastavast mullivannist elamus k\u00f5ikidele meeltele. Soovitatav annus mullivanni jaoks: umbes 5 ml 1 m\u00b3 veekoguse kohta. Mullivannil\u00f5hnad pakuvad terviseteenuse pakkujatele mitmeid eeliseid: \u2022 V\u00e4ga \u00f6konoomne, kuna need on v\u00e4ga kontsentreeritud \u2022 See t\u00e4hendab, et on vaja v\u00e4hem hoiuruumi \u2022 Kassetis ja liivafiltrites pole sadestusi \u2022 V\u00e4hem allergeene \u2022 Kergesti segunevad mullivannis oleva [&hellip;]<\/p>\n","protected":false},"featured_media":16067,"comment_status":"open","ping_status":"closed","template":"","meta":{"_acf_changed":false,"_genesis_hide_title":false,"_genesis_hide_breadcrumbs":false,"_genesis_hide_singular_image":false,"_genesis_hide_footer_widgets":false,"_genesis_custom_body_class":"","_genesis_custom_post_class":"","_genesis_layout":""},"product_brand":[],"product_cat":[362],"product_tag":[],"class_list":{"0":"post-16066","1":"product","2":"type-product","3":"status-publish","4":"has-post-thumbnail","6":"product_cat-saunaaroomid-olid","7":"entry","8":"override","10":"first","11":"instock","12":"shipping-taxable","13":"purchasable","14":"product-type-simple"},"acf":[],"_links":{"self":[{"href":"https:\/\/koduspa.ee\/ru\/wp-json\/wp\/v2\/product\/16066","targetHints":{"allow":["GET"]}}],"collection":[{"href":"https:\/\/koduspa.ee\/ru\/wp-json\/wp\/v2\/product"}],"about":[{"href":"https:\/\/koduspa.ee\/ru\/wp-json\/wp\/v2\/types\/product"}],"replies":[{"embeddable":true,"href":"https:\/\/koduspa.ee\/ru\/wp-json\/wp\/v2\/comments?post=16066"}],"wp:featuredmedia":[{"embeddable":true,"href":"https:\/\/koduspa.ee\/ru\/wp-json\/wp\/v2\/media\/16067"}],"wp:attachment":[{"href":"https:\/\/koduspa.ee\/ru\/wp-json\/wp\/v2\/media?parent=16066"}],"wp:term":[{"taxonomy":"product_brand","embeddable":true,"href":"https:\/\/koduspa.ee\/ru\/wp-json\/wp\/v2\/product_brand?post=16066"},{"taxonomy":"product_cat","embeddable":true,"href":"https:\/\/koduspa.ee\/ru\/wp-json\/wp\/v2\/product_cat?post=16066"},{"taxonomy":"product_tag","embeddable":true,"href":"https:\/\/koduspa.ee\/ru\/wp-json\/wp\/v2\/product_tag?post=16066"}],"curies":[{"name":"wp","href":"https:\/\/api.w.org\/{rel}","templated":true}]}}