{"id":16005,"date":"2024-04-10T06:14:02","date_gmt":"2024-04-10T06:14:02","guid":{"rendered":"https:\/\/koduspa.ee\/?post_type=product&#038;p=16005"},"modified":"2024-04-10T06:14:02","modified_gmt":"2024-04-10T06:14:02","slug":"cariitti-signum","status":"publish","type":"product","link":"https:\/\/koduspa.ee\/ru\/pood\/valgustid-ru\/cariitti-signum\/","title":{"rendered":"CARIITTI Signum"},"content":{"rendered":"<h6><span style=\"color: #000000;\">Valgustuse juhtimine mahtuvusliku l\u00fclitiga Signum, <\/span><\/h6>\n<h6><span style=\"color: #000000;\">mis v\u00f5imaldab juhtida tulesid puudutusega. <\/span><\/h6>\n<h6><span style=\"color: #000000;\">Saab asetada seinapaneeli taha, mis v\u00f5imaldab reguleerida sauna valgustust, <\/span><\/h6>\n<h6><span style=\"color: #000000;\">puudutades seinapaneelil m\u00e4rgitud kohta.<\/span><\/h6>\n<h6><span style=\"color: #000000;\">Kiire puudutus l\u00fclitab tuled sisse\/v\u00e4lja ja <\/span><\/h6>\n<h6><span style=\"color: #000000;\">aeglane puudutus muudab tuled tuhmimaks\/heledaks.<\/span><\/h6>\n<h6><span style=\"color: #000000;\">T\u00f6\u00f6tab toiteallikaga\u00a0\u00a0<a style=\"color: #000000;\" href=\"https:\/\/www.cariitti.fi\/en\/products\/power-supplies\/led-power-source-oti-dali-15w150-1050ma\/\" target=\"_blank\" rel=\"noopener noreferrer\">1532296<\/a>\u00a0OTi DALI 15 W\/150mA v\u00f5i juhtseadmega\u00a0<a style=\"color: #000000;\" href=\"https:\/\/www.cariitti.fi\/en\/products\/power-supplies\/ll1-cv-sc\/\" target=\"_blank\" rel=\"noopener noreferrer\">1532346<\/a>\u00a0LL1-CV-SC.<\/span><\/h6>\n<h6><strong><span style=\"color: #000000;\">Juhend:<\/span><\/strong><\/h6>\n<h6><a href=\"https:\/\/www.cariitti.fi\/app\/uploads\/2023\/03\/asennusohje-signum-1516671_e.pdf\"><span style=\"color: #000000;\">https:\/\/www.cariitti.fi\/app\/uploads\/2023\/03\/asennusohje-signum-1516671_e.pdf<\/span><\/a><\/h6>\n","protected":false},"excerpt":{"rendered":"<p>Valgustuse juhtimine mahtuvusliku l\u00fclitiga Signum, mis v\u00f5imaldab juhtida tulesid puudutusega. Saab asetada seinapaneeli taha, mis v\u00f5imaldab reguleerida sauna valgustust, puudutades seinapaneelil m\u00e4rgitud kohta. Kiire puudutus l\u00fclitab tuled sisse\/v\u00e4lja ja aeglane puudutus muudab tuled tuhmimaks\/heledaks. T\u00f6\u00f6tab toiteallikaga\u00a0\u00a01532296\u00a0OTi DALI 15 W\/150mA v\u00f5i juhtseadmega\u00a01532346\u00a0LL1-CV-SC. Juhend: https:\/\/www.cariitti.fi\/app\/uploads\/2023\/03\/asennusohje-signum-1516671_e.pdf<\/p>\n","protected":false},"featured_media":16006,"comment_status":"open","ping_status":"closed","template":"","meta":{"_acf_changed":false,"_genesis_hide_title":false,"_genesis_hide_breadcrumbs":false,"_genesis_hide_singular_image":false,"_genesis_hide_footer_widgets":false,"_genesis_custom_body_class":"","_genesis_custom_post_class":"","_genesis_layout":""},"product_brand":[],"product_cat":[180],"product_tag":[],"class_list":{"0":"post-16005","1":"product","2":"type-product","3":"status-publish","4":"has-post-thumbnail","6":"product_cat-valgustid","7":"entry","8":"override","10":"first","11":"instock","12":"shipping-taxable","13":"purchasable","14":"product-type-simple"},"acf":[],"_links":{"self":[{"href":"https:\/\/koduspa.ee\/ru\/wp-json\/wp\/v2\/product\/16005","targetHints":{"allow":["GET"]}}],"collection":[{"href":"https:\/\/koduspa.ee\/ru\/wp-json\/wp\/v2\/product"}],"about":[{"href":"https:\/\/koduspa.ee\/ru\/wp-json\/wp\/v2\/types\/product"}],"replies":[{"embeddable":true,"href":"https:\/\/koduspa.ee\/ru\/wp-json\/wp\/v2\/comments?post=16005"}],"wp:featuredmedia":[{"embeddable":true,"href":"https:\/\/koduspa.ee\/ru\/wp-json\/wp\/v2\/media\/16006"}],"wp:attachment":[{"href":"https:\/\/koduspa.ee\/ru\/wp-json\/wp\/v2\/media?parent=16005"}],"wp:term":[{"taxonomy":"product_brand","embeddable":true,"href":"https:\/\/koduspa.ee\/ru\/wp-json\/wp\/v2\/product_brand?post=16005"},{"taxonomy":"product_cat","embeddable":true,"href":"https:\/\/koduspa.ee\/ru\/wp-json\/wp\/v2\/product_cat?post=16005"},{"taxonomy":"product_tag","embeddable":true,"href":"https:\/\/koduspa.ee\/ru\/wp-json\/wp\/v2\/product_tag?post=16005"}],"curies":[{"name":"wp","href":"https:\/\/api.w.org\/{rel}","templated":true}]}}