{"id":16003,"date":"2024-04-10T05:48:23","date_gmt":"2024-04-10T05:48:23","guid":{"rendered":"https:\/\/koduspa.ee\/?post_type=product&#038;p=16003"},"modified":"2025-04-23T08:03:36","modified_gmt":"2025-04-23T08:03:36","slug":"cariitti-sauna-ultra-ambient-6m-top","status":"publish","type":"product","link":"https:\/\/koduspa.ee\/ru\/pood\/valgustid-ru\/cariitti-sauna-ultra-ambient-6m-top\/","title":{"rendered":"Sauna Ultra Ambient 6M Top"},"content":{"rendered":"<h6><span style=\"color: #000000;\">Sauna Ultra Ambient LED-ribaga saate valgustada ka k\u00f5ige keerulisemaid objekte. <\/span><\/h6>\n<h6><span style=\"color: #000000;\">Ultra Ambient on loodud v\u00e4ga n\u00f5udlikeks rakendusteks, <\/span><\/h6>\n<h6><span style=\"color: #000000;\">\u00fcmbritseva \u00f5hu temperatuuril -40\u00b0C\u2026+125\u00b0C.<\/span><\/h6>\n<h6><span style=\"color: #000000;\"> Toode on loodud taluma suurtest temperatuurik\u00f5ikumistest tingitud pingeid ja <\/span><\/h6>\n<h6><span style=\"color: #000000;\">tagama suurep\u00e4rase vastupidavuse k\u00f5rgel \u00fcmbritseval temperatuuril.<\/span><\/h6>\n<h6><span style=\"color: #000000;\">Ultra Ambientiga saad luua kauni kaudvalgustuse ka sauna lakke. <\/span><\/h6>\n<h6><span style=\"color: #000000;\">Saadaval on kaks tootevalikut, k\u00fcljelt ja \u00fclevalt valgustav versioon. <\/span><\/h6>\n<h6><span style=\"color: #000000;\">Painduvaid LED-ribasid on v\u00e4ga lihtne paigaldada.<\/span><\/h6>\n<h6><span style=\"color: #000000;\">Toode tarnitakse paigaldusvalmis komplektina. <\/span><\/h6>\n<h6><span style=\"color: #000000;\">LED-riba saab l\u00f5igata ja viimistleda soovitud pikkusega, l\u00f5ikevahe 50 mm.<\/span><\/h6>\n<h6><span style=\"color: #000000;\">Ultra Ambient on rakendatud ka Aspectu ja Eclipse toodete taustvalgustuses.<\/span><\/h6>\n<h6><span style=\"color: #000000;\">Saadaval ka h\u00e4mardatav.<\/span><\/h6>\n<h6><span style=\"color: #000000;\">Lisaks valmiskomplektidele valmistame ka erim\u00f5\u00f5tudega komplekte eritellimusel.<\/span><\/h6>\n<h6><span style=\"color: #000000;\">Vaata esitlust ja paigaldusvideot\u00a0<a style=\"color: #000000;\" href=\"https:\/\/www.youtube.com\/watch?v=leRtYqQf4Yk\">siit<\/a>\u00a0!<\/span><\/h6>\n<h6><span style=\"color: #000000;\">6M Top komplekti kuulub 6-meetrine LED-riba, <\/span><\/h6>\n<h6><span style=\"color: #000000;\">mille m\u00f5lemas otsas on fikseeritud 5-meetrised juhtmed, 2 tk toitekaabli otsakorki, <\/span><\/h6>\n<h6><span style=\"color: #000000;\">2 tk otsakorki, 24 tk kruvidega klambrit, silikoonliim ja <\/span><\/h6>\n<h6><span style=\"color: #000000;\">p\u00fcsipinge toiteallikas (max 36 W ) IP55 korpuses (mitte h\u00e4mardatav).<\/span><\/h6>\n<ul>\n<li>\n<h6><span style=\"color: #000000;\">Valge 2700 K, 3 W\/m, 24 V<\/span><\/h6>\n<\/li>\n<li>\n<h6><span style=\"color: #000000;\">160 lm\/m, 53 lm\/W<\/span><\/h6>\n<\/li>\n<li>\n<h6><span style=\"color: #000000;\">\u00dcmbritsev temperatuur Ta -40\u00b0C\u2026+125 \u00b0C<\/span><\/h6>\n<\/li>\n<li>\n<h6><span style=\"color: #000000;\">Ra &gt; 90<\/span><\/h6>\n<\/li>\n<li>\n<h6><span style=\"color: #000000;\">L\u00f5ikevahemik 50 mm<\/span><\/h6>\n<\/li>\n<li>\n<h6><span style=\"color: #000000;\">Minimaalne painderaadius 30 mm<\/span><\/h6>\n<\/li>\n<li>\n<h6><span style=\"color: #000000;\">P 6000 mm x K 10 mm x L 10 mm<\/span><\/h6>\n<\/li>\n<li>\n<h6><span style=\"color: #000000;\">\u00dchendusjuhtmete pikkus 5 m\u00a0<\/span><\/h6>\n<\/li>\n<li>\n<h6><span style=\"color: #000000;\">Kaabli v\u00e4lismaterjal: silikoon<\/span><\/h6>\n<\/li>\n<li>\n<h6><span style=\"color: #000000;\">Kaabli maksimaalne temperatuuritaluvus +200 \u00b0C<\/span><\/h6>\n<\/li>\n<li>\n<h6><span style=\"color: #000000;\">Silikoonkest temperatuuritaluvus +180 \u00b0C<\/span><\/h6>\n<\/li>\n<li>\n<h6><span style=\"color: #000000;\">Silikooni omadus: ei kollaseks<\/span><\/h6>\n<\/li>\n<li>\n<h6><span style=\"color: #000000;\">IP67<\/span><\/h6>\n<\/li>\n<\/ul>\n<h6><strong><span style=\"color: #000000;\">Juhend:<\/span><\/strong><\/h6>\n<h6><a href=\"https:\/\/www.cariitti.fi\/app\/uploads\/2023\/06\/ultra-ambient_asennusohje_kaikki_kielet.pdf\"><span style=\"color: #000000;\">https:\/\/www.cariitti.fi\/app\/uploads\/2023\/06\/ultra-ambient_asennusohje_kaikki_kielet.pdf<\/span><\/a><\/h6>\n","protected":false},"excerpt":{"rendered":"<p>Sauna Ultra Ambient LED-ribaga saate valgustada ka k\u00f5ige keerulisemaid objekte. Ultra Ambient on loodud v\u00e4ga n\u00f5udlikeks rakendusteks, \u00fcmbritseva \u00f5hu temperatuuril -40\u00b0C\u2026+125\u00b0C. Toode on loodud taluma suurtest temperatuurik\u00f5ikumistest tingitud pingeid ja tagama suurep\u00e4rase vastupidavuse k\u00f5rgel \u00fcmbritseval temperatuuril. Ultra Ambientiga saad luua kauni kaudvalgustuse ka sauna lakke. Saadaval on kaks tootevalikut, k\u00fcljelt ja \u00fclevalt valgustav versioon. Painduvaid [&hellip;]<\/p>\n","protected":false},"featured_media":15993,"comment_status":"open","ping_status":"closed","template":"","meta":{"_acf_changed":false,"_genesis_hide_title":false,"_genesis_hide_breadcrumbs":false,"_genesis_hide_singular_image":false,"_genesis_hide_footer_widgets":false,"_genesis_custom_body_class":"","_genesis_custom_post_class":"","_genesis_layout":""},"product_brand":[],"product_cat":[180],"product_tag":[],"class_list":{"0":"post-16003","1":"product","2":"type-product","3":"status-publish","4":"has-post-thumbnail","6":"product_cat-valgustid","7":"entry","8":"override","10":"first","11":"instock","12":"shipping-taxable","13":"purchasable","14":"product-type-simple"},"acf":[],"_links":{"self":[{"href":"https:\/\/koduspa.ee\/ru\/wp-json\/wp\/v2\/product\/16003","targetHints":{"allow":["GET"]}}],"collection":[{"href":"https:\/\/koduspa.ee\/ru\/wp-json\/wp\/v2\/product"}],"about":[{"href":"https:\/\/koduspa.ee\/ru\/wp-json\/wp\/v2\/types\/product"}],"replies":[{"embeddable":true,"href":"https:\/\/koduspa.ee\/ru\/wp-json\/wp\/v2\/comments?post=16003"}],"wp:featuredmedia":[{"embeddable":true,"href":"https:\/\/koduspa.ee\/ru\/wp-json\/wp\/v2\/media\/15993"}],"wp:attachment":[{"href":"https:\/\/koduspa.ee\/ru\/wp-json\/wp\/v2\/media?parent=16003"}],"wp:term":[{"taxonomy":"product_brand","embeddable":true,"href":"https:\/\/koduspa.ee\/ru\/wp-json\/wp\/v2\/product_brand?post=16003"},{"taxonomy":"product_cat","embeddable":true,"href":"https:\/\/koduspa.ee\/ru\/wp-json\/wp\/v2\/product_cat?post=16003"},{"taxonomy":"product_tag","embeddable":true,"href":"https:\/\/koduspa.ee\/ru\/wp-json\/wp\/v2\/product_tag?post=16003"}],"curies":[{"name":"wp","href":"https:\/\/api.w.org\/{rel}","templated":true}]}}