{"id":15931,"date":"2024-04-08T09:38:30","date_gmt":"2024-04-08T09:38:30","guid":{"rendered":"https:\/\/koduspa.ee\/?post_type=product&#038;p=15931"},"modified":"2024-04-08T10:11:10","modified_gmt":"2024-04-08T10:11:10","slug":"tylo-klaassein-9l-762x1781-pronks","status":"publish","type":"product","link":"https:\/\/koduspa.ee\/ru\/pood\/klaasseinad\/tylo-klaassein-9l-762x1781-pronks\/","title":{"rendered":"TYL\u00d6 KLAASSEIN 9L 762X1781 PRONKS M\u00c4ND"},"content":{"rendered":"<div class=\"row ng-star-inserted\">\n<div class=\"col-12\">\n<h6 class=\"mb-0\"><span style=\"font-size: 16px; color: #000000;\">M\u00f5\u00f5duga 762x1781x92mm pronksiv\u00e4rvi klaas,<\/span><\/h6>\n<h6 class=\"mb-0\"><span style=\"font-size: 16px; color: #000000;\">8mm karastatud turvaklaasist,<\/span><\/h6>\n<h6 class=\"mb-0\"><span style=\"font-size: 16px; color: #000000;\">raam m\u00e4nnipuidust. <\/span><\/h6>\n<h6 class=\"mb-0\"><span style=\"font-size: 16px; color: #000000;\">Juhend:<\/span><\/h6>\n<p><a href=\"https:\/\/s3-eu-west-1.amazonaws.com\/gung-images-bucket-ireland\/tylo\/pim-item\/95113801\/2900%204265%20Glass%20Wall.pdf\">https:\/\/s3-eu-west-1.amazonaws.com\/gung-images-bucket-ireland\/tylo\/pim-item\/95113801\/2900%204265%20Glass%20Wall.pdf<\/a><\/p>\n<\/div>\n<\/div>\n","protected":false},"excerpt":{"rendered":"<p>M\u00f5\u00f5duga 762x1781x92mm pronksiv\u00e4rvi klaas, 8mm karastatud turvaklaasist, raam m\u00e4nnipuidust. Juhend: https:\/\/s3-eu-west-1.amazonaws.com\/gung-images-bucket-ireland\/tylo\/pim-item\/95113801\/2900%204265%20Glass%20Wall.pdf<\/p>\n","protected":false},"featured_media":15932,"comment_status":"open","ping_status":"closed","template":"","meta":{"_acf_changed":false,"_genesis_hide_title":false,"_genesis_hide_breadcrumbs":false,"_genesis_hide_singular_image":false,"_genesis_hide_footer_widgets":false,"_genesis_custom_body_class":"","_genesis_custom_post_class":"","_genesis_layout":""},"product_brand":[],"product_cat":[370],"product_tag":[],"class_list":{"0":"post-15931","1":"product","2":"type-product","3":"status-publish","4":"has-post-thumbnail","6":"product_cat-klaasseinad","7":"entry","8":"override","10":"first","11":"instock","12":"shipping-taxable","13":"purchasable","14":"product-type-simple"},"acf":[],"_links":{"self":[{"href":"https:\/\/koduspa.ee\/ru\/wp-json\/wp\/v2\/product\/15931","targetHints":{"allow":["GET"]}}],"collection":[{"href":"https:\/\/koduspa.ee\/ru\/wp-json\/wp\/v2\/product"}],"about":[{"href":"https:\/\/koduspa.ee\/ru\/wp-json\/wp\/v2\/types\/product"}],"replies":[{"embeddable":true,"href":"https:\/\/koduspa.ee\/ru\/wp-json\/wp\/v2\/comments?post=15931"}],"wp:featuredmedia":[{"embeddable":true,"href":"https:\/\/koduspa.ee\/ru\/wp-json\/wp\/v2\/media\/15932"}],"wp:attachment":[{"href":"https:\/\/koduspa.ee\/ru\/wp-json\/wp\/v2\/media?parent=15931"}],"wp:term":[{"taxonomy":"product_brand","embeddable":true,"href":"https:\/\/koduspa.ee\/ru\/wp-json\/wp\/v2\/product_brand?post=15931"},{"taxonomy":"product_cat","embeddable":true,"href":"https:\/\/koduspa.ee\/ru\/wp-json\/wp\/v2\/product_cat?post=15931"},{"taxonomy":"product_tag","embeddable":true,"href":"https:\/\/koduspa.ee\/ru\/wp-json\/wp\/v2\/product_tag?post=15931"}],"curies":[{"name":"wp","href":"https:\/\/api.w.org\/{rel}","templated":true}]}}