{"id":15515,"date":"2024-04-03T12:13:47","date_gmt":"2024-04-03T12:13:47","guid":{"rendered":"https:\/\/koduspa.ee\/?post_type=product&#038;p=15515"},"modified":"2025-04-23T05:36:59","modified_gmt":"2025-04-23T05:36:59","slug":"cariitti-sauna-hygromeeter-valgusega-sq-valge","status":"publish","type":"product","link":"https:\/\/koduspa.ee\/ru\/pood\/aksessuaarid-ru\/cariitti-sauna-hygromeeter-valgusega-sq-valge\/","title":{"rendered":"CARIITTI Sauna hygromeeter valgusega SQ valge"},"content":{"rendered":"<h6><span style=\"color: #000000;\">Ruudukujuline hygromeeter on valmistatud satiinviimistlusega klaasist ja<\/span><\/h6>\n<h6><span style=\"color: #000000;\"> poleeritud roostevabast terasest.<\/span><\/h6>\n<h6><span style=\"color: #000000;\"> Arvestit valgustab \u00fcks LED v\u00f5i \u00fcksik 2-4 mm kiud.<\/span><\/p>\n<p><span style=\"color: #000000;\">Niiskusm\u00f5\u00f5tur paigaldatakse vooderdamise k\u00e4igus.<\/span><\/h6>\n<h6><span style=\"color: #000000;\"> Arvesti suurus on 120&#215;120 mm ja keelek\u00fcmbluss\u00fcgavus 40 mm. <\/span><\/h6>\n<h6><span style=\"color: #000000;\">Eend seinapinnast 20 mm. <\/span><\/h6>\n<h6><span style=\"color: #000000;\">Kinnitub seinapaneelile kolme kaasasoleva roostevabast terasest kruviga.<\/span><\/h6>\n<h6><span style=\"color: #000000;\">Juhend:<\/span><\/h6>\n<p><a href=\"https:\/\/www.cariitti.fi\/app\/uploads\/2020\/05\/asennusohje-lampo-ja-kosteusmittarit-1.pdf\">https:\/\/www.cariitti.fi\/app\/uploads\/2020\/05\/asennusohje-lampo-ja-kosteusmittarit-1.pdf<\/a><\/p>\n","protected":false},"excerpt":{"rendered":"<p>Ruudukujuline hygromeeter on valmistatud satiinviimistlusega klaasist ja poleeritud roostevabast terasest. Arvestit valgustab \u00fcks LED v\u00f5i \u00fcksik 2-4 mm kiud. Niiskusm\u00f5\u00f5tur paigaldatakse vooderdamise k\u00e4igus. Arvesti suurus on 120&#215;120 mm ja keelek\u00fcmbluss\u00fcgavus 40 mm. Eend seinapinnast 20 mm. Kinnitub seinapaneelile kolme kaasasoleva roostevabast terasest kruviga. Juhend: https:\/\/www.cariitti.fi\/app\/uploads\/2020\/05\/asennusohje-lampo-ja-kosteusmittarit-1.pdf<\/p>\n","protected":false},"featured_media":15516,"comment_status":"open","ping_status":"closed","template":"","meta":{"_acf_changed":false,"_genesis_hide_title":false,"_genesis_hide_breadcrumbs":false,"_genesis_hide_singular_image":false,"_genesis_hide_footer_widgets":false,"_genesis_custom_body_class":"","_genesis_custom_post_class":"","_genesis_layout":""},"product_brand":[],"product_cat":[184],"product_tag":[],"class_list":{"0":"post-15515","1":"product","2":"type-product","3":"status-publish","4":"has-post-thumbnail","6":"product_cat-aksessuaarid","7":"entry","8":"override","10":"first","11":"instock","12":"shipping-taxable","13":"purchasable","14":"product-type-simple"},"acf":[],"_links":{"self":[{"href":"https:\/\/koduspa.ee\/ru\/wp-json\/wp\/v2\/product\/15515","targetHints":{"allow":["GET"]}}],"collection":[{"href":"https:\/\/koduspa.ee\/ru\/wp-json\/wp\/v2\/product"}],"about":[{"href":"https:\/\/koduspa.ee\/ru\/wp-json\/wp\/v2\/types\/product"}],"replies":[{"embeddable":true,"href":"https:\/\/koduspa.ee\/ru\/wp-json\/wp\/v2\/comments?post=15515"}],"wp:featuredmedia":[{"embeddable":true,"href":"https:\/\/koduspa.ee\/ru\/wp-json\/wp\/v2\/media\/15516"}],"wp:attachment":[{"href":"https:\/\/koduspa.ee\/ru\/wp-json\/wp\/v2\/media?parent=15515"}],"wp:term":[{"taxonomy":"product_brand","embeddable":true,"href":"https:\/\/koduspa.ee\/ru\/wp-json\/wp\/v2\/product_brand?post=15515"},{"taxonomy":"product_cat","embeddable":true,"href":"https:\/\/koduspa.ee\/ru\/wp-json\/wp\/v2\/product_cat?post=15515"},{"taxonomy":"product_tag","embeddable":true,"href":"https:\/\/koduspa.ee\/ru\/wp-json\/wp\/v2\/product_tag?post=15515"}],"curies":[{"name":"wp","href":"https:\/\/api.w.org\/{rel}","templated":true}]}}