{"id":15507,"date":"2024-04-03T12:06:33","date_gmt":"2024-04-03T12:06:33","guid":{"rendered":"https:\/\/koduspa.ee\/?post_type=product&#038;p=15507"},"modified":"2025-04-23T05:45:25","modified_gmt":"2025-04-23T05:45:25","slug":"cariitti-sauna-termomeeter-valgustusega-sq-must","status":"publish","type":"product","link":"https:\/\/koduspa.ee\/ru\/pood\/aksessuaarid-ru\/cariitti-sauna-termomeeter-valgustusega-sq-must\/","title":{"rendered":"CARIITTI Sauna termomeeter valgustusega SQ must"},"content":{"rendered":"<h6><span style=\"color: #000000;\">Ruudukujuline saunatermomeeter on valmistatud mattklaasist ja <\/span><\/h6>\n<h6><span style=\"color: #000000;\">lihvitud esimesest skaalast. <\/span><\/h6>\n<h6><span style=\"color: #000000;\">Valgustuse jaoks on vaja kas \u00fchte LED-i v\u00f5i \u00fchte 2-4 mm kiudu.<\/span><\/h6>\n<h6><span style=\"color: #000000;\">M\u00f5\u00f5tja suurus on 120\u00d7120 mm ja s\u00fcgavus 40 mm,<\/span><\/h6>\n<h6><span style=\"color: #000000;\"> seinapinnast 20 mm. <\/span><\/h6>\n<h6><span style=\"color: #000000;\">Kinnitub seinapaneelile kolme kaasasoleva esimese kruviga.<\/span><\/h6>\n<h6><span style=\"color: #000000;\">Juhend:<\/span><\/h6>\n<p><a href=\"https:\/\/www.cariitti.fi\/app\/uploads\/2020\/05\/asennusohje-lampo-ja-kosteusmittarit-1-1.pdf\">https:\/\/www.cariitti.fi\/app\/uploads\/2020\/05\/asennusohje-lampo-ja-kosteusmittarit-1-1.pdf<\/a><\/p>\n","protected":false},"excerpt":{"rendered":"<p>Ruudukujuline saunatermomeeter on valmistatud mattklaasist ja lihvitud esimesest skaalast. Valgustuse jaoks on vaja kas \u00fchte LED-i v\u00f5i \u00fchte 2-4 mm kiudu. M\u00f5\u00f5tja suurus on 120\u00d7120 mm ja s\u00fcgavus 40 mm, seinapinnast 20 mm. Kinnitub seinapaneelile kolme kaasasoleva esimese kruviga. Juhend: https:\/\/www.cariitti.fi\/app\/uploads\/2020\/05\/asennusohje-lampo-ja-kosteusmittarit-1-1.pdf<\/p>\n","protected":false},"featured_media":15508,"comment_status":"open","ping_status":"closed","template":"","meta":{"_acf_changed":false,"_genesis_hide_title":false,"_genesis_hide_breadcrumbs":false,"_genesis_hide_singular_image":false,"_genesis_hide_footer_widgets":false,"_genesis_custom_body_class":"","_genesis_custom_post_class":"","_genesis_layout":""},"product_brand":[],"product_cat":[184],"product_tag":[],"class_list":{"0":"post-15507","1":"product","2":"type-product","3":"status-publish","4":"has-post-thumbnail","6":"product_cat-aksessuaarid","7":"entry","8":"override","10":"first","11":"instock","12":"shipping-taxable","13":"purchasable","14":"product-type-simple"},"acf":[],"_links":{"self":[{"href":"https:\/\/koduspa.ee\/ru\/wp-json\/wp\/v2\/product\/15507","targetHints":{"allow":["GET"]}}],"collection":[{"href":"https:\/\/koduspa.ee\/ru\/wp-json\/wp\/v2\/product"}],"about":[{"href":"https:\/\/koduspa.ee\/ru\/wp-json\/wp\/v2\/types\/product"}],"replies":[{"embeddable":true,"href":"https:\/\/koduspa.ee\/ru\/wp-json\/wp\/v2\/comments?post=15507"}],"wp:featuredmedia":[{"embeddable":true,"href":"https:\/\/koduspa.ee\/ru\/wp-json\/wp\/v2\/media\/15508"}],"wp:attachment":[{"href":"https:\/\/koduspa.ee\/ru\/wp-json\/wp\/v2\/media?parent=15507"}],"wp:term":[{"taxonomy":"product_brand","embeddable":true,"href":"https:\/\/koduspa.ee\/ru\/wp-json\/wp\/v2\/product_brand?post=15507"},{"taxonomy":"product_cat","embeddable":true,"href":"https:\/\/koduspa.ee\/ru\/wp-json\/wp\/v2\/product_cat?post=15507"},{"taxonomy":"product_tag","embeddable":true,"href":"https:\/\/koduspa.ee\/ru\/wp-json\/wp\/v2\/product_tag?post=15507"}],"curies":[{"name":"wp","href":"https:\/\/api.w.org\/{rel}","templated":true}]}}