{"id":15295,"date":"2024-03-27T12:21:30","date_gmt":"2024-03-27T12:21:30","guid":{"rendered":"https:\/\/koduspa.ee\/?post_type=product&#038;p=15295"},"modified":"2025-04-23T06:12:40","modified_gmt":"2025-04-23T06:12:40","slug":"cariitti-arctic-sky-rgbw","status":"publish","type":"product","link":"https:\/\/koduspa.ee\/ru\/pood\/valgustid-ru\/cariitti-arctic-sky-rgbw\/","title":{"rendered":"ARCTIC SKY RGBW"},"content":{"rendered":"<h6><span style=\"color: #000000;\">Purustatud klaaselement 500 x 500 x 30 mm. See on nagu tahvel. <\/span><\/h6>\n<h6><span style=\"color: #000000;\">T\u00f5eliselt ilus teraapiline element, mille olemust on kerge valgusega muuta. <\/span><\/h6>\n<h6><span style=\"color: #000000;\">Saate paigutada mitu elementi \u00fcksteise peale v\u00f5i k\u00f5rvuti.<\/span><\/h6>\n<ul>\n<li>\n<h6><span style=\"color: #000000;\">RGBW 2,5 W\/200 mA<\/span><\/h6>\n<\/li>\n<li>\n<h6><span style=\"color: #000000;\">Seeria\u00fchendus<\/span><\/h6>\n<\/li>\n<li>\n<h6><span style=\"color: #000000;\">IP44<\/span><\/h6>\n<\/li>\n<li>\n<h6><span style=\"color: #000000;\">Toiteplokk eraldi tellimisel,\u00a0\u00a01532495\u00a0,\u00a0\u00a01532590<\/span><\/h6>\n<\/li>\n<\/ul>\n<h6><span style=\"color: #000000;\">Ei saa paigaldada sauna, sobib sauna eesruumi.<\/span><\/h6>\n","protected":false},"excerpt":{"rendered":"<p>Purustatud klaaselement 500 x 500 x 30 mm. See on nagu tahvel. T\u00f5eliselt ilus teraapiline element, mille olemust on kerge valgusega muuta. Saate paigutada mitu elementi \u00fcksteise peale v\u00f5i k\u00f5rvuti. RGBW 2,5 W\/200 mA Seeria\u00fchendus IP44 Toiteplokk eraldi tellimisel,\u00a0\u00a01532495\u00a0,\u00a0\u00a01532590 Ei saa paigaldada sauna, sobib sauna eesruumi.<\/p>\n","protected":false},"featured_media":15296,"comment_status":"open","ping_status":"closed","template":"","meta":{"_acf_changed":false,"_genesis_hide_title":false,"_genesis_hide_breadcrumbs":false,"_genesis_hide_singular_image":false,"_genesis_hide_footer_widgets":false,"_genesis_custom_body_class":"","_genesis_custom_post_class":"","_genesis_layout":""},"product_brand":[],"product_cat":[180],"product_tag":[],"class_list":{"0":"post-15295","1":"product","2":"type-product","3":"status-publish","4":"has-post-thumbnail","6":"product_cat-valgustid","7":"entry","8":"override","10":"first","11":"instock","12":"shipping-taxable","13":"purchasable","14":"product-type-simple"},"acf":[],"_links":{"self":[{"href":"https:\/\/koduspa.ee\/ru\/wp-json\/wp\/v2\/product\/15295","targetHints":{"allow":["GET"]}}],"collection":[{"href":"https:\/\/koduspa.ee\/ru\/wp-json\/wp\/v2\/product"}],"about":[{"href":"https:\/\/koduspa.ee\/ru\/wp-json\/wp\/v2\/types\/product"}],"replies":[{"embeddable":true,"href":"https:\/\/koduspa.ee\/ru\/wp-json\/wp\/v2\/comments?post=15295"}],"wp:featuredmedia":[{"embeddable":true,"href":"https:\/\/koduspa.ee\/ru\/wp-json\/wp\/v2\/media\/15296"}],"wp:attachment":[{"href":"https:\/\/koduspa.ee\/ru\/wp-json\/wp\/v2\/media?parent=15295"}],"wp:term":[{"taxonomy":"product_brand","embeddable":true,"href":"https:\/\/koduspa.ee\/ru\/wp-json\/wp\/v2\/product_brand?post=15295"},{"taxonomy":"product_cat","embeddable":true,"href":"https:\/\/koduspa.ee\/ru\/wp-json\/wp\/v2\/product_cat?post=15295"},{"taxonomy":"product_tag","embeddable":true,"href":"https:\/\/koduspa.ee\/ru\/wp-json\/wp\/v2\/product_tag?post=15295"}],"curies":[{"name":"wp","href":"https:\/\/api.w.org\/{rel}","templated":true}]}}