{"id":15215,"date":"2024-03-27T10:15:57","date_gmt":"2024-03-27T10:15:57","guid":{"rendered":"https:\/\/koduspa.ee\/?post_type=product&#038;p=15215"},"modified":"2025-04-23T06:37:15","modified_gmt":"2025-04-23T06:37:15","slug":"cariitti-cr-30-kristallid-3-osaline","status":"publish","type":"product","link":"https:\/\/koduspa.ee\/ru\/pood\/valgustid-ru\/cariitti-cr-30-kristallid-3-osaline\/","title":{"rendered":"CR-30 kristallid XL (3-osaline)"},"content":{"rendered":"<h6><span style=\"color: #000000;\">Sobib kasutamiseks IP67 LED komplektidega.<\/span><\/h6>\n<h6><span style=\"color: #000000;\"> CR-30 kinnitusava l\u00e4bim\u00f5\u00f5t \u00f8 14 mm\u00a0 ja v\u00e4lisl\u00e4bim\u00f5\u00f5t \u00f8 30 mm.<\/span><\/h6>\n<h6><span style=\"color: #000000;\">Sisaldab 3 CR-30 kristalli.<\/span><\/h6>\n<h6><span style=\"color: #000000;\">M\u00f6\u00f6bli paigaldamiseks on vaja 10 \u2013 15 mm vaba ruumi lae v\u00f5i seinapinna taga.<\/span><\/h6>\n<h6><span style=\"color: #000000;\">Juhend:<\/span><\/h6>\n<p><a href=\"https:\/\/www.cariitti.fi\/app\/uploads\/2017\/11\/kalusteet2022cr-30.pdf\">https:\/\/www.cariitti.fi\/app\/uploads\/2017\/11\/kalusteet2022cr-30.pdf<\/a><\/p>\n","protected":false},"excerpt":{"rendered":"<p>Sobib kasutamiseks IP67 LED komplektidega. CR-30 kinnitusava l\u00e4bim\u00f5\u00f5t \u00f8 14 mm\u00a0 ja v\u00e4lisl\u00e4bim\u00f5\u00f5t \u00f8 30 mm. Sisaldab 3 CR-30 kristalli. M\u00f6\u00f6bli paigaldamiseks on vaja 10 \u2013 15 mm vaba ruumi lae v\u00f5i seinapinna taga. Juhend: https:\/\/www.cariitti.fi\/app\/uploads\/2017\/11\/kalusteet2022cr-30.pdf<\/p>\n","protected":false},"featured_media":15216,"comment_status":"open","ping_status":"closed","template":"","meta":{"_acf_changed":false,"_genesis_hide_title":false,"_genesis_hide_breadcrumbs":false,"_genesis_hide_singular_image":false,"_genesis_hide_footer_widgets":false,"_genesis_custom_body_class":"","_genesis_custom_post_class":"","_genesis_layout":""},"product_brand":[],"product_cat":[180],"product_tag":[],"class_list":{"0":"post-15215","1":"product","2":"type-product","3":"status-publish","4":"has-post-thumbnail","6":"product_cat-valgustid","7":"entry","8":"override","10":"first","11":"instock","12":"shipping-taxable","13":"purchasable","14":"product-type-simple"},"acf":[],"_links":{"self":[{"href":"https:\/\/koduspa.ee\/ru\/wp-json\/wp\/v2\/product\/15215","targetHints":{"allow":["GET"]}}],"collection":[{"href":"https:\/\/koduspa.ee\/ru\/wp-json\/wp\/v2\/product"}],"about":[{"href":"https:\/\/koduspa.ee\/ru\/wp-json\/wp\/v2\/types\/product"}],"replies":[{"embeddable":true,"href":"https:\/\/koduspa.ee\/ru\/wp-json\/wp\/v2\/comments?post=15215"}],"wp:featuredmedia":[{"embeddable":true,"href":"https:\/\/koduspa.ee\/ru\/wp-json\/wp\/v2\/media\/15216"}],"wp:attachment":[{"href":"https:\/\/koduspa.ee\/ru\/wp-json\/wp\/v2\/media?parent=15215"}],"wp:term":[{"taxonomy":"product_brand","embeddable":true,"href":"https:\/\/koduspa.ee\/ru\/wp-json\/wp\/v2\/product_brand?post=15215"},{"taxonomy":"product_cat","embeddable":true,"href":"https:\/\/koduspa.ee\/ru\/wp-json\/wp\/v2\/product_cat?post=15215"},{"taxonomy":"product_tag","embeddable":true,"href":"https:\/\/koduspa.ee\/ru\/wp-json\/wp\/v2\/product_tag?post=15215"}],"curies":[{"name":"wp","href":"https:\/\/api.w.org\/{rel}","templated":true}]}}