{"id":15208,"date":"2024-03-27T10:06:23","date_gmt":"2024-03-27T10:06:23","guid":{"rendered":"https:\/\/koduspa.ee\/?post_type=product&#038;p=15208"},"modified":"2025-04-23T06:11:18","modified_gmt":"2025-04-23T06:11:18","slug":"cariitti-akruulvardaga-lamp","status":"publish","type":"product","link":"https:\/\/koduspa.ee\/ru\/pood\/valgustid-ru\/cariitti-akruulvardaga-lamp\/","title":{"rendered":"Akr\u00fc\u00fclvardaga lamp TORCH"},"content":{"rendered":"<h6><span style=\"color: #000000;\">Akr\u00fc\u00fclvardaga lampa sobib suurep\u00e4raselt leiliruumi valgustamiseks.<\/span><\/h6>\n<h6><span style=\"color: #000000;\"> Akr\u00fc\u00fclpulga t\u00f5ttu ei tohiks seda lampi aurusauna paigaldada.<\/span><\/h6>\n<h6><span style=\"color: #000000;\">Saab valgustada fiiber- v\u00f5i LED-iga. <\/span><\/h6>\n<h6><span style=\"color: #000000;\">Kiudvalgustamisel soovitatav kiud \u00d8 2-4 mm ja LED-iga 1 Cariitti LED.<\/span><\/h6>\n<h6><span style=\"color: #000000;\">Materjal: raam AISI 304, akr\u00fc\u00fclvarras ja satiinklaas.<\/span><\/h6>\n<h6><span style=\"color: #000000;\">M\u00f5\u00f5dud: 175 x 83 x 43 mm<\/span><\/h6>\n","protected":false},"excerpt":{"rendered":"<p>Akr\u00fc\u00fclvardaga lampa sobib suurep\u00e4raselt leiliruumi valgustamiseks. Akr\u00fc\u00fclpulga t\u00f5ttu ei tohiks seda lampi aurusauna paigaldada. Saab valgustada fiiber- v\u00f5i LED-iga. Kiudvalgustamisel soovitatav kiud \u00d8 2-4 mm ja LED-iga 1 Cariitti LED. Materjal: raam AISI 304, akr\u00fc\u00fclvarras ja satiinklaas. M\u00f5\u00f5dud: 175 x 83 x 43 mm<\/p>\n","protected":false},"featured_media":15212,"comment_status":"open","ping_status":"closed","template":"","meta":{"_acf_changed":false,"_genesis_hide_title":false,"_genesis_hide_breadcrumbs":false,"_genesis_hide_singular_image":false,"_genesis_hide_footer_widgets":false,"_genesis_custom_body_class":"","_genesis_custom_post_class":"","_genesis_layout":""},"product_brand":[],"product_cat":[180],"product_tag":[],"class_list":{"0":"post-15208","1":"product","2":"type-product","3":"status-publish","4":"has-post-thumbnail","6":"product_cat-valgustid","7":"entry","8":"override","10":"first","11":"instock","12":"shipping-taxable","13":"purchasable","14":"product-type-simple"},"acf":[],"_links":{"self":[{"href":"https:\/\/koduspa.ee\/ru\/wp-json\/wp\/v2\/product\/15208","targetHints":{"allow":["GET"]}}],"collection":[{"href":"https:\/\/koduspa.ee\/ru\/wp-json\/wp\/v2\/product"}],"about":[{"href":"https:\/\/koduspa.ee\/ru\/wp-json\/wp\/v2\/types\/product"}],"replies":[{"embeddable":true,"href":"https:\/\/koduspa.ee\/ru\/wp-json\/wp\/v2\/comments?post=15208"}],"wp:featuredmedia":[{"embeddable":true,"href":"https:\/\/koduspa.ee\/ru\/wp-json\/wp\/v2\/media\/15212"}],"wp:attachment":[{"href":"https:\/\/koduspa.ee\/ru\/wp-json\/wp\/v2\/media?parent=15208"}],"wp:term":[{"taxonomy":"product_brand","embeddable":true,"href":"https:\/\/koduspa.ee\/ru\/wp-json\/wp\/v2\/product_brand?post=15208"},{"taxonomy":"product_cat","embeddable":true,"href":"https:\/\/koduspa.ee\/ru\/wp-json\/wp\/v2\/product_cat?post=15208"},{"taxonomy":"product_tag","embeddable":true,"href":"https:\/\/koduspa.ee\/ru\/wp-json\/wp\/v2\/product_tag?post=15208"}],"curies":[{"name":"wp","href":"https:\/\/api.w.org\/{rel}","templated":true}]}}