{"id":15198,"date":"2024-03-27T09:57:54","date_gmt":"2024-03-27T09:57:54","guid":{"rendered":"https:\/\/koduspa.ee\/?post_type=product&#038;p=15198"},"modified":"2025-04-23T08:49:37","modified_gmt":"2025-04-23T08:49:37","slug":"cariitti-sy-sq-seinavalgusti","status":"publish","type":"product","link":"https:\/\/koduspa.ee\/ru\/pood\/valgustid-ru\/cariitti-sy-sq-seinavalgusti\/","title":{"rendered":"SY SQ seinavalgusti"},"content":{"rendered":"<h6><span style=\"color: #000000;\">Aurusaunades enimkasutatav lamp, mis valgustab \u00fches suunas. S<\/span><\/h6>\n<h6><span style=\"color: #000000;\">aab paigaldada nii \u00fcles- kui ka allapoole valgustamiseks.<\/span><\/h6>\n<h6><span style=\"color: #000000;\">Sobib kasutamiseks fiiber- v\u00f5i LED-iga. <\/span><\/h6>\n<h6><span style=\"color: #000000;\">Fiiberiga valgustamisel on soovitatav kiud 1 tk \u00d8 4 mm ja LED-idega 1 tk Cariitti led.<\/span><\/h6>\n<h6><span style=\"color: #000000;\">Materjal roostevaba teras (Aisi 304) v\u00f5i kuld\u00a0<\/span><\/h6>\n<h6><span style=\"color: #000000;\">Juhend:<\/span><\/h6>\n<p><a href=\"https:\/\/www.cariitti.fi\/app\/uploads\/2018\/02\/sy_sy-sq-1545030_1545032_1545075_1545076-1.pdf\">https:\/\/www.cariitti.fi\/app\/uploads\/2018\/02\/sy_sy-sq-1545030_1545032_1545075_1545076-1.pdf<\/a><\/p>\n","protected":false},"excerpt":{"rendered":"<p>Aurusaunades enimkasutatav lamp, mis valgustab \u00fches suunas. S aab paigaldada nii \u00fcles- kui ka allapoole valgustamiseks. Sobib kasutamiseks fiiber- v\u00f5i LED-iga. Fiiberiga valgustamisel on soovitatav kiud 1 tk \u00d8 4 mm ja LED-idega 1 tk Cariitti led. Materjal roostevaba teras (Aisi 304) v\u00f5i kuld\u00a0 Juhend: https:\/\/www.cariitti.fi\/app\/uploads\/2018\/02\/sy_sy-sq-1545030_1545032_1545075_1545076-1.pdf<\/p>\n","protected":false},"featured_media":15199,"comment_status":"open","ping_status":"closed","template":"","meta":{"_acf_changed":false,"_genesis_hide_title":false,"_genesis_hide_breadcrumbs":false,"_genesis_hide_singular_image":false,"_genesis_hide_footer_widgets":false,"_genesis_custom_body_class":"","_genesis_custom_post_class":"","_genesis_layout":""},"product_brand":[],"product_cat":[180],"product_tag":[],"class_list":{"0":"post-15198","1":"product","2":"type-product","3":"status-publish","4":"has-post-thumbnail","6":"product_cat-valgustid","7":"entry","8":"override","10":"first","11":"instock","12":"shipping-taxable","13":"product-type-variable"},"acf":[],"_links":{"self":[{"href":"https:\/\/koduspa.ee\/ru\/wp-json\/wp\/v2\/product\/15198","targetHints":{"allow":["GET"]}}],"collection":[{"href":"https:\/\/koduspa.ee\/ru\/wp-json\/wp\/v2\/product"}],"about":[{"href":"https:\/\/koduspa.ee\/ru\/wp-json\/wp\/v2\/types\/product"}],"replies":[{"embeddable":true,"href":"https:\/\/koduspa.ee\/ru\/wp-json\/wp\/v2\/comments?post=15198"}],"wp:featuredmedia":[{"embeddable":true,"href":"https:\/\/koduspa.ee\/ru\/wp-json\/wp\/v2\/media\/15199"}],"wp:attachment":[{"href":"https:\/\/koduspa.ee\/ru\/wp-json\/wp\/v2\/media?parent=15198"}],"wp:term":[{"taxonomy":"product_brand","embeddable":true,"href":"https:\/\/koduspa.ee\/ru\/wp-json\/wp\/v2\/product_brand?post=15198"},{"taxonomy":"product_cat","embeddable":true,"href":"https:\/\/koduspa.ee\/ru\/wp-json\/wp\/v2\/product_cat?post=15198"},{"taxonomy":"product_tag","embeddable":true,"href":"https:\/\/koduspa.ee\/ru\/wp-json\/wp\/v2\/product_tag?post=15198"}],"curies":[{"name":"wp","href":"https:\/\/api.w.org\/{rel}","templated":true}]}}