{"id":15162,"date":"2024-03-27T09:03:56","date_gmt":"2024-03-27T09:03:56","guid":{"rendered":"https:\/\/koduspa.ee\/?post_type=product&#038;p=15162"},"modified":"2025-04-23T07:45:56","modified_gmt":"2025-04-23T07:45:56","slug":"cariitti-s-paver-rgbw-3200-led-aurusauna-basseinile","status":"publish","type":"product","link":"https:\/\/koduspa.ee\/ru\/pood\/valgustid-ru\/cariitti-s-paver-rgbw-3200-led-aurusauna-basseinile\/","title":{"rendered":"Aurusauna-\/basseinile S-Paver 3200 LED"},"content":{"rendered":"<div class=\"woocommerce-product-details__short-description\">\n<h6><span style=\"color: #000000;\">Valgusallikaks on 1W \u2013 350mA SMD led.<\/span><\/h6>\n<h6><span style=\"color: #000000;\">Lamp on varustatud nii l\u00e4bipaistva kui ka valgust hajutava satiinl\u00e4\u00e4tsega.<\/span><\/h6>\n<\/div>\n<h6><span style=\"color: #000000;\">Led S-Paver lamp on valmistatud happekindlast terasest (AISI 316L).<\/span><\/h6>\n<h6><span style=\"color: #000000;\">Sobib kasutamiseks v\u00e4litingimustes ja vee all.<\/span><\/h6>\n<h6><span style=\"color: #000000;\">Populaarsed kasutusalad on \u00f5ueteed, aurusaunad,<\/span><\/h6>\n<h6><span style=\"color: #000000;\">mullivannid ja basseinid.<\/span><\/h6>\n<h6><span style=\"color: #000000;\">\u00a0Lamp on varustatud nii l\u00e4bipaistva l\u00e4\u00e4tse kui<\/span><\/h6>\n<h6><span style=\"color: #000000;\">ka valgust hajutava satiinl\u00e4\u00e4tsega.<\/span><\/h6>\n<h6><span style=\"color: #000000;\">Lamp on varustatud 5 m \u00fchenduskaabliga. IP 68.<\/span><\/h6>\n<h6><span style=\"color: #000000;\">M\u00e4rkus! Ainult seeria\u00fchendus.<\/span><\/h6>\n","protected":false},"excerpt":{"rendered":"<p>Valgusallikaks on 1W \u2013 350mA SMD led. Lamp on varustatud nii l\u00e4bipaistva kui ka valgust hajutava satiinl\u00e4\u00e4tsega. Led S-Paver lamp on valmistatud happekindlast terasest (AISI 316L). Sobib kasutamiseks v\u00e4litingimustes ja vee all. Populaarsed kasutusalad on \u00f5ueteed, aurusaunad, mullivannid ja basseinid. \u00a0Lamp on varustatud nii l\u00e4bipaistva l\u00e4\u00e4tse kui ka valgust hajutava satiinl\u00e4\u00e4tsega. Lamp on varustatud 5 [&hellip;]<\/p>\n","protected":false},"featured_media":15166,"comment_status":"open","ping_status":"closed","template":"","meta":{"_acf_changed":false,"_genesis_hide_title":false,"_genesis_hide_breadcrumbs":false,"_genesis_hide_singular_image":false,"_genesis_hide_footer_widgets":false,"_genesis_custom_body_class":"","_genesis_custom_post_class":"","_genesis_layout":""},"product_brand":[],"product_cat":[180],"product_tag":[],"class_list":{"0":"post-15162","1":"product","2":"type-product","3":"status-publish","4":"has-post-thumbnail","6":"product_cat-valgustid","7":"entry","8":"override","10":"first","11":"instock","12":"shipping-taxable","13":"purchasable","14":"product-type-simple"},"acf":[],"_links":{"self":[{"href":"https:\/\/koduspa.ee\/ru\/wp-json\/wp\/v2\/product\/15162","targetHints":{"allow":["GET"]}}],"collection":[{"href":"https:\/\/koduspa.ee\/ru\/wp-json\/wp\/v2\/product"}],"about":[{"href":"https:\/\/koduspa.ee\/ru\/wp-json\/wp\/v2\/types\/product"}],"replies":[{"embeddable":true,"href":"https:\/\/koduspa.ee\/ru\/wp-json\/wp\/v2\/comments?post=15162"}],"wp:featuredmedia":[{"embeddable":true,"href":"https:\/\/koduspa.ee\/ru\/wp-json\/wp\/v2\/media\/15166"}],"wp:attachment":[{"href":"https:\/\/koduspa.ee\/ru\/wp-json\/wp\/v2\/media?parent=15162"}],"wp:term":[{"taxonomy":"product_brand","embeddable":true,"href":"https:\/\/koduspa.ee\/ru\/wp-json\/wp\/v2\/product_brand?post=15162"},{"taxonomy":"product_cat","embeddable":true,"href":"https:\/\/koduspa.ee\/ru\/wp-json\/wp\/v2\/product_cat?post=15162"},{"taxonomy":"product_tag","embeddable":true,"href":"https:\/\/koduspa.ee\/ru\/wp-json\/wp\/v2\/product_tag?post=15162"}],"curies":[{"name":"wp","href":"https:\/\/api.w.org\/{rel}","templated":true}]}}