{"id":15067,"date":"2024-03-25T13:02:53","date_gmt":"2024-03-25T13:02:53","guid":{"rendered":"https:\/\/koduspa.ee\/?post_type=product&#038;p=15067"},"modified":"2025-04-23T08:22:29","modified_gmt":"2025-04-23T08:22:29","slug":"cariitti-saunavalgusti-komplekt-vpl30fl-f310","status":"publish","type":"product","link":"https:\/\/koduspa.ee\/ru\/pood\/valgustid-ru\/cariitti-saunavalgusti-komplekt-vpl30fl-f310\/","title":{"rendered":"Saunavalgusti komplekt VPL30FL-F310"},"content":{"rendered":"<h6><span style=\"color: #000000;\">Tuleleegi komplekt on m\u00f5eldud paigaldamiseks kerise taha . <\/span><\/h6>\n<h6><span style=\"color: #000000;\">Toode sobib kasutamiseks enamiku elektrikeristega.\u00a0<\/span><\/h6>\n<h6><span style=\"color: #000000;\">Komplekti kuulub projektor VPL30FL, mida saab paigaldada sauna sisse ja <\/span><\/h6>\n<h6><span style=\"color: #000000;\">millel on LED-idega realiseeritud tuleleegi efekt, <\/span><\/h6>\n<h6><span style=\"color: #000000;\">vahelduvate oran\u017ei, kollase ja merevaigu varjunditega. <\/span><\/h6>\n<h6><span style=\"color: #000000;\">Projektori m\u00f5\u00f5dud: P 250 x L 150 x K 83, kaal 2,5 kg.<\/span><\/h6>\n<h6><span style=\"color: #000000;\">Fire Blaze seeria koosneb j\u00e4rgmistest toodetest:<\/span><\/h6>\n<ul>\n<li>\n<h6><span style=\"color: #000000;\">VPL30FL projektor<\/span><\/h6>\n<\/li>\n<li>\n<h6><span style=\"color: #000000;\">F310 fiiberkomplekt, (\u00f8 2 mm klaaskiud, 10 x 3 m)<\/span><\/h6>\n<\/li>\n<li>\n<h6><span style=\"color: #000000;\">CR09 objektiivi kinnitused, 10 tk<\/span><\/h6>\n<\/li>\n<li>\n<h6><span style=\"color: #000000;\">FL45-500 paigaldusraud<\/span><\/h6>\n<\/li>\n<\/ul>\n<h6><span style=\"color: #000000;\">Sarja kiud on klaasist ja taluvad 180\u00b0C kuumust.<\/span><\/h6>\n<h6><span style=\"color: #000000;\">Projektori paigaldusk\u00f5rgus max.\u00a070 cm p\u00f5randast.\u00a0<\/span><\/h6>\n<h6><span style=\"color: #ff0000;\">NB! Kiudu ei tohi l\u00f5igata!\u00a0<\/span><\/h6>\n<h6><strong><span style=\"color: #000000;\">Juhendid:<\/span><\/strong><\/h6>\n<p><a href=\"https:\/\/www.cariitti.fi\/app\/uploads\/2023\/03\/vpl-30-efektilla-1501452_1501453_1501452_1501453_e.pdf\">https:\/\/www.cariitti.fi\/app\/uploads\/2023\/03\/vpl-30-efektilla-1501452_1501453_1501452_1501453_e.pdf<\/a><\/p>\n<p><a href=\"https:\/\/www.cariitti.fi\/app\/uploads\/2017\/06\/asennusohje-kuidun-asennus.pdf\">https:\/\/www.cariitti.fi\/app\/uploads\/2017\/06\/asennusohje-kuidun-asennus.pdf<\/a><\/p>\n<p><a href=\"https:\/\/www.cariitti.fi\/app\/uploads\/2017\/06\/Tulenloimu-UUSI.pdf\">https:\/\/www.cariitti.fi\/app\/uploads\/2017\/06\/Tulenloimu-UUSI.pdf<\/a><\/p>\n<p>&nbsp;<\/p>\n","protected":false},"excerpt":{"rendered":"<p>Tuleleegi komplekt on m\u00f5eldud paigaldamiseks kerise taha . Toode sobib kasutamiseks enamiku elektrikeristega.\u00a0 Komplekti kuulub projektor VPL30FL, mida saab paigaldada sauna sisse ja millel on LED-idega realiseeritud tuleleegi efekt, vahelduvate oran\u017ei, kollase ja merevaigu varjunditega. Projektori m\u00f5\u00f5dud: P 250 x L 150 x K 83, kaal 2,5 kg. Fire Blaze seeria koosneb j\u00e4rgmistest toodetest: VPL30FL [&hellip;]<\/p>\n","protected":false},"featured_media":15068,"comment_status":"open","ping_status":"closed","template":"","meta":{"_acf_changed":false,"_genesis_hide_title":false,"_genesis_hide_breadcrumbs":false,"_genesis_hide_singular_image":false,"_genesis_hide_footer_widgets":false,"_genesis_custom_body_class":"","_genesis_custom_post_class":"","_genesis_layout":""},"product_brand":[],"product_cat":[180],"product_tag":[],"class_list":{"0":"post-15067","1":"product","2":"type-product","3":"status-publish","4":"has-post-thumbnail","6":"product_cat-valgustid","7":"entry","8":"override","10":"first","11":"instock","12":"shipping-taxable","13":"purchasable","14":"product-type-simple"},"acf":[],"_links":{"self":[{"href":"https:\/\/koduspa.ee\/ru\/wp-json\/wp\/v2\/product\/15067","targetHints":{"allow":["GET"]}}],"collection":[{"href":"https:\/\/koduspa.ee\/ru\/wp-json\/wp\/v2\/product"}],"about":[{"href":"https:\/\/koduspa.ee\/ru\/wp-json\/wp\/v2\/types\/product"}],"replies":[{"embeddable":true,"href":"https:\/\/koduspa.ee\/ru\/wp-json\/wp\/v2\/comments?post=15067"}],"wp:featuredmedia":[{"embeddable":true,"href":"https:\/\/koduspa.ee\/ru\/wp-json\/wp\/v2\/media\/15068"}],"wp:attachment":[{"href":"https:\/\/koduspa.ee\/ru\/wp-json\/wp\/v2\/media?parent=15067"}],"wp:term":[{"taxonomy":"product_brand","embeddable":true,"href":"https:\/\/koduspa.ee\/ru\/wp-json\/wp\/v2\/product_brand?post=15067"},{"taxonomy":"product_cat","embeddable":true,"href":"https:\/\/koduspa.ee\/ru\/wp-json\/wp\/v2\/product_cat?post=15067"},{"taxonomy":"product_tag","embeddable":true,"href":"https:\/\/koduspa.ee\/ru\/wp-json\/wp\/v2\/product_tag?post=15067"}],"curies":[{"name":"wp","href":"https:\/\/api.w.org\/{rel}","templated":true}]}}