{"id":15066,"date":"2024-03-25T12:40:21","date_gmt":"2024-03-25T12:40:21","guid":{"rendered":"https:\/\/koduspa.ee\/?post_type=product&#038;p=15066"},"modified":"2025-04-23T08:01:16","modified_gmt":"2025-04-23T08:01:16","slug":"cariitti-sauna-linear-led-6m-spot","status":"publish","type":"product","link":"https:\/\/koduspa.ee\/ru\/pood\/valgustid-ru\/cariitti-sauna-linear-led-6m-spot\/","title":{"rendered":"Sauna Linear LED 6M + Spot"},"content":{"rendered":"<h6><span style=\"color: #000000;\">Sauna Lineariga saad \u00fchtlaselt valgust seljatoele ja \u00fclemise riiuli esiservale. <\/span><\/h6>\n<h6><span style=\"color: #000000;\">Selle komplektiga saad kaks 3 m pikkust lampi,<\/span><\/h6>\n<h6><span style=\"color: #000000;\">lisaks on komplektis LED pliidikiud ahju s\u00fc\u00fctamiseks.<\/span><\/h6>\n<h6><span style=\"color: #000000;\">Sari koosneb j\u00e4rgmistest toodetest:<\/span><\/h6>\n<ul>\n<li>\n<h6><span style=\"color: #000000;\">4 tk 1,5 m lineaarvardaid<\/span><\/h6>\n<\/li>\n<li>\n<h6><span style=\"color: #000000;\">1 tk led soojenduskiud 5,0 m (klaas) koos l\u00e4\u00e4tsega<\/span><\/h6>\n<\/li>\n<li>\n<h6><span style=\"color: #000000;\">6 tk led valgusallikaid, neli lattide otstes ja kaks lattide vahel.\u00a0Juhtmete pikkus on 2,5 m.<\/span><\/h6>\n<\/li>\n<li>\n<h6><span style=\"color: #000000;\">H\u00e4mardatav toiteplokk IP55 sobib saunadele.<\/span><\/h6>\n<\/li>\n<li>\n<h6><span style=\"color: #000000;\">Ta 125\u00b0<\/span><\/h6>\n<\/li>\n<\/ul>\n<h6><span style=\"color: #000000;\">Sarja toiteallikal on kaitseklass IP55 ja LED valgusallikatel IP55.\u00a0<\/span><\/h6>\n<h6><span style=\"color: #000000;\">J\u00f5uallika saab panna sauna sisse, pingi alla, max.\u00a0<\/span><\/h6>\n<h6><span style=\"color: #000000;\">paigaldusk\u00f5rgus 80 cm p\u00f5randast, vaata paigaldusjuhendit.\u00a0<\/span><\/h6>\n<h6><span style=\"color: #000000;\">Valgusallikatel on 1 W LED-id. Linear riba ja LED valgusallikad max. <\/span><\/h6>\n<h6><span style=\"color: #000000;\">paigaldusk\u00f5rgus on 1,5 m p\u00f5randast. V\u00e4rvitemperatuur 3000K.<\/span><\/h6>\n<h6><strong><span style=\"color: #000000;\">Juhend:<\/span><\/strong><\/h6>\n<p><a href=\"https:\/\/www.cariitti.fi\/app\/uploads\/2023\/04\/1816009_1816010_cariitti_saunalinear_led_3m_6m_low.pdf\">https:\/\/www.cariitti.fi\/app\/uploads\/2023\/04\/1816009_1816010_cariitti_saunalinear_led_3m_6m_low.pdf<\/a><\/p>\n","protected":false},"excerpt":{"rendered":"<p>Sauna Lineariga saad \u00fchtlaselt valgust seljatoele ja \u00fclemise riiuli esiservale. Selle komplektiga saad kaks 3 m pikkust lampi, lisaks on komplektis LED pliidikiud ahju s\u00fc\u00fctamiseks. Sari koosneb j\u00e4rgmistest toodetest: 4 tk 1,5 m lineaarvardaid 1 tk led soojenduskiud 5,0 m (klaas) koos l\u00e4\u00e4tsega 6 tk led valgusallikaid, neli lattide otstes ja kaks lattide vahel.\u00a0Juhtmete pikkus [&hellip;]<\/p>\n","protected":false},"featured_media":14701,"comment_status":"open","ping_status":"closed","template":"","meta":{"_acf_changed":false,"_genesis_hide_title":false,"_genesis_hide_breadcrumbs":false,"_genesis_hide_singular_image":false,"_genesis_hide_footer_widgets":false,"_genesis_custom_body_class":"","_genesis_custom_post_class":"","_genesis_layout":""},"product_brand":[],"product_cat":[180],"product_tag":[],"class_list":{"0":"post-15066","1":"product","2":"type-product","3":"status-publish","4":"has-post-thumbnail","6":"product_cat-valgustid","7":"entry","8":"override","10":"first","11":"instock","12":"shipping-taxable","13":"purchasable","14":"product-type-simple"},"acf":[],"_links":{"self":[{"href":"https:\/\/koduspa.ee\/ru\/wp-json\/wp\/v2\/product\/15066","targetHints":{"allow":["GET"]}}],"collection":[{"href":"https:\/\/koduspa.ee\/ru\/wp-json\/wp\/v2\/product"}],"about":[{"href":"https:\/\/koduspa.ee\/ru\/wp-json\/wp\/v2\/types\/product"}],"replies":[{"embeddable":true,"href":"https:\/\/koduspa.ee\/ru\/wp-json\/wp\/v2\/comments?post=15066"}],"wp:featuredmedia":[{"embeddable":true,"href":"https:\/\/koduspa.ee\/ru\/wp-json\/wp\/v2\/media\/14701"}],"wp:attachment":[{"href":"https:\/\/koduspa.ee\/ru\/wp-json\/wp\/v2\/media?parent=15066"}],"wp:term":[{"taxonomy":"product_brand","embeddable":true,"href":"https:\/\/koduspa.ee\/ru\/wp-json\/wp\/v2\/product_brand?post=15066"},{"taxonomy":"product_cat","embeddable":true,"href":"https:\/\/koduspa.ee\/ru\/wp-json\/wp\/v2\/product_cat?post=15066"},{"taxonomy":"product_tag","embeddable":true,"href":"https:\/\/koduspa.ee\/ru\/wp-json\/wp\/v2\/product_tag?post=15066"}],"curies":[{"name":"wp","href":"https:\/\/api.w.org\/{rel}","templated":true}]}}