{"id":15059,"date":"2024-03-25T12:35:26","date_gmt":"2024-03-25T12:35:26","guid":{"rendered":"https:\/\/koduspa.ee\/?post_type=product&#038;p=15059"},"modified":"2025-04-23T07:57:30","modified_gmt":"2025-04-23T07:57:30","slug":"cariitti-sauna-linear-4m-led-spot","status":"publish","type":"product","link":"https:\/\/koduspa.ee\/ru\/pood\/valgustid-ru\/cariitti-sauna-linear-4m-led-spot\/","title":{"rendered":"Sauna Linear 4M (LED) + Spot"},"content":{"rendered":"<h6><span style=\"color: #000000;\">Sari koosneb j\u00e4rgmistest toodetest:<\/span><\/h6>\n<ul>\n<li>\n<h6><span style=\"color: #000000;\">2 tk 2 meetriseid lineaarvardaid<\/span><\/h6>\n<\/li>\n<li>\n<h6><span style=\"color: #000000;\">1 tk led soojenduskiud 5,0 m (klaas) koos l\u00e4\u00e4tsega<\/span><\/h6>\n<\/li>\n<li>\n<h6><span style=\"color: #000000;\">Postide otstes 4tk led valgusallikaid, juhtmete pikkus 2,5m.<\/span><\/h6>\n<\/li>\n<li>\n<h6><span style=\"color: #000000;\">Saunadele sobiv IP55 h\u00e4mardatav toiteallikas.\u00a0<\/span><\/h6>\n<\/li>\n<li>\n<h6><span style=\"color: #000000;\">H\u00e4mardatav langeva laine l\u00f5ikamise juhtseadmega (TE)<\/span><\/h6>\n<\/li>\n<li>\n<h6><span style=\"color: #000000;\">Ta 125\u00b0<\/span><\/h6>\n<\/li>\n<\/ul>\n<h6><span style=\"color: #000000;\">Sarja toiteallika korpusel on kaitseklass IP55, nagu ka LED valgusallikatel.\u00a0<\/span><\/h6>\n<h6><span style=\"color: #000000;\">J\u00f5uallika saab panna sauna sisse, pingi alla, max.\u00a0paigaldusk\u00f5rgus 80 cm p\u00f5randast.\u00a0<\/span><\/h6>\n<h6><span style=\"color: #000000;\">Valgusallikatel on 1 W LED-id. Linear riba ja LED valgusallikad max. <\/span><\/h6>\n<h6><span style=\"color: #000000;\">paigaldusk\u00f5rgus on 1,5 m p\u00f5randast. V\u00e4rvitemperatuur 3000K.<\/span><\/h6>\n<h6><strong><span style=\"color: #000000;\">Juhend:<\/span><\/strong><\/h6>\n<p><a href=\"https:\/\/www.cariitti.fi\/app\/uploads\/2017\/06\/cariitti_saunalinear_led_2023_18.12.23.pdf\">https:\/\/www.cariitti.fi\/app\/uploads\/2017\/06\/cariitti_saunalinear_led_2023_18.12.23.pdf<\/a><\/p>\n","protected":false},"excerpt":{"rendered":"<p>Sari koosneb j\u00e4rgmistest toodetest: 2 tk 2 meetriseid lineaarvardaid 1 tk led soojenduskiud 5,0 m (klaas) koos l\u00e4\u00e4tsega Postide otstes 4tk led valgusallikaid, juhtmete pikkus 2,5m. Saunadele sobiv IP55 h\u00e4mardatav toiteallikas.\u00a0 H\u00e4mardatav langeva laine l\u00f5ikamise juhtseadmega (TE) Ta 125\u00b0 Sarja toiteallika korpusel on kaitseklass IP55, nagu ka LED valgusallikatel.\u00a0 J\u00f5uallika saab panna sauna sisse, pingi [&hellip;]<\/p>\n","protected":false},"featured_media":15060,"comment_status":"open","ping_status":"closed","template":"","meta":{"_acf_changed":false,"_genesis_hide_title":false,"_genesis_hide_breadcrumbs":false,"_genesis_hide_singular_image":false,"_genesis_hide_footer_widgets":false,"_genesis_custom_body_class":"","_genesis_custom_post_class":"","_genesis_layout":""},"product_brand":[],"product_cat":[180],"product_tag":[],"class_list":{"0":"post-15059","1":"product","2":"type-product","3":"status-publish","4":"has-post-thumbnail","6":"product_cat-valgustid","7":"entry","8":"override","10":"first","11":"instock","12":"shipping-taxable","13":"purchasable","14":"product-type-simple"},"acf":[],"_links":{"self":[{"href":"https:\/\/koduspa.ee\/ru\/wp-json\/wp\/v2\/product\/15059","targetHints":{"allow":["GET"]}}],"collection":[{"href":"https:\/\/koduspa.ee\/ru\/wp-json\/wp\/v2\/product"}],"about":[{"href":"https:\/\/koduspa.ee\/ru\/wp-json\/wp\/v2\/types\/product"}],"replies":[{"embeddable":true,"href":"https:\/\/koduspa.ee\/ru\/wp-json\/wp\/v2\/comments?post=15059"}],"wp:featuredmedia":[{"embeddable":true,"href":"https:\/\/koduspa.ee\/ru\/wp-json\/wp\/v2\/media\/15060"}],"wp:attachment":[{"href":"https:\/\/koduspa.ee\/ru\/wp-json\/wp\/v2\/media?parent=15059"}],"wp:term":[{"taxonomy":"product_brand","embeddable":true,"href":"https:\/\/koduspa.ee\/ru\/wp-json\/wp\/v2\/product_brand?post=15059"},{"taxonomy":"product_cat","embeddable":true,"href":"https:\/\/koduspa.ee\/ru\/wp-json\/wp\/v2\/product_cat?post=15059"},{"taxonomy":"product_tag","embeddable":true,"href":"https:\/\/koduspa.ee\/ru\/wp-json\/wp\/v2\/product_tag?post=15059"}],"curies":[{"name":"wp","href":"https:\/\/api.w.org\/{rel}","templated":true}]}}