{"id":14958,"date":"2024-03-25T07:47:21","date_gmt":"2024-03-25T07:47:21","guid":{"rendered":"https:\/\/koduspa.ee\/?post_type=product&#038;p=14958"},"modified":"2025-04-23T07:31:35","modified_gmt":"2025-04-23T07:31:35","slug":"cariitti-m233-klaaskiust-kimp","status":"publish","type":"product","link":"https:\/\/koduspa.ee\/ru\/pood\/valgustid-ru\/cariitti-m233-klaaskiust-kimp\/","title":{"rendered":"Klaaskiud kimp M233"},"content":{"rendered":"<h6><span style=\"color: #000000;\">23-kiuline klaaskiust kimp saunavalgustuseks.<\/span><\/h6>\n<h6><span style=\"color: #000000;\">Klaaskiud on kauakestev, vastupidav valik saunavalgustuseks.\u00a0<\/span><\/h6>\n<h6><span style=\"color: #000000;\">T\u00f6\u00f6temperatuur on -50 \u00baC kuni +180 \u00baC.\u00a0<\/span><\/h6>\n<h6><span style=\"color: #000000;\">Kiud on v\u00e4ga paindlik ja kergesti k\u00e4sitletav.\u00a0<\/span><\/h6>\n<h6><span style=\"color: #000000;\">Selle valgusjuhtivus on v\u00e4ga hea ja see ei vanane.\u00a0<\/span><\/h6>\n<h6><span style=\"color: #000000;\">Klaasplast valgustus on ainus asi, mida saab kerise kohale lakke paigaldada.<\/span><\/h6>\n<h6><span style=\"color: #000000;\">See sari on loodud spetsiaalselt t\u00e4histaeva loomiseks sauna lakke.\u00a0<\/span><\/h6>\n<h6><span style=\"color: #000000;\">15 kiudu on \u00f8 1 mm ja 7 kiudu on \u00f8 2 mm, mida saab paigutada n\u00e4iteks<\/span><\/h6>\n<h6><span style=\"color: #000000;\"> seljatoe taha v\u00f5i suurte t\u00e4htedena lakke.<\/span><\/h6>\n<h6><span style=\"color: #000000;\">Kiudude suurused on \u00f8 1 mm (t\u00e4histaeva kiud, S-Flex 1, B1), \u00f8 2 mm (S-Flex 2, M5),<\/span><\/h6>\n<h6><span style=\"color: #000000;\">k\u00f5ige j\u00e4medam ikiud \u00f8 4 mm (S-Flex 4, M8). <\/span><\/h6>\n<h6><span style=\"color: #000000;\">Pikkused:<\/span><\/h6>\n<ul>\n<li>\n<h6><span style=\"color: #000000;\">15 x 3,0 m (t\u00e4histaeva kiud)<\/span><\/h6>\n<\/li>\n<li>\n<h6><span style=\"color: #000000;\">7 x 3,0 m<\/span><\/h6>\n<\/li>\n<li>\n<h6><span style=\"color: #000000;\">1 x 3,0 m (k\u00fcttekiud)<\/span><\/h6>\n<\/li>\n<\/ul>\n<h6><span style=\"color: #000000;\">Paigaldamiseks sobiv objektiivikomplekt 1540107<\/span><\/h6>\n<h6><span style=\"color: #000000;\">(sisaldab lukustusr\u00f5ngaid ja soojendusl\u00e4\u00e4tse).<\/span><\/h6>\n<h6><span style=\"color: #000000;\">Lisaks kiukimbule on vaja projektorit. <\/span><\/h6>\n<h6><strong><span style=\"color: #000000;\">Pange t\u00e4hele, et projektorid VPL10 ja VPL25 ei sobi selle komplekti valgustamiseks.<\/span><\/strong><\/h6>\n<h6><strong><span style=\"color: #000000;\">Paigaldusjuhend:<\/span><\/strong><\/h6>\n<h6><span style=\"color: #000000;\"><a style=\"color: #000000;\" href=\"https:\/\/www.cariitti.fi\/app\/uploads\/2017\/06\/asennusohje-kuidun-asennus.pdf\">https:\/\/www.cariitti.fi\/app\/uploads\/2017\/06\/asennusohje-kuidun-asennus.pdf<\/a><\/span><\/h6>\n","protected":false},"excerpt":{"rendered":"<p>23-kiuline klaaskiust kimp saunavalgustuseks. Klaaskiud on kauakestev, vastupidav valik saunavalgustuseks.\u00a0 T\u00f6\u00f6temperatuur on -50 \u00baC kuni +180 \u00baC.\u00a0 Kiud on v\u00e4ga paindlik ja kergesti k\u00e4sitletav.\u00a0 Selle valgusjuhtivus on v\u00e4ga hea ja see ei vanane.\u00a0 Klaasplast valgustus on ainus asi, mida saab kerise kohale lakke paigaldada. See sari on loodud spetsiaalselt t\u00e4histaeva loomiseks sauna lakke.\u00a0 15 kiudu [&hellip;]<\/p>\n","protected":false},"featured_media":14928,"comment_status":"open","ping_status":"closed","template":"","meta":{"_acf_changed":false,"_genesis_hide_title":false,"_genesis_hide_breadcrumbs":false,"_genesis_hide_singular_image":false,"_genesis_hide_footer_widgets":false,"_genesis_custom_body_class":"","_genesis_custom_post_class":"","_genesis_layout":""},"product_brand":[],"product_cat":[180],"product_tag":[],"class_list":{"0":"post-14958","1":"product","2":"type-product","3":"status-publish","4":"has-post-thumbnail","6":"product_cat-valgustid","7":"entry","8":"override","10":"first","11":"instock","12":"shipping-taxable","13":"purchasable","14":"product-type-simple"},"acf":[],"_links":{"self":[{"href":"https:\/\/koduspa.ee\/ru\/wp-json\/wp\/v2\/product\/14958","targetHints":{"allow":["GET"]}}],"collection":[{"href":"https:\/\/koduspa.ee\/ru\/wp-json\/wp\/v2\/product"}],"about":[{"href":"https:\/\/koduspa.ee\/ru\/wp-json\/wp\/v2\/types\/product"}],"replies":[{"embeddable":true,"href":"https:\/\/koduspa.ee\/ru\/wp-json\/wp\/v2\/comments?post=14958"}],"wp:featuredmedia":[{"embeddable":true,"href":"https:\/\/koduspa.ee\/ru\/wp-json\/wp\/v2\/media\/14928"}],"wp:attachment":[{"href":"https:\/\/koduspa.ee\/ru\/wp-json\/wp\/v2\/media?parent=14958"}],"wp:term":[{"taxonomy":"product_brand","embeddable":true,"href":"https:\/\/koduspa.ee\/ru\/wp-json\/wp\/v2\/product_brand?post=14958"},{"taxonomy":"product_cat","embeddable":true,"href":"https:\/\/koduspa.ee\/ru\/wp-json\/wp\/v2\/product_cat?post=14958"},{"taxonomy":"product_tag","embeddable":true,"href":"https:\/\/koduspa.ee\/ru\/wp-json\/wp\/v2\/product_tag?post=14958"}],"curies":[{"name":"wp","href":"https:\/\/api.w.org\/{rel}","templated":true}]}}