{"id":14901,"date":"2024-03-21T11:59:10","date_gmt":"2024-03-21T11:59:10","guid":{"rendered":"https:\/\/koduspa.ee\/?post_type=product&#038;p=14901"},"modified":"2025-04-23T07:28:37","modified_gmt":"2025-04-23T07:28:37","slug":"cariitti-led-set-6-osa","status":"publish","type":"product","link":"https:\/\/koduspa.ee\/ru\/pood\/valgustid-ru\/cariitti-led-set-6-osa\/","title":{"rendered":"LED set (6 osa)"},"content":{"rendered":"<h6><span style=\"color: #000000;\">Komplektides olevad LED-id (IP67) vajavad plaadi paigaldamiseks 6 mm auku, <\/span><\/h6>\n<h6><span style=\"color: #000000;\">Toiteallikaks on kvaliteetne Osram OTi DALI 15 (150 mA, <\/span><\/h6>\n<h6><span style=\"color: #000000;\">osakoormus 3 \u2013 15 W), seega saab seeriat h\u00e4mardada <\/span><\/h6>\n<h6><span style=\"color: #000000;\">kas nupuvajutusega v\u00f5i DALI kontrolleriga.\u00a0<\/span><\/h6>\n<h6><span style=\"color: #000000;\">Sarja saab laiendada eraldiseisva 3-k\u00f6itelise komplektiga.\u00a0<\/span><\/h6>\n<h6><span style=\"color: #000000;\">kuni 15 LED-i koos pikendusosaga.<\/span><\/h6>\n<h6><span style=\"color: #000000;\">V\u00e4rvitemperatuure on kolm: <\/span><\/h6>\n<h6><span style=\"color: #000000;\">2700 K (kollakas), 3000 K (k\u00fclm) ja 4000 K (l\u00e4bipaistev).<\/span><\/h6>\n<h6><span style=\"color: #000000;\">Komplektidele on saadaval mitmeid lisatarvikuid, <\/span><\/h6>\n<h6><span style=\"color: #000000;\">nagu CR-03 kinnitusdetailid (kuldne, kroom ja must), l\u00e4\u00e4tsega k\u00fcttekiud, <\/span><\/h6>\n<h6><span style=\"color: #000000;\">temperatuuri- ja niiskusm\u00f5\u00f5turid ja palju muud.<\/span><\/h6>\n<h6><span style=\"color: #000000;\">Soovitatav sauna v\u00e4rvitemperatuur on 2700 K.<\/span><\/h6>\n<h6><span style=\"color: #000000;\">Kui saunatemperatuur on \u00fcle +90 \u00baC, soovitame kasutada Cariitti kiudsarja.<\/span><\/h6>\n<ul>\n<li>\n<h6><span style=\"color: #000000;\">Sisaldab 6 LED-i, <\/span><\/h6>\n<\/li>\n<li>\n<h6><span style=\"color: #000000;\">jada\u00fchenduskaableid (2 x 2,4 m), <\/span><\/h6>\n<\/li>\n<li>\n<h6><span style=\"color: #000000;\">l\u00fchistusjuppe (2 tk), <\/span><\/h6>\n<\/li>\n<li>\n<h6><span style=\"color: #000000;\">pikendusjuhet (5 m)\u00a0<\/span><\/h6>\n<\/li>\n<li>\n<h6><span style=\"color: #000000;\">timmitavat toiteallikat (IP20) OTi DALI 15 (150 mA).<\/span><\/h6>\n<\/li>\n<\/ul>\n<h6><strong><span style=\"color: #000000;\">Paigaldusjuhend:<\/span><\/strong><\/h6>\n<h6><a href=\"https:\/\/www.cariitti.fi\/app\/uploads\/2017\/11\/1532601-cariitti-sauna-led-asennusohje_8.8.2023.pdf\"><span style=\"color: #000000;\">https:\/\/www.cariitti.fi\/app\/uploads\/2017\/11\/1532601-cariitti-sauna-led-asennusohje_8.8.2023.pdf<\/span><\/a><\/h6>\n<h6><a href=\"https:\/\/www.cariitti.fi\/app\/uploads\/2023\/03\/painonappi_kytkenta_osram_oti_dali_15-1_e.pdf\"><span style=\"color: #000000;\">https:\/\/www.cariitti.fi\/app\/uploads\/2023\/03\/painonappi_kytkenta_osram_oti_dali_15-1_e.pdf<\/span><\/a><\/h6>\n<h6><\/h6>\n","protected":false},"excerpt":{"rendered":"<p>Komplektides olevad LED-id (IP67) vajavad plaadi paigaldamiseks 6 mm auku, Toiteallikaks on kvaliteetne Osram OTi DALI 15 (150 mA, osakoormus 3 \u2013 15 W), seega saab seeriat h\u00e4mardada kas nupuvajutusega v\u00f5i DALI kontrolleriga.\u00a0 Sarja saab laiendada eraldiseisva 3-k\u00f6itelise komplektiga.\u00a0 kuni 15 LED-i koos pikendusosaga. V\u00e4rvitemperatuure on kolm: 2700 K (kollakas), 3000 K (k\u00fclm) ja 4000 [&hellip;]<\/p>\n","protected":false},"featured_media":14902,"comment_status":"open","ping_status":"closed","template":"","meta":{"_acf_changed":false,"_genesis_hide_title":false,"_genesis_hide_breadcrumbs":false,"_genesis_hide_singular_image":false,"_genesis_hide_footer_widgets":false,"_genesis_custom_body_class":"","_genesis_custom_post_class":"","_genesis_layout":""},"product_brand":[],"product_cat":[180],"product_tag":[],"class_list":{"0":"post-14901","1":"product","2":"type-product","3":"status-publish","4":"has-post-thumbnail","6":"product_cat-valgustid","7":"entry","8":"override","10":"first","11":"instock","12":"shipping-taxable","13":"purchasable","14":"product-type-simple"},"acf":[],"_links":{"self":[{"href":"https:\/\/koduspa.ee\/ru\/wp-json\/wp\/v2\/product\/14901","targetHints":{"allow":["GET"]}}],"collection":[{"href":"https:\/\/koduspa.ee\/ru\/wp-json\/wp\/v2\/product"}],"about":[{"href":"https:\/\/koduspa.ee\/ru\/wp-json\/wp\/v2\/types\/product"}],"replies":[{"embeddable":true,"href":"https:\/\/koduspa.ee\/ru\/wp-json\/wp\/v2\/comments?post=14901"}],"wp:featuredmedia":[{"embeddable":true,"href":"https:\/\/koduspa.ee\/ru\/wp-json\/wp\/v2\/media\/14902"}],"wp:attachment":[{"href":"https:\/\/koduspa.ee\/ru\/wp-json\/wp\/v2\/media?parent=14901"}],"wp:term":[{"taxonomy":"product_brand","embeddable":true,"href":"https:\/\/koduspa.ee\/ru\/wp-json\/wp\/v2\/product_brand?post=14901"},{"taxonomy":"product_cat","embeddable":true,"href":"https:\/\/koduspa.ee\/ru\/wp-json\/wp\/v2\/product_cat?post=14901"},{"taxonomy":"product_tag","embeddable":true,"href":"https:\/\/koduspa.ee\/ru\/wp-json\/wp\/v2\/product_tag?post=14901"}],"curies":[{"name":"wp","href":"https:\/\/api.w.org\/{rel}","templated":true}]}}