{"id":14775,"date":"2024-03-21T07:16:38","date_gmt":"2024-03-21T07:16:38","guid":{"rendered":"https:\/\/koduspa.ee\/?post_type=product&#038;p=14775"},"modified":"2025-04-23T08:16:38","modified_gmt":"2025-04-23T08:16:38","slug":"cariitti-saunavalgusti-komplekt-vpac-1527-s832","status":"publish","type":"product","link":"https:\/\/koduspa.ee\/ru\/pood\/valgustid-ru\/cariitti-saunavalgusti-komplekt-vpac-1527-s832\/","title":{"rendered":"Saunavalgusti komplekt VPAC-1527-S832"},"content":{"rendered":"<h6><span style=\"color: #000000;\">8-kiuline saunavalgusti komplekt kiudude pikkustega 2,5 \u2013 3,5 m.<\/span><\/h6>\n<h6><span style=\"color: #000000;\">Komplekti kuuluvad IP65 LED projektor, kiukimp,<\/span><\/h6>\n<h6><span style=\"color: #000000;\">lukustusr\u00f5ngad ja kerise l\u00e4\u00e4ts.<\/span><\/h6>\n<h6><span style=\"color: #000000;\">See sari sobib v\u00e4ga h\u00e4sti v\u00e4ikeste ja keskmise suurusega saunade valgustamiseks.\u00a0<\/span><\/h6>\n<h6><span style=\"color: #000000;\">Soovitatav sauna suurus 3-5 m\u00b2.\u00a0Sarja kiud on klaasist ja taluvad 180 \u00b0C kuumust;<\/span><\/h6>\n<h6><span style=\"color: #000000;\">\u00a0neid saab paigaldada sauna lakke.<\/span><\/h6>\n<h6><span style=\"color: #000000;\">Projektoril VPAC27 on kaitseklass IP65 ja <\/span><\/h6>\n<h6><span style=\"color: #000000;\">seda saab paigutada ka riiulite alla.\u00a0<\/span><\/h6>\n<h6><span style=\"color: #000000;\">Toitepingest h\u00e4mardatav, sobivad juhtseadmed on nt\u00a0<a style=\"color: #000000;\" href=\"https:\/\/www.sahkonumerot.fi\/2619375\/\" target=\"_blank\" rel=\"noopener noreferrer\">2619375<\/a>\u00a0ja\u00a0\u00a0<a style=\"color: #000000;\" href=\"https:\/\/www.sahkonumerot.fi\/2623306\" target=\"_blank\" rel=\"noopener\">2623306<\/a>\u00a0.<\/span><\/h6>\n<ul>\n<li>\n<h6><span style=\"color: #000000;\">230 V, 16 W, v\u00f5rgupinge led<\/span><\/h6>\n<\/li>\n<li>\n<h6><span style=\"color: #000000;\">50 000 tundi<\/span><\/h6>\n<\/li>\n<li>\n<h6><span style=\"color: #000000;\">2700 K<\/span><\/h6>\n<\/li>\n<li>\n<h6><span style=\"color: #000000;\">Ra 90<\/span><\/h6>\n<\/li>\n<li>\n<h6><span style=\"color: #000000;\">Projektori m\u00f5\u00f5dud: P 145 x L 150 x K 83, kaal 1,03 kg.<\/span><\/h6>\n<\/li>\n<li>\n<h6><span style=\"color: #000000;\">Kiu suurus \u00f8 2 mm (S-Flex 2, M5) ja \u00fcks paksem kiud \u00f8 3 mm (S-Flex 3, M5);\u00a0pikkused:<\/span><\/h6>\n<\/li>\n<li>\n<h6><span style=\"color: #000000;\">2 x 2,5 m<\/span><\/h6>\n<\/li>\n<li>\n<h6><span style=\"color: #000000;\">3 x 3,0 m<\/span><\/h6>\n<\/li>\n<li>\n<h6><span style=\"color: #000000;\">2 x 3,5 m<\/span><\/h6>\n<\/li>\n<li>\n<h6><span style=\"color: #000000;\">1 x 3,5 m (k\u00fcttekiud)<\/span><\/h6>\n<\/li>\n<\/ul>\n<h6><strong><span style=\"color: #000000;\">Paigaldusjuhend:<\/span><\/strong><\/h6>\n<p><a href=\"https:\/\/www.cariitti.fi\/app\/uploads\/2017\/06\/cariitti_ceilingsets_2018_low8.8.2023.pdf\">https:\/\/www.cariitti.fi\/app\/uploads\/2017\/06\/cariitti_ceilingsets_2018_low8.8.2023.pdf<\/a><\/p>\n<p><a href=\"https:\/\/www.cariitti.fi\/app\/uploads\/2017\/06\/asennusohje-kuidun-asennus.pdf\">https:\/\/www.cariitti.fi\/app\/uploads\/2017\/06\/asennusohje-kuidun-asennus.pdf<\/a><\/p>\n<p>&nbsp;<\/p>\n","protected":false},"excerpt":{"rendered":"<p>8-kiuline saunavalgusti komplekt kiudude pikkustega 2,5 \u2013 3,5 m. Komplekti kuuluvad IP65 LED projektor, kiukimp, lukustusr\u00f5ngad ja kerise l\u00e4\u00e4ts. See sari sobib v\u00e4ga h\u00e4sti v\u00e4ikeste ja keskmise suurusega saunade valgustamiseks.\u00a0 Soovitatav sauna suurus 3-5 m\u00b2.\u00a0Sarja kiud on klaasist ja taluvad 180 \u00b0C kuumust; \u00a0neid saab paigaldada sauna lakke. Projektoril VPAC27 on kaitseklass IP65 ja seda [&hellip;]<\/p>\n","protected":false},"featured_media":14776,"comment_status":"open","ping_status":"closed","template":"","meta":{"_acf_changed":false,"_genesis_hide_title":false,"_genesis_hide_breadcrumbs":false,"_genesis_hide_singular_image":false,"_genesis_hide_footer_widgets":false,"_genesis_custom_body_class":"","_genesis_custom_post_class":"","_genesis_layout":""},"product_brand":[],"product_cat":[180],"product_tag":[],"class_list":{"0":"post-14775","1":"product","2":"type-product","3":"status-publish","4":"has-post-thumbnail","6":"product_cat-valgustid","7":"entry","8":"override","10":"first","11":"instock","12":"shipping-taxable","13":"purchasable","14":"product-type-simple"},"acf":[],"_links":{"self":[{"href":"https:\/\/koduspa.ee\/ru\/wp-json\/wp\/v2\/product\/14775","targetHints":{"allow":["GET"]}}],"collection":[{"href":"https:\/\/koduspa.ee\/ru\/wp-json\/wp\/v2\/product"}],"about":[{"href":"https:\/\/koduspa.ee\/ru\/wp-json\/wp\/v2\/types\/product"}],"replies":[{"embeddable":true,"href":"https:\/\/koduspa.ee\/ru\/wp-json\/wp\/v2\/comments?post=14775"}],"wp:featuredmedia":[{"embeddable":true,"href":"https:\/\/koduspa.ee\/ru\/wp-json\/wp\/v2\/media\/14776"}],"wp:attachment":[{"href":"https:\/\/koduspa.ee\/ru\/wp-json\/wp\/v2\/media?parent=14775"}],"wp:term":[{"taxonomy":"product_brand","embeddable":true,"href":"https:\/\/koduspa.ee\/ru\/wp-json\/wp\/v2\/product_brand?post=14775"},{"taxonomy":"product_cat","embeddable":true,"href":"https:\/\/koduspa.ee\/ru\/wp-json\/wp\/v2\/product_cat?post=14775"},{"taxonomy":"product_tag","embeddable":true,"href":"https:\/\/koduspa.ee\/ru\/wp-json\/wp\/v2\/product_tag?post=14775"}],"curies":[{"name":"wp","href":"https:\/\/api.w.org\/{rel}","templated":true}]}}