{"id":14770,"date":"2024-03-21T07:08:27","date_gmt":"2024-03-21T07:08:27","guid":{"rendered":"https:\/\/koduspa.ee\/?post_type=product&#038;p=14770"},"modified":"2025-04-23T08:06:32","modified_gmt":"2025-04-23T08:06:32","slug":"cariitti-saunavalgusti-komplekt-vpac-1527-b532","status":"publish","type":"product","link":"https:\/\/koduspa.ee\/ru\/pood\/valgustid-ru\/cariitti-saunavalgusti-komplekt-vpac-1527-b532\/","title":{"rendered":"Saunavalgusti komplekt VPAC-1527-B532"},"content":{"rendered":"<h6><span style=\"color: #000000;\">T\u00e4ielik paigaldusvalmis 5-kiuline <\/span><\/h6>\n<h6><span style=\"color: #000000;\">saunavalgusti komplekt kiudude pikkustega 2,5 \u2013 3,5 m.<\/span><\/h6>\n<h6><span style=\"color: #000000;\">Komplekti kuuluvad IP 65 LED projektor, kiukimp, <\/span><\/h6>\n<h6><span style=\"color: #000000;\">lukustusr\u00f5ngad ja kerise l\u00e4\u00e4ts.\u00a0<\/span><\/h6>\n<h6><span style=\"color: #000000;\">See sari sobib v\u00e4ga h\u00e4sti v\u00e4ikeste saunade valgustamiseks.\u00a0<\/span><\/h6>\n<h6><span style=\"color: #000000;\">Soovitatav sauna suurus 1-4 m\u00b2.\u00a0<\/span><\/h6>\n<h6><span style=\"color: #000000;\">Sarja kiud on klaasist ja taluvad 180 \u00b0C kuumust;\u00a0<\/span><\/h6>\n<h6><span style=\"color: #000000;\">neid saab paigaldada sauna lakke.<\/span><\/h6>\n<h6><span style=\"color: #000000;\">Projektoril VPAC27 on kaitseklass IP65,<\/span><\/h6>\n<h6><span style=\"color: #000000;\"> seda saab paigutada ka riiulite alla. <\/span><\/h6>\n<h6><span style=\"color: #000000;\">Toitepingest h\u00e4mardatav, sobivad juhtseadmed on nt\u00a0<a style=\"color: #000000;\" href=\"https:\/\/www.sahkonumerot.fi\/2619375\/\" target=\"_blank\" rel=\"noopener noreferrer\">2619375\u00a0<\/a>ja\u00a0\u00a0<a style=\"color: #000000;\" href=\"https:\/\/www.sahkonumerot.fi\/2623306\" target=\"_blank\" rel=\"noopener\">2623306\u00a0<\/a>.<\/span><\/h6>\n<ul>\n<li>\n<h6><span style=\"color: #000000;\">230 V, 16 W, v\u00f5rgupinge led<\/span><\/h6>\n<\/li>\n<li>\n<h6><span style=\"color: #000000;\">50 000 tundi<\/span><\/h6>\n<\/li>\n<li>\n<h6><span style=\"color: #000000;\">2700 K<\/span><\/h6>\n<\/li>\n<li>\n<h6><span style=\"color: #000000;\">Ra 90<\/span><\/h6>\n<\/li>\n<li>\n<h6><span style=\"color: #000000;\">Projektori m\u00f5\u00f5dud: P 145 x L 150 x K 83, kaal 1,03 kg.<\/span><\/h6>\n<\/li>\n<li>\n<h6><span style=\"color: #000000;\">Kiu suurus \u00f8 2 mm (S-Flex 2, M5) ja \u00fcks paksem kiud \u00f8 4 mm (S-Flex 4, M8);\u00a0pikkused<\/span><\/h6>\n<\/li>\n<li>\n<h6><span style=\"color: #000000;\">1 x 2,5 m<\/span><\/h6>\n<\/li>\n<li>\n<h6><span style=\"color: #000000;\">2 x 3,0 m<\/span><\/h6>\n<\/li>\n<li>\n<h6><span style=\"color: #000000;\">1 x 3,5 m<\/span><\/h6>\n<\/li>\n<li>\n<h6><span style=\"color: #000000;\">1 x 3,5 m (k\u00fcttekiud)<\/span><\/h6>\n<\/li>\n<\/ul>\n<div>\n<h6><span style=\"color: #000000;\">Projektor max.\u00a0paigaldusk\u00f5rgus on 70 cm p\u00f5randast.<\/span><\/h6>\n<h6><strong><span style=\"color: #000000;\">Paigaldusjuhend:<\/span><\/strong><\/h6>\n<p><a href=\"https:\/\/www.cariitti.fi\/app\/uploads\/2017\/06\/cariitti_ceilingsets_2018_low8.8.2023.pdf\">https:\/\/www.cariitti.fi\/app\/uploads\/2017\/06\/cariitti_ceilingsets_2018_low8.8.2023.pdf<\/a><\/p>\n<p><a href=\"https:\/\/www.cariitti.fi\/app\/uploads\/2017\/06\/asennusohje-kuidun-asennus.pdf\">https:\/\/www.cariitti.fi\/app\/uploads\/2017\/06\/asennusohje-kuidun-asennus.pdf<\/a><\/p>\n<\/div>\n<p>&nbsp;<\/p>\n","protected":false},"excerpt":{"rendered":"<p>T\u00e4ielik paigaldusvalmis 5-kiuline saunavalgusti komplekt kiudude pikkustega 2,5 \u2013 3,5 m. Komplekti kuuluvad IP 65 LED projektor, kiukimp, lukustusr\u00f5ngad ja kerise l\u00e4\u00e4ts.\u00a0 See sari sobib v\u00e4ga h\u00e4sti v\u00e4ikeste saunade valgustamiseks.\u00a0 Soovitatav sauna suurus 1-4 m\u00b2.\u00a0 Sarja kiud on klaasist ja taluvad 180 \u00b0C kuumust;\u00a0 neid saab paigaldada sauna lakke. Projektoril VPAC27 on kaitseklass IP65, seda [&hellip;]<\/p>\n","protected":false},"featured_media":14771,"comment_status":"open","ping_status":"closed","template":"","meta":{"_acf_changed":false,"_genesis_hide_title":false,"_genesis_hide_breadcrumbs":false,"_genesis_hide_singular_image":false,"_genesis_hide_footer_widgets":false,"_genesis_custom_body_class":"","_genesis_custom_post_class":"","_genesis_layout":""},"product_brand":[],"product_cat":[180],"product_tag":[],"class_list":{"0":"post-14770","1":"product","2":"type-product","3":"status-publish","4":"has-post-thumbnail","6":"product_cat-valgustid","7":"entry","8":"override","10":"first","11":"instock","12":"shipping-taxable","13":"purchasable","14":"product-type-simple"},"acf":[],"_links":{"self":[{"href":"https:\/\/koduspa.ee\/ru\/wp-json\/wp\/v2\/product\/14770","targetHints":{"allow":["GET"]}}],"collection":[{"href":"https:\/\/koduspa.ee\/ru\/wp-json\/wp\/v2\/product"}],"about":[{"href":"https:\/\/koduspa.ee\/ru\/wp-json\/wp\/v2\/types\/product"}],"replies":[{"embeddable":true,"href":"https:\/\/koduspa.ee\/ru\/wp-json\/wp\/v2\/comments?post=14770"}],"wp:featuredmedia":[{"embeddable":true,"href":"https:\/\/koduspa.ee\/ru\/wp-json\/wp\/v2\/media\/14771"}],"wp:attachment":[{"href":"https:\/\/koduspa.ee\/ru\/wp-json\/wp\/v2\/media?parent=14770"}],"wp:term":[{"taxonomy":"product_brand","embeddable":true,"href":"https:\/\/koduspa.ee\/ru\/wp-json\/wp\/v2\/product_brand?post=14770"},{"taxonomy":"product_cat","embeddable":true,"href":"https:\/\/koduspa.ee\/ru\/wp-json\/wp\/v2\/product_cat?post=14770"},{"taxonomy":"product_tag","embeddable":true,"href":"https:\/\/koduspa.ee\/ru\/wp-json\/wp\/v2\/product_tag?post=14770"}],"curies":[{"name":"wp","href":"https:\/\/api.w.org\/{rel}","templated":true}]}}