{"id":14704,"date":"2024-03-19T11:25:09","date_gmt":"2024-03-19T11:25:09","guid":{"rendered":"https:\/\/koduspa.ee\/?post_type=product&#038;p=14704"},"modified":"2025-01-29T14:17:26","modified_gmt":"2025-01-29T14:17:26","slug":"cariitti-aspectu-ummargune","status":"publish","type":"product","link":"https:\/\/koduspa.ee\/ru\/pood\/aksessuaarid-ru\/cariitti-aspectu-ummargune\/","title":{"rendered":"CARIITTI Aspectu \u00fcmar"},"content":{"rendered":"<h6><span style=\"color: #000000;\">Aspectu valgusti on uut t\u00fc\u00fcpi l\u00e4bi paneeli projekteeritav soojus\/niiskusm\u00f5\u00f5tur,<\/span><\/h6>\n<h6><span style=\"color: #000000;\"> mille juurde kuulub ka elektrooniline liivakell.\u00a0<\/span><\/h6>\n<h6><span style=\"color: #000000;\">Arvesti saab v\u00e4ga vabalt asetada talle sobivasse kohta saunaruumi seinale.\u00a0<\/span><\/h6>\n<h6><span style=\"color: #000000;\">Sobiv paigaldusk\u00f5rgus on ca 30 cm laepinnast ja v\u00e4hemalt 50 cm kerisest.<\/span><\/h6>\n<h6><span style=\"color: #000000;\">Arvesti trafo on r\u00e4nijuhtmetest 5 meetri kaugusel.\u00a0<\/span><\/h6>\n<h6><span style=\"color: #000000;\">Aspectu liivakell t\u00f6\u00f6tab nn\u00a0silmuses alati, kui arvesti on sisse l\u00fclitatud.\u00a0<\/span><\/h6>\n<h6><span style=\"color: #000000;\">Alternatiivina saab arvestiga \u00fchendada ka surunupu, <\/span><\/h6>\n<h6><span style=\"color: #000000;\">millega liivakell &#171;l\u00e4htestab&#187; ja alustab alati algusest, kestus 15 min.<\/span><\/h6>\n<h6><strong><span style=\"color: #000000;\">Valikus on kolm erinevat tooni: Hemlock, kask ja m\u00e4nd.\u00a0<\/span><\/strong><\/h6>\n<h6><span style=\"color: #000000;\">M\u00f5\u00f5t:\u00d8 235 mm, K 16 mm.<\/span><\/h6>\n<h6><strong><span style=\"color: #ff0000;\">NB! M\u00e4rkustesse lisa soovitud v\u00e4rv.<\/span><\/strong><\/h6>\n<h6><strong><span style=\"color: #000000;\">Paigaldusjuhend:<\/span><\/strong><\/h6>\n<p><a href=\"https:\/\/www.cariitti.fi\/app\/uploads\/2023\/08\/1898020_1898021_1898022_1898027_1898028_1898029-asennusohje_21.8.2023.pdf\">https:\/\/www.cariitti.fi\/app\/uploads\/2023\/08\/1898020_1898021_1898022_1898027_1898028_1898029-asennusohje_21.8.2023.pdf<\/a><\/p>\n","protected":false},"excerpt":{"rendered":"<p>Aspectu valgusti on uut t\u00fc\u00fcpi l\u00e4bi paneeli projekteeritav soojus\/niiskusm\u00f5\u00f5tur, mille juurde kuulub ka elektrooniline liivakell.\u00a0 Arvesti saab v\u00e4ga vabalt asetada talle sobivasse kohta saunaruumi seinale.\u00a0 Sobiv paigaldusk\u00f5rgus on ca 30 cm laepinnast ja v\u00e4hemalt 50 cm kerisest. Arvesti trafo on r\u00e4nijuhtmetest 5 meetri kaugusel.\u00a0 Aspectu liivakell t\u00f6\u00f6tab nn\u00a0silmuses alati, kui arvesti on sisse l\u00fclitatud.\u00a0 Alternatiivina [&hellip;]<\/p>\n","protected":false},"featured_media":14705,"comment_status":"open","ping_status":"closed","template":"","meta":{"_acf_changed":false,"_genesis_hide_title":false,"_genesis_hide_breadcrumbs":false,"_genesis_hide_singular_image":false,"_genesis_hide_footer_widgets":false,"_genesis_custom_body_class":"","_genesis_custom_post_class":"","_genesis_layout":""},"product_brand":[],"product_cat":[184],"product_tag":[],"class_list":{"0":"post-14704","1":"product","2":"type-product","3":"status-publish","4":"has-post-thumbnail","6":"product_cat-aksessuaarid","7":"entry","8":"override","10":"first","11":"instock","12":"shipping-taxable","13":"purchasable","14":"product-type-simple"},"acf":[],"_links":{"self":[{"href":"https:\/\/koduspa.ee\/ru\/wp-json\/wp\/v2\/product\/14704","targetHints":{"allow":["GET"]}}],"collection":[{"href":"https:\/\/koduspa.ee\/ru\/wp-json\/wp\/v2\/product"}],"about":[{"href":"https:\/\/koduspa.ee\/ru\/wp-json\/wp\/v2\/types\/product"}],"replies":[{"embeddable":true,"href":"https:\/\/koduspa.ee\/ru\/wp-json\/wp\/v2\/comments?post=14704"}],"wp:featuredmedia":[{"embeddable":true,"href":"https:\/\/koduspa.ee\/ru\/wp-json\/wp\/v2\/media\/14705"}],"wp:attachment":[{"href":"https:\/\/koduspa.ee\/ru\/wp-json\/wp\/v2\/media?parent=14704"}],"wp:term":[{"taxonomy":"product_brand","embeddable":true,"href":"https:\/\/koduspa.ee\/ru\/wp-json\/wp\/v2\/product_brand?post=14704"},{"taxonomy":"product_cat","embeddable":true,"href":"https:\/\/koduspa.ee\/ru\/wp-json\/wp\/v2\/product_cat?post=14704"},{"taxonomy":"product_tag","embeddable":true,"href":"https:\/\/koduspa.ee\/ru\/wp-json\/wp\/v2\/product_tag?post=14704"}],"curies":[{"name":"wp","href":"https:\/\/api.w.org\/{rel}","templated":true}]}}