{"id":14637,"date":"2024-03-19T08:12:37","date_gmt":"2024-03-19T08:12:37","guid":{"rendered":"https:\/\/koduspa.ee\/?post_type=product&#038;p=14637"},"modified":"2025-04-23T07:09:00","modified_gmt":"2025-04-23T07:09:00","slug":"cariitti-kristallne-tahistaevas-4000-k-6-osa","status":"publish","type":"product","link":"https:\/\/koduspa.ee\/ru\/pood\/valgustid-ru\/cariitti-kristallne-tahistaevas-4000-k-6-osa\/","title":{"rendered":"KRISTALLNE T\u00c4HISTAEVAS 4000 K (6 osa)"},"content":{"rendered":"<h6><span style=\"color: #000000;\">75 kiust t\u00e4histaeva komplekt kuue kristalliga.<\/span><\/h6>\n<h6><span style=\"color: #000000;\">T\u00e4ielik paigaldusvalmis komplekt sisaldab plastikkiudude kimpu (75 kiudu),<\/span><\/h6>\n<h6><span style=\"color: #000000;\"> 6 kristalli (2 x CR-12, 2 x CR-16 ja 2 x CR-31), 6 1 W LED-i (4000K \/ IP67) ja toiteallikas.\u00a0<\/span><\/h6>\n<h6><span style=\"color: #000000;\">Sobib\u00a0 ca 3 \u2013 5 m2 ruumi.<\/span><\/h6>\n<h6><span style=\"color: #000000;\">Toiteallikat saab h\u00e4mardada surunupu v\u00f5i Dali kontrolleriga.<\/span><\/h6>\n<h6><span style=\"color: #000000;\">Kristallide valgusallikaks on 1 W \/ 150 mA LED, k\u00fclm (4000K), raam on kroomitud.\u00a0<\/span><\/h6>\n<h6><span style=\"color: #000000;\">Sarja kristallid on: <\/span><span style=\"color: #000000;\">2 tk CR-12,\u00a0<\/span><span style=\"color: #000000;\">2 tk CR-16,\u00a0<\/span><span style=\"color: #000000;\">2 tk CR-31<\/span><\/h6>\n<h6><span style=\"color: #000000;\">Kristallosade pikkused on 12, 16 ja 31 mm, kinnitusava l\u00e4bim\u00f5\u00f5t on \u00f8 12 mm ja <\/span><\/h6>\n<h6><span style=\"color: #000000;\">lambi v\u00e4lisl\u00e4bim\u00f5\u00f5t on \u00f8 18 mm. Vajalik paigalduss\u00fcgavus on v\u00e4ike, vaid 30 mm.\u00a0<\/span><\/h6>\n<h6><span style=\"color: #000000;\">Toode peab olema \u00fchendatud j\u00e4rjestikku.<\/span><\/h6>\n<h6><span style=\"color: #000000;\">Komplektis on ka 75 tk 4 meetri pikkust optilist kiudu.\u00a0Kiu suurus on \u00f8 0,75 mm.\u00a0<\/span><\/h6>\n<h6><span style=\"color: #000000;\">Sarja kiud on plastikust ja taluvad 80 \u00b0C kuumust.\u00a0<\/span><\/h6>\n<h6><span style=\"color: #000000;\">Sarja kiude ei tohi paigaldada leilisauna,<\/span><\/h6>\n<h6><span style=\"color: #000000;\"> kuid need sobivad auru- ja infrapunasauna, kus temperatuur on alla 80 \u00b0C.<\/span><\/h6>\n<h6><strong><span style=\"color: #ff0000;\">NB! Kasutatav liim Epoksiid v\u00f5i vees lahustuv puiduliim. <\/span><\/strong><\/h6>\n<h6><span style=\"color: #000000;\">K\u00f5igi muude liimide kasutamine v\u00f5ib kiude kahjustada.<\/span><\/h6>\n<h6><strong><span style=\"color: #000000;\">Paigaldusjuhend:<\/span><\/strong><\/h6>\n<p><a href=\"https:\/\/www.cariitti.fi\/app\/uploads\/2023\/03\/painonappi_kytkenta_osram_oti_dali_15-1_e.pdf\">https:\/\/www.cariitti.fi\/app\/uploads\/2023\/03\/painonappi_kytkenta_osram_oti_dali_15-1_e.pdf<\/a><\/p>\n<p><a href=\"https:\/\/www.cariitti.fi\/app\/uploads\/2017\/11\/1532611_asennusohje_led_kristallitahtitaivas_8.8.2023.pdf\">https:\/\/www.cariitti.fi\/app\/uploads\/2017\/11\/1532611_asennusohje_led_kristallitahtitaivas_8.8.2023.pdf<\/a><\/p>\n","protected":false},"excerpt":{"rendered":"<p>75 kiust t\u00e4histaeva komplekt kuue kristalliga. T\u00e4ielik paigaldusvalmis komplekt sisaldab plastikkiudude kimpu (75 kiudu), 6 kristalli (2 x CR-12, 2 x CR-16 ja 2 x CR-31), 6 1 W LED-i (4000K \/ IP67) ja toiteallikas.\u00a0 Sobib\u00a0 ca 3 \u2013 5 m2 ruumi. Toiteallikat saab h\u00e4mardada surunupu v\u00f5i Dali kontrolleriga. Kristallide valgusallikaks on 1 W \/ [&hellip;]<\/p>\n","protected":false},"featured_media":14638,"comment_status":"open","ping_status":"closed","template":"","meta":{"_acf_changed":false,"_genesis_hide_title":false,"_genesis_hide_breadcrumbs":false,"_genesis_hide_singular_image":false,"_genesis_hide_footer_widgets":false,"_genesis_custom_body_class":"","_genesis_custom_post_class":"","_genesis_layout":""},"product_brand":[],"product_cat":[180],"product_tag":[],"class_list":{"0":"post-14637","1":"product","2":"type-product","3":"status-publish","4":"has-post-thumbnail","6":"product_cat-valgustid","7":"entry","8":"override","10":"first","11":"instock","12":"shipping-taxable","13":"purchasable","14":"product-type-simple"},"acf":[],"_links":{"self":[{"href":"https:\/\/koduspa.ee\/ru\/wp-json\/wp\/v2\/product\/14637","targetHints":{"allow":["GET"]}}],"collection":[{"href":"https:\/\/koduspa.ee\/ru\/wp-json\/wp\/v2\/product"}],"about":[{"href":"https:\/\/koduspa.ee\/ru\/wp-json\/wp\/v2\/types\/product"}],"replies":[{"embeddable":true,"href":"https:\/\/koduspa.ee\/ru\/wp-json\/wp\/v2\/comments?post=14637"}],"wp:featuredmedia":[{"embeddable":true,"href":"https:\/\/koduspa.ee\/ru\/wp-json\/wp\/v2\/media\/14638"}],"wp:attachment":[{"href":"https:\/\/koduspa.ee\/ru\/wp-json\/wp\/v2\/media?parent=14637"}],"wp:term":[{"taxonomy":"product_brand","embeddable":true,"href":"https:\/\/koduspa.ee\/ru\/wp-json\/wp\/v2\/product_brand?post=14637"},{"taxonomy":"product_cat","embeddable":true,"href":"https:\/\/koduspa.ee\/ru\/wp-json\/wp\/v2\/product_cat?post=14637"},{"taxonomy":"product_tag","embeddable":true,"href":"https:\/\/koduspa.ee\/ru\/wp-json\/wp\/v2\/product_tag?post=14637"}],"curies":[{"name":"wp","href":"https:\/\/api.w.org\/{rel}","templated":true}]}}