{"id":14421,"date":"2023-11-07T12:57:58","date_gmt":"2023-11-07T12:57:58","guid":{"rendered":"https:\/\/koduspa.ee\/?post_type=product&#038;p=14421"},"modified":"2024-03-27T06:50:35","modified_gmt":"2024-03-27T06:50:35","slug":"kinkepakk-brilliant-hobe","status":"publish","type":"product","link":"https:\/\/koduspa.ee\/ru\/pood\/aksessuaarid-ru\/kinkepakk-brilliant-hobe\/","title":{"rendered":"KINKEPAKK TYL\u00d6 BRILLIANT H\u00d5BE"},"content":{"rendered":"<div class=\"row\">\n<div class=\"col-12\">\n<h6 class=\"ng-star-inserted\"><span style=\"font-size: 16px; color: #000000;\">TELLIMISEL!<\/span><\/h6>\n<h6 class=\"ng-star-inserted\"><span style=\"font-size: 16px; color: #000000;\">Stiilse disainiga kinkekarp Brilliant Silver, <\/span><\/h6>\n<h6 class=\"ng-star-inserted\"><span style=\"font-size: 16px; color: #000000;\">mis sisaldab kulpi, \u00e4mbrit, h\u00fcgromeetrit, termomeetrit ja liivakella, <\/span><\/h6>\n<h6 class=\"ng-star-inserted\"><span style=\"font-size: 16px; color: #000000;\">mis annab teie saunale kaasaegse tunde. <\/span><\/h6>\n<h6 class=\"ng-star-inserted\"><span style=\"font-size: 16px; color: #000000;\">Seeria on valmistatud alumiiniumist ning on anodeeritud\u00a0<\/span><\/h6>\n<h6 class=\"ng-star-inserted\"><span style=\"font-size: 16px; color: #000000;\"> liivapritsiga, mis annab k\u00f5rge kvaliteedilise<\/span><\/h6>\n<h6 class=\"ng-star-inserted\"><span style=\"font-size: 16px; color: #000000;\"> viimistluse ja tagab toote vastupidavuse. <\/span><\/h6>\n<h6 class=\"ng-star-inserted\"><span style=\"color: #000000;\"><span style=\"font-size: 16px;\">Puiduosad<\/span> on valmistatud kase puidust ja t\u00e4iendavalt tugevdatud haavapuuga.<\/span><\/h6>\n<h6 class=\"ng-star-inserted\"><span style=\"color: #000000;\">NB! Komplektis olevaid tooteid on v\u00f5imalik osta ka \u00fcksikult.<\/span><\/h6>\n<h6 class=\"ng-star-inserted\"><span style=\"color: #000000;\"> (Vt.aksessuaaride lehelt v\u00f5i meie Salongist)<\/span><\/h6>\n<\/div>\n<\/div>\n","protected":false},"excerpt":{"rendered":"<p>TELLIMISEL! Stiilse disainiga kinkekarp Brilliant Silver, mis sisaldab kulpi, \u00e4mbrit, h\u00fcgromeetrit, termomeetrit ja liivakella, mis annab teie saunale kaasaegse tunde. Seeria on valmistatud alumiiniumist ning on anodeeritud\u00a0 liivapritsiga, mis annab k\u00f5rge kvaliteedilise viimistluse ja tagab toote vastupidavuse. Puiduosad on valmistatud kase puidust ja t\u00e4iendavalt tugevdatud haavapuuga. NB! Komplektis olevaid tooteid on v\u00f5imalik osta ka \u00fcksikult. [&hellip;]<\/p>\n","protected":false},"featured_media":14450,"comment_status":"open","ping_status":"closed","template":"","meta":{"_acf_changed":false,"_genesis_hide_title":false,"_genesis_hide_breadcrumbs":false,"_genesis_hide_singular_image":false,"_genesis_hide_footer_widgets":false,"_genesis_custom_body_class":"","_genesis_custom_post_class":"","_genesis_layout":""},"product_brand":[],"product_cat":[184],"product_tag":[],"class_list":{"0":"post-14421","1":"product","2":"type-product","3":"status-publish","4":"has-post-thumbnail","6":"product_cat-aksessuaarid","7":"entry","8":"override","10":"first","11":"instock","12":"shipping-taxable","13":"purchasable","14":"product-type-simple"},"acf":[],"_links":{"self":[{"href":"https:\/\/koduspa.ee\/ru\/wp-json\/wp\/v2\/product\/14421","targetHints":{"allow":["GET"]}}],"collection":[{"href":"https:\/\/koduspa.ee\/ru\/wp-json\/wp\/v2\/product"}],"about":[{"href":"https:\/\/koduspa.ee\/ru\/wp-json\/wp\/v2\/types\/product"}],"replies":[{"embeddable":true,"href":"https:\/\/koduspa.ee\/ru\/wp-json\/wp\/v2\/comments?post=14421"}],"wp:featuredmedia":[{"embeddable":true,"href":"https:\/\/koduspa.ee\/ru\/wp-json\/wp\/v2\/media\/14450"}],"wp:attachment":[{"href":"https:\/\/koduspa.ee\/ru\/wp-json\/wp\/v2\/media?parent=14421"}],"wp:term":[{"taxonomy":"product_brand","embeddable":true,"href":"https:\/\/koduspa.ee\/ru\/wp-json\/wp\/v2\/product_brand?post=14421"},{"taxonomy":"product_cat","embeddable":true,"href":"https:\/\/koduspa.ee\/ru\/wp-json\/wp\/v2\/product_cat?post=14421"},{"taxonomy":"product_tag","embeddable":true,"href":"https:\/\/koduspa.ee\/ru\/wp-json\/wp\/v2\/product_tag?post=14421"}],"curies":[{"name":"wp","href":"https:\/\/api.w.org\/{rel}","templated":true}]}}