{"id":14394,"date":"2023-11-07T07:43:56","date_gmt":"2023-11-07T07:43:56","guid":{"rendered":"https:\/\/koduspa.ee\/?post_type=product&#038;p=14394"},"modified":"2025-03-25T08:30:24","modified_gmt":"2025-03-25T08:30:24","slug":"luhta-sauna-lohnastaja","status":"publish","type":"product","link":"https:\/\/koduspa.ee\/ru\/pood\/saunaaroomid-olid-ru\/luhta-sauna-lohnastaja\/","title":{"rendered":"LUHTA SAUNA L\u00d5HNASTAJA"},"content":{"rendered":"<div class=\"row ng-star-inserted\">\n<div class=\"col-12\">\n<h6 class=\"mb-0\"><span style=\"font-size: 16px; color: #000000;\">Luhta Tupa l\u00f5hnastaja toob sauna eheda hubase atmosf\u00e4\u00e4ri. <\/span><\/h6>\n<h6 class=\"mb-0\"><span style=\"font-size: 16px; color: #000000;\">Dekoratiivne l\u00f5hnapudel on valmistatud stiilsest matist klaasist. <\/span><\/h6>\n<h6 class=\"mb-0\"><span style=\"font-size: 16px; color: #000000;\">Pulkade arvuga saate kontrollida l\u00f5hna tugevust. <\/span><\/h6>\n<h6 class=\"mb-0\"><span style=\"font-size: 16px; color: #000000;\">Suitsune, kuiva puidu, m\u00e4nni aroomiga<\/span><\/h6>\n<h6 class=\"mb-0\"><span style=\"color: #000000;\"><span style=\"font-size: 16px;\">sauna<\/span><span style=\"font-size: 16px;\">l\u00f5hn on valmistatud Soomes.<\/span><\/span><\/h6>\n<\/div>\n<\/div>\n","protected":false},"excerpt":{"rendered":"<p>Luhta Tupa l\u00f5hnastaja toob sauna eheda hubase atmosf\u00e4\u00e4ri. Dekoratiivne l\u00f5hnapudel on valmistatud stiilsest matist klaasist. Pulkade arvuga saate kontrollida l\u00f5hna tugevust. Suitsune, kuiva puidu, m\u00e4nni aroomiga saunal\u00f5hn on valmistatud Soomes.<\/p>\n","protected":false},"featured_media":14395,"comment_status":"open","ping_status":"closed","template":"","meta":{"_acf_changed":false,"_genesis_hide_title":false,"_genesis_hide_breadcrumbs":false,"_genesis_hide_singular_image":false,"_genesis_hide_footer_widgets":false,"_genesis_custom_body_class":"","_genesis_custom_post_class":"","_genesis_layout":""},"product_brand":[],"product_cat":[362],"product_tag":[],"class_list":{"0":"post-14394","1":"product","2":"type-product","3":"status-publish","4":"has-post-thumbnail","6":"product_cat-saunaaroomid-olid","7":"entry","8":"override","10":"first","11":"instock","12":"shipping-taxable","13":"purchasable","14":"product-type-simple"},"acf":[],"_links":{"self":[{"href":"https:\/\/koduspa.ee\/ru\/wp-json\/wp\/v2\/product\/14394","targetHints":{"allow":["GET"]}}],"collection":[{"href":"https:\/\/koduspa.ee\/ru\/wp-json\/wp\/v2\/product"}],"about":[{"href":"https:\/\/koduspa.ee\/ru\/wp-json\/wp\/v2\/types\/product"}],"replies":[{"embeddable":true,"href":"https:\/\/koduspa.ee\/ru\/wp-json\/wp\/v2\/comments?post=14394"}],"wp:featuredmedia":[{"embeddable":true,"href":"https:\/\/koduspa.ee\/ru\/wp-json\/wp\/v2\/media\/14395"}],"wp:attachment":[{"href":"https:\/\/koduspa.ee\/ru\/wp-json\/wp\/v2\/media?parent=14394"}],"wp:term":[{"taxonomy":"product_brand","embeddable":true,"href":"https:\/\/koduspa.ee\/ru\/wp-json\/wp\/v2\/product_brand?post=14394"},{"taxonomy":"product_cat","embeddable":true,"href":"https:\/\/koduspa.ee\/ru\/wp-json\/wp\/v2\/product_cat?post=14394"},{"taxonomy":"product_tag","embeddable":true,"href":"https:\/\/koduspa.ee\/ru\/wp-json\/wp\/v2\/product_tag?post=14394"}],"curies":[{"name":"wp","href":"https:\/\/api.w.org\/{rel}","templated":true}]}}