{"id":14268,"date":"2023-09-20T10:12:23","date_gmt":"2023-09-20T10:12:23","guid":{"rendered":"https:\/\/koduspa.ee\/?post_type=product&#038;p=14268"},"modified":"2025-10-29T07:07:00","modified_gmt":"2025-10-29T07:07:00","slug":"elektrikeris-crown-combi-6-elite-hall","status":"publish","type":"product","link":"https:\/\/koduspa.ee\/ru\/pood\/tylo-elektrikerised-ru\/elektrikeris-crown-combi-6-elite-hall\/","title":{"rendered":"ELEKTRIKERIS CROWN COMBI 6 ELITE HALL"},"content":{"rendered":"<h6>Keris on kergesti asetatav sauna.<\/h6>\n<h6>P\u00f5randal seisvat seadet on oma kitsaste<\/h6>\n<h6>40 cm laiuste k\u00fclgedega lihtne paigutada nurka,<\/h6>\n<h6>vastu seina v\u00f5i vastu klaasist esik\u00fclge.<\/h6>\n<h6>Standardvarustuses kasutatakse juhuslike p\u00f5letuste eest<\/h6>\n<h6>kaitsmiseks ainulaadset Thermosafe\u2122 puutekaitset.<\/h6>\n<h6>Seadmel on sisseehitatud valgustus.<\/h6>\n<h6>Combi (auru) versioon v\u00f5ib saavutada kuni 25% energias\u00e4\u00e4stu<\/h6>\n<h6>v\u00f5rreldes traditsioonilise seadmega,<\/h6>\n<h6>kui seda kasutatakse temperatuuril 65-70\u00b0 ja niiskustasemel 35%.<\/h6>\n<h6>Kaasas juhtpaneel Elite wifi v\u00f5imalusega.<\/h6>\n<h6>M\u00f5\u00f5t: S442xL365xK806mm<\/h6>\n<h6>6,6 kW, saunaruumile 4-8m3.<\/h6>\n<h6>OHUTUSKAUGUS: K\u00fclg\/sein 50mm, lagi 1900mm.<\/h6>\n<h6>Kasutus- ja paigaldusjuhend:<\/h6>\n<p><a href=\"https:\/\/s3-eu-west-1.amazonaws.com\/gung-images-bucket-ireland\/tylo\/pim-item\/61002050\/2900%205520%20CROWN%20COMBI%20Elite%20installation.pdf\">https:\/\/s3-eu-west-1.amazonaws.com\/gung-images-bucket-ireland\/tylo\/pim-item\/61002050\/2900%205520%20CROWN%20COMBI%20Elite%20installation.pdf<\/a><\/p>\n<p><a href=\"https:\/\/s3-eu-west-1.amazonaws.com\/gung-images-bucket-ireland\/tylo\/pim-item\/61002050\/2900%205530%20CROWN%20COMBI%20Elite%20User%20Guide.pdf\">https:\/\/s3-eu-west-1.amazonaws.com\/gung-images-bucket-ireland\/tylo\/pim-item\/61002050\/2900%205530%20CROWN%20COMBI%20Elite%20User%20Guide.pdf<\/a><\/p>\n<p><a href=\"https:\/\/s3-eu-west-1.amazonaws.com\/gung-images-bucket-ireland\/tylo\/pim-item\/61002050\/2900%205542%20lift%20out%20Crown%20Combi.pdf\">https:\/\/s3-eu-west-1.amazonaws.com\/gung-images-bucket-ireland\/tylo\/pim-item\/61002050\/2900%205542%20lift%20out%20Crown%20Combi.pdf<\/a><\/p>\n","protected":false},"excerpt":{"rendered":"<p>Keris on kergesti asetatav sauna. P\u00f5randal seisvat seadet on oma kitsaste 40 cm laiuste k\u00fclgedega lihtne paigutada nurka, vastu seina v\u00f5i vastu klaasist esik\u00fclge. Standardvarustuses kasutatakse juhuslike p\u00f5letuste eest kaitsmiseks ainulaadset Thermosafe\u2122 puutekaitset. Seadmel on sisseehitatud valgustus. Combi (auru) versioon v\u00f5ib saavutada kuni 25% energias\u00e4\u00e4stu v\u00f5rreldes traditsioonilise seadmega, kui seda kasutatakse temperatuuril 65-70\u00b0 ja niiskustasemel [&hellip;]<\/p>\n","protected":false},"featured_media":14269,"comment_status":"open","ping_status":"closed","template":"","meta":{"_acf_changed":false,"_genesis_hide_title":false,"_genesis_hide_breadcrumbs":false,"_genesis_hide_singular_image":false,"_genesis_hide_footer_widgets":false,"_genesis_custom_body_class":"","_genesis_custom_post_class":"","_genesis_layout":""},"product_brand":[],"product_cat":[173],"product_tag":[],"class_list":{"0":"post-14268","1":"product","2":"type-product","3":"status-publish","4":"has-post-thumbnail","6":"product_cat-tylo-elektrikerised","7":"entry","8":"override","10":"first","11":"instock","12":"shipping-taxable","13":"purchasable","14":"product-type-simple"},"acf":[],"_links":{"self":[{"href":"https:\/\/koduspa.ee\/ru\/wp-json\/wp\/v2\/product\/14268","targetHints":{"allow":["GET"]}}],"collection":[{"href":"https:\/\/koduspa.ee\/ru\/wp-json\/wp\/v2\/product"}],"about":[{"href":"https:\/\/koduspa.ee\/ru\/wp-json\/wp\/v2\/types\/product"}],"replies":[{"embeddable":true,"href":"https:\/\/koduspa.ee\/ru\/wp-json\/wp\/v2\/comments?post=14268"}],"wp:featuredmedia":[{"embeddable":true,"href":"https:\/\/koduspa.ee\/ru\/wp-json\/wp\/v2\/media\/14269"}],"wp:attachment":[{"href":"https:\/\/koduspa.ee\/ru\/wp-json\/wp\/v2\/media?parent=14268"}],"wp:term":[{"taxonomy":"product_brand","embeddable":true,"href":"https:\/\/koduspa.ee\/ru\/wp-json\/wp\/v2\/product_brand?post=14268"},{"taxonomy":"product_cat","embeddable":true,"href":"https:\/\/koduspa.ee\/ru\/wp-json\/wp\/v2\/product_cat?post=14268"},{"taxonomy":"product_tag","embeddable":true,"href":"https:\/\/koduspa.ee\/ru\/wp-json\/wp\/v2\/product_tag?post=14268"}],"curies":[{"name":"wp","href":"https:\/\/api.w.org\/{rel}","templated":true}]}}