{"id":14250,"date":"2023-09-20T09:51:55","date_gmt":"2023-09-20T09:51:55","guid":{"rendered":"https:\/\/koduspa.ee\/?post_type=product&#038;p=14250"},"modified":"2025-10-29T07:08:55","modified_gmt":"2025-10-29T07:08:55","slug":"elektrikeris-crown-combi-8-elite-must","status":"publish","type":"product","link":"https:\/\/koduspa.ee\/ru\/pood\/tylo-elektrikerised-ru\/elektrikeris-crown-combi-8-elite-must\/","title":{"rendered":"ELEKTRIKERIS CROWN COMBI 8 ELITE MUST"},"content":{"rendered":"<h6><span style=\"color: #000000;\">Keris on kergesti asetatav sauna. <\/span><\/h6>\n<h6><span style=\"color: #000000;\">P\u00f5randal seisvat seadet on oma kitsaste <\/span><\/h6>\n<h6><span style=\"color: #000000;\">40 cm laiuste k\u00fclgedega lihtne paigutada nurka, <\/span><\/h6>\n<h6><span style=\"color: #000000;\">vastu seina v\u00f5i vastu klaasist esik\u00fclge. <\/span><\/h6>\n<h6><span style=\"color: #000000;\">Standardvarustuses kasutatakse juhuslike p\u00f5letuste eest<\/span><\/h6>\n<h6><span style=\"color: #000000;\"> kaitsmiseks ainulaadset Thermosafe\u2122 puutekaitset. <\/span><\/h6>\n<h6><span style=\"color: #000000;\">Seadmel on sisseehitatud valgustus. <\/span><\/h6>\n<h6><span style=\"color: #000000;\">Combi (auru) versioon v\u00f5ib saavutada kuni 25% energias\u00e4\u00e4stu <\/span><\/h6>\n<h6><span style=\"color: #000000;\">v\u00f5rreldes traditsioonilise seadmega, <\/span><\/h6>\n<h6><span style=\"color: #000000;\">kui seda kasutatakse temperatuuril 65-70\u00b0 ja niiskustasemel 35%. <\/span><\/h6>\n<h6><span style=\"color: #000000;\">Kaasas juhtpaneel Elite wifi v\u00f5imalusega.<\/span><\/h6>\n<h6><span style=\"color: #000000;\">M\u00f5\u00f5t: S442xL365xK806mm<\/span><\/h6>\n<h6><span style=\"color: #000000;\">8 kW, saunaruumile 6-12m3.<\/span><\/h6>\n<h6><span style=\"color: #000000;\">OHUTUSKAUGUS: K\u00fclg\/sein 50mm, lagi 1900mm.<\/span><\/h6>\n<h6><span style=\"color: #000000;\">Kasutus- ja paigaldusjuhend:<\/span><\/h6>\n<p><a href=\"https:\/\/s3-eu-west-1.amazonaws.com\/gung-images-bucket-ireland\/tylo\/pim-item\/61002050\/2900%205520%20CROWN%20COMBI%20Elite%20installation.pdf\">https:\/\/s3-eu-west-1.amazonaws.com\/gung-images-bucket-ireland\/tylo\/pim-item\/61002050\/2900%205520%20CROWN%20COMBI%20Elite%20installation.pdf<\/a><\/p>\n<p><a href=\"https:\/\/s3-eu-west-1.amazonaws.com\/gung-images-bucket-ireland\/tylo\/pim-item\/61002050\/2900%205530%20CROWN%20COMBI%20Elite%20User%20Guide.pdf\">https:\/\/s3-eu-west-1.amazonaws.com\/gung-images-bucket-ireland\/tylo\/pim-item\/61002050\/2900%205530%20CROWN%20COMBI%20Elite%20User%20Guide.pdf<\/a><\/p>\n<p><a href=\"https:\/\/s3-eu-west-1.amazonaws.com\/gung-images-bucket-ireland\/tylo\/pim-item\/61002050\/2900%205542%20lift%20out%20Crown%20Combi.pdf\">https:\/\/s3-eu-west-1.amazonaws.com\/gung-images-bucket-ireland\/tylo\/pim-item\/61002050\/2900%205542%20lift%20out%20Crown%20Combi.pdf<\/a><\/p>\n<h6><\/h6>\n","protected":false},"excerpt":{"rendered":"<p>Keris on kergesti asetatav sauna. P\u00f5randal seisvat seadet on oma kitsaste 40 cm laiuste k\u00fclgedega lihtne paigutada nurka, vastu seina v\u00f5i vastu klaasist esik\u00fclge. Standardvarustuses kasutatakse juhuslike p\u00f5letuste eest kaitsmiseks ainulaadset Thermosafe\u2122 puutekaitset. Seadmel on sisseehitatud valgustus. Combi (auru) versioon v\u00f5ib saavutada kuni 25% energias\u00e4\u00e4stu v\u00f5rreldes traditsioonilise seadmega, kui seda kasutatakse temperatuuril 65-70\u00b0 ja niiskustasemel [&hellip;]<\/p>\n","protected":false},"featured_media":14244,"comment_status":"open","ping_status":"closed","template":"","meta":{"_acf_changed":false,"_genesis_hide_title":false,"_genesis_hide_breadcrumbs":false,"_genesis_hide_singular_image":false,"_genesis_hide_footer_widgets":false,"_genesis_custom_body_class":"","_genesis_custom_post_class":"","_genesis_layout":""},"product_brand":[],"product_cat":[173],"product_tag":[],"class_list":{"0":"post-14250","1":"product","2":"type-product","3":"status-publish","4":"has-post-thumbnail","6":"product_cat-tylo-elektrikerised","7":"entry","8":"override","10":"first","11":"instock","12":"shipping-taxable","13":"purchasable","14":"product-type-simple"},"acf":[],"_links":{"self":[{"href":"https:\/\/koduspa.ee\/ru\/wp-json\/wp\/v2\/product\/14250","targetHints":{"allow":["GET"]}}],"collection":[{"href":"https:\/\/koduspa.ee\/ru\/wp-json\/wp\/v2\/product"}],"about":[{"href":"https:\/\/koduspa.ee\/ru\/wp-json\/wp\/v2\/types\/product"}],"replies":[{"embeddable":true,"href":"https:\/\/koduspa.ee\/ru\/wp-json\/wp\/v2\/comments?post=14250"}],"wp:featuredmedia":[{"embeddable":true,"href":"https:\/\/koduspa.ee\/ru\/wp-json\/wp\/v2\/media\/14244"}],"wp:attachment":[{"href":"https:\/\/koduspa.ee\/ru\/wp-json\/wp\/v2\/media?parent=14250"}],"wp:term":[{"taxonomy":"product_brand","embeddable":true,"href":"https:\/\/koduspa.ee\/ru\/wp-json\/wp\/v2\/product_brand?post=14250"},{"taxonomy":"product_cat","embeddable":true,"href":"https:\/\/koduspa.ee\/ru\/wp-json\/wp\/v2\/product_cat?post=14250"},{"taxonomy":"product_tag","embeddable":true,"href":"https:\/\/koduspa.ee\/ru\/wp-json\/wp\/v2\/product_tag?post=14250"}],"curies":[{"name":"wp","href":"https:\/\/api.w.org\/{rel}","templated":true}]}}