{"id":14210,"date":"2023-09-19T12:39:55","date_gmt":"2023-09-19T12:39:55","guid":{"rendered":"https:\/\/koduspa.ee\/?post_type=product&#038;p=14210"},"modified":"2024-04-08T08:39:27","modified_gmt":"2024-04-08T08:39:27","slug":"saunasisu-ribi-200x200-lepp","status":"publish","type":"product","link":"https:\/\/koduspa.ee\/ru\/pood\/saunaruumid\/saunasisu-ribi-200x200-lepp\/","title":{"rendered":"TYL\u00d6 SAUNASISU RIBI 200X200 LEPP"},"content":{"rendered":"<h6><span style=\"color: #000000;\">Kohandatud interj\u00f6\u00f6r 28x28mm lepa liistudes Sauna Reflection 200&#215;200 jaoks. <\/span><\/h6>\n<h6><span style=\"color: #000000;\">Interj\u00f6\u00f6r koosneb kahest pingist m\u00f5\u00f5tmetega 434x1876mm ja 608x1876mm. <\/span><\/h6>\n<h6><span style=\"color: #000000;\">Pinkidel lasergraveeritud logo. <\/span><\/h6>\n<h6><span style=\"color: #000000;\">Sauna Reflection Rib ruumis on interj\u00f6\u00f6ri kronsteinid, <\/span><\/h6>\n<h6><span style=\"color: #000000;\">mis h\u00f5lbustavad kokkupanekut. <\/span><\/h6>\n<h6><span style=\"color: #000000;\">Kaasas on 1876 mm pikkune Neoon LED-iga seljatugi.<\/span><\/h6>\n","protected":false},"excerpt":{"rendered":"<p>Kohandatud interj\u00f6\u00f6r 28x28mm lepa liistudes Sauna Reflection 200&#215;200 jaoks. Interj\u00f6\u00f6r koosneb kahest pingist m\u00f5\u00f5tmetega 434x1876mm ja 608x1876mm. Pinkidel lasergraveeritud logo. Sauna Reflection Rib ruumis on interj\u00f6\u00f6ri kronsteinid, mis h\u00f5lbustavad kokkupanekut. Kaasas on 1876 mm pikkune Neoon LED-iga seljatugi.<\/p>\n","protected":false},"featured_media":14207,"comment_status":"open","ping_status":"closed","template":"","meta":{"_acf_changed":false,"_genesis_hide_title":false,"_genesis_hide_breadcrumbs":false,"_genesis_hide_singular_image":false,"_genesis_hide_footer_widgets":false,"_genesis_custom_body_class":"","_genesis_custom_post_class":"","_genesis_layout":""},"product_cat":[174],"product_tag":[],"acf":[],"_links":{"self":[{"href":"https:\/\/koduspa.ee\/ru\/wp-json\/wp\/v2\/product\/14210"}],"collection":[{"href":"https:\/\/koduspa.ee\/ru\/wp-json\/wp\/v2\/product"}],"about":[{"href":"https:\/\/koduspa.ee\/ru\/wp-json\/wp\/v2\/types\/product"}],"replies":[{"embeddable":true,"href":"https:\/\/koduspa.ee\/ru\/wp-json\/wp\/v2\/comments?post=14210"}],"wp:featuredmedia":[{"embeddable":true,"href":"https:\/\/koduspa.ee\/ru\/wp-json\/wp\/v2\/media\/14207"}],"wp:attachment":[{"href":"https:\/\/koduspa.ee\/ru\/wp-json\/wp\/v2\/media?parent=14210"}],"wp:term":[{"taxonomy":"product_cat","embeddable":true,"href":"https:\/\/koduspa.ee\/ru\/wp-json\/wp\/v2\/product_cat?post=14210"},{"taxonomy":"product_tag","embeddable":true,"href":"https:\/\/koduspa.ee\/ru\/wp-json\/wp\/v2\/product_tag?post=14210"}],"curies":[{"name":"wp","href":"https:\/\/api.w.org\/{rel}","templated":true}]}}