{"id":14187,"date":"2023-09-19T11:55:31","date_gmt":"2023-09-19T11:55:31","guid":{"rendered":"https:\/\/koduspa.ee\/?post_type=product&#038;p=14187"},"modified":"2024-04-06T13:07:22","modified_gmt":"2024-04-06T13:07:22","slug":"sisepeegeldus-lai-180x180-haab","status":"publish","type":"product","link":"https:\/\/koduspa.ee\/ru\/pood\/saunaruumid-ru\/sisepeegeldus-lai-180x180-haab\/","title":{"rendered":"TYL\u00d6 SAUNASISU LAI 180X180 HAAB"},"content":{"rendered":"<div class=\"row\">\n<div class=\"col-12\">\n<h6 class=\"ng-star-inserted\"><span style=\"color: #000000; font-size: 16px;\">Saavutage harmooniliselt tasakaalustatud ja poleeritud v\u00e4limus,<\/span><\/h6>\n<h6 class=\"ng-star-inserted\"><span style=\"color: #000000; font-size: 16px;\">laiad\u00a0 Wide-haavapuidust paneelid,\u00a0<\/span><\/h6>\n<h6 class=\"ng-star-inserted\"><span style=\"color: #000000; font-size: 16px;\">interj\u00f6\u00f6r\u00a0 mis tagab mugavust t\u00e4is elegantsi, <\/span><\/h6>\n<h6 class=\"ng-star-inserted\"><span style=\"color: #000000; font-size: 16px;\">t\u00e4iustab graatsiliselt teie saunas k\u00fclalislahke \u00f5hkkonna.<\/span><\/h6>\n<\/div>\n<\/div>\n<div class=\"row ng-star-inserted\">\n<div class=\"col-12\">\n<h6 class=\"mb-1 description-line-break\"><span style=\"color: #000000;\">Kohandatud interj\u00f6\u00f6r 140mm lavalaudadest,<\/span><\/h6>\n<h6 class=\"mb-1 description-line-break\"><span style=\"color: #000000;\"> Aspen for Sauna Reflection 180&#215;180 Wide. <\/span><\/h6>\n<h6 class=\"mb-1 description-line-break\"><span style=\"color: #000000;\">Interj\u00f6\u00f6r koosneb kahest pingist, m\u00f5\u00f5tudega 446x1588mm. <\/span><\/h6>\n<h6 class=\"mb-1 description-line-break\"><span style=\"color: #000000;\">Pinkidel lasergraveeritud logo. <\/span><\/h6>\n<h6 class=\"mb-1 description-line-break\"><span style=\"color: #000000;\">Kaasas on 1582 mm pikkune Neoon LED-iga seljatugi.<\/span><\/h6>\n<\/div>\n<\/div>\n","protected":false},"excerpt":{"rendered":"<p>Saavutage harmooniliselt tasakaalustatud ja poleeritud v\u00e4limus, laiad\u00a0 Wide-haavapuidust paneelid,\u00a0 interj\u00f6\u00f6r\u00a0 mis tagab mugavust t\u00e4is elegantsi, t\u00e4iustab graatsiliselt teie saunas k\u00fclalislahke \u00f5hkkonna. Kohandatud interj\u00f6\u00f6r 140mm lavalaudadest, Aspen for Sauna Reflection 180&#215;180 Wide. Interj\u00f6\u00f6r koosneb kahest pingist, m\u00f5\u00f5tudega 446x1588mm. Pinkidel lasergraveeritud logo. Kaasas on 1582 mm pikkune Neoon LED-iga seljatugi.<\/p>\n","protected":false},"featured_media":14188,"comment_status":"open","ping_status":"closed","template":"","meta":{"_acf_changed":false,"_genesis_hide_title":false,"_genesis_hide_breadcrumbs":false,"_genesis_hide_singular_image":false,"_genesis_hide_footer_widgets":false,"_genesis_custom_body_class":"","_genesis_custom_post_class":"","_genesis_layout":""},"product_brand":[],"product_cat":[174],"product_tag":[],"class_list":{"0":"post-14187","1":"product","2":"type-product","3":"status-publish","4":"has-post-thumbnail","6":"product_cat-saunaruumid","7":"entry","8":"override","10":"first","11":"instock","12":"shipping-taxable","13":"purchasable","14":"product-type-simple"},"acf":[],"_links":{"self":[{"href":"https:\/\/koduspa.ee\/ru\/wp-json\/wp\/v2\/product\/14187","targetHints":{"allow":["GET"]}}],"collection":[{"href":"https:\/\/koduspa.ee\/ru\/wp-json\/wp\/v2\/product"}],"about":[{"href":"https:\/\/koduspa.ee\/ru\/wp-json\/wp\/v2\/types\/product"}],"replies":[{"embeddable":true,"href":"https:\/\/koduspa.ee\/ru\/wp-json\/wp\/v2\/comments?post=14187"}],"wp:featuredmedia":[{"embeddable":true,"href":"https:\/\/koduspa.ee\/ru\/wp-json\/wp\/v2\/media\/14188"}],"wp:attachment":[{"href":"https:\/\/koduspa.ee\/ru\/wp-json\/wp\/v2\/media?parent=14187"}],"wp:term":[{"taxonomy":"product_brand","embeddable":true,"href":"https:\/\/koduspa.ee\/ru\/wp-json\/wp\/v2\/product_brand?post=14187"},{"taxonomy":"product_cat","embeddable":true,"href":"https:\/\/koduspa.ee\/ru\/wp-json\/wp\/v2\/product_cat?post=14187"},{"taxonomy":"product_tag","embeddable":true,"href":"https:\/\/koduspa.ee\/ru\/wp-json\/wp\/v2\/product_tag?post=14187"}],"curies":[{"name":"wp","href":"https:\/\/api.w.org\/{rel}","templated":true}]}}