{"id":14131,"date":"2023-09-06T09:05:41","date_gmt":"2023-09-06T09:05:41","guid":{"rendered":"https:\/\/koduspa.ee\/?post_type=product&#038;p=14131"},"modified":"2025-11-21T08:19:06","modified_gmt":"2025-11-21T08:19:06","slug":"ratik-punane","status":"publish","type":"product","link":"https:\/\/koduspa.ee\/ru\/pood\/aksessuaarid-ru\/ratik-punane\/","title":{"rendered":"RANNA\/SAUNAR\u00c4TIK PUNANE"},"content":{"rendered":"<h6><span style=\"color: #000000;\">R\u00e4tik kasutamiseks saunas, rannas jne.<\/span><\/h6>\n<h6><span style=\"color: #000000;\">M\u00f5\u00f5duga 80x170cm,<\/span><\/h6>\n<h6><span style=\"color: #000000;\">100% puuvill.<\/span><\/h6>\n","protected":false},"excerpt":{"rendered":"<p>R\u00e4tik kasutamiseks saunas, rannas jne. M\u00f5\u00f5duga 80x170cm, 100% puuvill.<\/p>\n","protected":false},"featured_media":14132,"comment_status":"open","ping_status":"closed","template":"","meta":{"_acf_changed":false,"_genesis_hide_title":false,"_genesis_hide_breadcrumbs":false,"_genesis_hide_singular_image":false,"_genesis_hide_footer_widgets":false,"_genesis_custom_body_class":"","_genesis_custom_post_class":"","_genesis_layout":""},"product_brand":[],"product_cat":[184],"product_tag":[],"class_list":{"0":"post-14131","1":"product","2":"type-product","3":"status-publish","4":"has-post-thumbnail","6":"product_cat-aksessuaarid","7":"entry","8":"override","10":"first","11":"instock","12":"shipping-taxable","13":"purchasable","14":"product-type-simple"},"acf":[],"_links":{"self":[{"href":"https:\/\/koduspa.ee\/ru\/wp-json\/wp\/v2\/product\/14131","targetHints":{"allow":["GET"]}}],"collection":[{"href":"https:\/\/koduspa.ee\/ru\/wp-json\/wp\/v2\/product"}],"about":[{"href":"https:\/\/koduspa.ee\/ru\/wp-json\/wp\/v2\/types\/product"}],"replies":[{"embeddable":true,"href":"https:\/\/koduspa.ee\/ru\/wp-json\/wp\/v2\/comments?post=14131"}],"wp:featuredmedia":[{"embeddable":true,"href":"https:\/\/koduspa.ee\/ru\/wp-json\/wp\/v2\/media\/14132"}],"wp:attachment":[{"href":"https:\/\/koduspa.ee\/ru\/wp-json\/wp\/v2\/media?parent=14131"}],"wp:term":[{"taxonomy":"product_brand","embeddable":true,"href":"https:\/\/koduspa.ee\/ru\/wp-json\/wp\/v2\/product_brand?post=14131"},{"taxonomy":"product_cat","embeddable":true,"href":"https:\/\/koduspa.ee\/ru\/wp-json\/wp\/v2\/product_cat?post=14131"},{"taxonomy":"product_tag","embeddable":true,"href":"https:\/\/koduspa.ee\/ru\/wp-json\/wp\/v2\/product_tag?post=14131"}],"curies":[{"name":"wp","href":"https:\/\/api.w.org\/{rel}","templated":true}]}}