{"id":14106,"date":"2023-09-06T06:55:11","date_gmt":"2023-09-06T06:55:11","guid":{"rendered":"https:\/\/koduspa.ee\/?post_type=product&#038;p=14106"},"modified":"2024-04-06T10:50:37","modified_gmt":"2024-04-06T10:50:37","slug":"led-riba-siluett-6m-trafo","status":"publish","type":"product","link":"https:\/\/koduspa.ee\/ru\/pood\/tylo-valgustid\/led-riba-siluett-6m-trafo\/","title":{"rendered":"TYL\u00d6 LED &#8212; RIBA SILUETT 6M + TRAFO"},"content":{"rendered":"<div class=\"row\">\n<div class=\"col-12\">\n<h6 class=\"ng-star-inserted\"><span style=\"color: #000000; font-size: 16px;\">Selle 6-meetrise LED-riba abil saab ehitada saunas oma valgustuse maast laeni, <\/span><\/h6>\n<h6 class=\"ng-star-inserted\"><span style=\"color: #000000; font-size: 16px;\">vertikaalselt v\u00f5i horisontaalselt. <\/span><span style=\"color: #000000; font-size: 16px;\">See on punktideta, nagu neoontoru. <\/span><\/h6>\n<h6 class=\"ng-star-inserted\"><span style=\"color: #000000; font-size: 16px;\">See on \u00fchendatud 2 m silikoonjuhtmega m\u00f5lemas otsas, <\/span><\/h6>\n<h6 class=\"ng-star-inserted\"><span style=\"color: #000000; font-size: 16px;\">nii et selle saab l\u00f5igata mitmeks LED-ribaks. <\/span><\/h6>\n<h6 class=\"ng-star-inserted\"><span style=\"color: #000000; font-size: 16px;\">Pikkused on teie enda otsustada. <\/span><\/h6>\n<h6 class=\"ng-star-inserted\"><span style=\"color: #000000; font-size: 16px;\">LED-riba v\u00f5ib painduda \u00fches suunas, i<\/span><span style=\"color: #000000; font-size: 16px;\">deaalne kasutada\u00a0 nurkades.<\/span><\/h6>\n<h6 class=\"ng-star-inserted\"><span style=\"color: #000000; font-size: 16px;\">V\u00f5imsus on 6 W\/meeter. <\/span><span style=\"color: #000000; font-size: 16px;\">Kaasasolev trafo ei ole h\u00e4mardatav, <\/span><\/h6>\n<h6 class=\"ng-star-inserted\"><span style=\"color: #000000; font-size: 16px;\">sisend 220-240 AC, v\u00e4ljund 12 VDC 60 W.<\/span><\/h6>\n<h6 class=\"ng-star-inserted\"><span style=\"color: #000000; font-size: 16px;\">Kasutusjuhend:<\/span><\/h6>\n<p><a href=\"https:\/\/s3-eu-west-1.amazonaws.com\/gung-images-bucket-ireland\/tylo\/pim-item\/90011372\/2900%203260%20Sauna%20Proof%20LED.pdf\">https:\/\/s3-eu-west-1.amazonaws.com\/gung-images-bucket-ireland\/tylo\/pim-item\/90011372\/2900%203260%20Sauna%20Proof%20LED.pdf<\/a><\/p>\n<\/div>\n<\/div>\n","protected":false},"excerpt":{"rendered":"<p>Selle 6-meetrise LED-riba abil saab ehitada saunas oma valgustuse maast laeni, vertikaalselt v\u00f5i horisontaalselt. See on punktideta, nagu neoontoru. See on \u00fchendatud 2 m silikoonjuhtmega m\u00f5lemas otsas, nii et selle saab l\u00f5igata mitmeks LED-ribaks. Pikkused on teie enda otsustada. LED-riba v\u00f5ib painduda \u00fches suunas, ideaalne kasutada\u00a0 nurkades. V\u00f5imsus on 6 W\/meeter. Kaasasolev trafo ei ole [&hellip;]<\/p>\n","protected":false},"featured_media":14107,"comment_status":"open","ping_status":"closed","template":"","meta":{"_acf_changed":false,"_genesis_hide_title":false,"_genesis_hide_breadcrumbs":false,"_genesis_hide_singular_image":false,"_genesis_hide_footer_widgets":false,"_genesis_custom_body_class":"","_genesis_custom_post_class":"","_genesis_layout":""},"product_brand":[],"product_cat":[372],"product_tag":[],"class_list":{"0":"post-14106","1":"product","2":"type-product","3":"status-publish","4":"has-post-thumbnail","6":"product_cat-tylo-valgustid","7":"entry","8":"override","10":"first","11":"instock","12":"shipping-taxable","13":"purchasable","14":"product-type-simple"},"acf":[],"_links":{"self":[{"href":"https:\/\/koduspa.ee\/ru\/wp-json\/wp\/v2\/product\/14106","targetHints":{"allow":["GET"]}}],"collection":[{"href":"https:\/\/koduspa.ee\/ru\/wp-json\/wp\/v2\/product"}],"about":[{"href":"https:\/\/koduspa.ee\/ru\/wp-json\/wp\/v2\/types\/product"}],"replies":[{"embeddable":true,"href":"https:\/\/koduspa.ee\/ru\/wp-json\/wp\/v2\/comments?post=14106"}],"wp:featuredmedia":[{"embeddable":true,"href":"https:\/\/koduspa.ee\/ru\/wp-json\/wp\/v2\/media\/14107"}],"wp:attachment":[{"href":"https:\/\/koduspa.ee\/ru\/wp-json\/wp\/v2\/media?parent=14106"}],"wp:term":[{"taxonomy":"product_brand","embeddable":true,"href":"https:\/\/koduspa.ee\/ru\/wp-json\/wp\/v2\/product_brand?post=14106"},{"taxonomy":"product_cat","embeddable":true,"href":"https:\/\/koduspa.ee\/ru\/wp-json\/wp\/v2\/product_cat?post=14106"},{"taxonomy":"product_tag","embeddable":true,"href":"https:\/\/koduspa.ee\/ru\/wp-json\/wp\/v2\/product_tag?post=14106"}],"curies":[{"name":"wp","href":"https:\/\/api.w.org\/{rel}","templated":true}]}}