{"id":14102,"date":"2023-09-06T06:25:58","date_gmt":"2023-09-06T06:25:58","guid":{"rendered":"https:\/\/koduspa.ee\/?post_type=product&#038;p=14102"},"modified":"2025-10-24T07:17:02","modified_gmt":"2025-10-24T07:17:02","slug":"elektrikeris-helo-laine-8-d-must","status":"publish","type":"product","link":"https:\/\/koduspa.ee\/ru\/pood\/helo-elektrikerised-ru\/elektrikeris-helo-laine-8-d-must\/","title":{"rendered":"ELEKTRIKERIS HELO LAINE 8 D MUST"},"content":{"rendered":"<div class=\"row\">\n<div class=\"col-12\">\n<h6 class=\"ng-star-inserted\"><span style=\"color: #000000; font-size: 16px;\">Kvaliteetsetest materjalidest valmistatud ja<\/span><\/h6>\n<\/div>\n<\/div>\n<div class=\"row ng-star-inserted\">\n<div class=\"col-12\">\n<h6 class=\"mb-1 description-line-break\"><span style=\"color: #000000;\"> p\u00f5hjaliku viimistlusega Laine elektrikeris t\u00f5otab vastupidavust ja pikaealisust. <\/span><\/h6>\n<h6 class=\"mb-1 description-line-break\"><span style=\"color: #000000;\">See on ehitatud vastu pidama ajaproovile, <\/span><\/h6>\n<h6 class=\"mb-1 description-line-break\"><span style=\"color: #000000;\">pakkudes luksuslikke saunaelamusi aastateks. <\/span><\/h6>\n<h6 class=\"mb-1 description-line-break\"><span style=\"color: #000000;\">Aseta seinale v\u00f5i p\u00f5randale.<\/span><\/h6>\n<h6 class=\"mb-1 description-line-break\"><span style=\"color: #000000;\"> Kivi kandev\u00f5ime: 62 kg\u00a0<\/span><\/h6>\n<h6 class=\"mb-1 description-line-break\"><span style=\"color: #000000;\">8,0kW\u00a0<\/span><\/h6>\n<h6 class=\"mb-1 description-line-break\"><span style=\"color: #000000;\"> Saunaruumi suurus: 8-12m\u00b3\u00a0<\/span><\/h6>\n<h6 class=\"mb-1 description-line-break\"><span style=\"color: #000000;\">M\u00f5\u00f5dud: L330 x K860 x D315<\/span><\/h6>\n<h6 class=\"mb-1 description-line-break\"><span style=\"color: #000000;\">Pinge 1 400-415 V 3N~<\/span><\/h6>\n<h6 class=\"mb-1 description-line-break\"><span style=\"color: #000000;\">Pinge 2\u00a0 230V 3~<\/span><\/h6>\n<h6><strong><span style=\"color: #000000;\">Juhtpaneel Elite\/Pure ja releebox W-30 ei kuulu komplekti.<\/span><\/strong><\/h6>\n<p><a href=\"https:\/\/s3-eu-west-1.amazonaws.com\/gung-images-bucket-ireland\/tylo\/pim-fi\/pim-item\/000644\/Helo%20Laine%20D%20-%20Installation%20manual%20and%20user%20guide%20(ENG).pdf\">https:\/\/s3-eu-west-1.amazonaws.com\/gung-images-bucket-ireland\/tylo\/pim-fi\/pim-item\/000644\/Helo%20Laine%20D%20-%20Installation%20manual%20and%20user%20guide%20(ENG).pdf<\/a><\/p>\n<\/div>\n<p><a href=\"https:\/\/s3-eu-west-1.amazonaws.com\/gung-images-bucket-ireland\/tylo\/pim-fi\/pim-item\/000644\/Laine%20-%20Heater%20Brochure%20ENG.pdf\">https:\/\/s3-eu-west-1.amazonaws.com\/gung-images-bucket-ireland\/tylo\/pim-fi\/pim-item\/000644\/Laine%20-%20Heater%20Brochure%20ENG.pdf<\/a><\/p>\n<\/div>\n","protected":false},"excerpt":{"rendered":"<p>Kvaliteetsetest materjalidest valmistatud ja p\u00f5hjaliku viimistlusega Laine elektrikeris t\u00f5otab vastupidavust ja pikaealisust. See on ehitatud vastu pidama ajaproovile, pakkudes luksuslikke saunaelamusi aastateks. Aseta seinale v\u00f5i p\u00f5randale. Kivi kandev\u00f5ime: 62 kg\u00a0 8,0kW\u00a0 Saunaruumi suurus: 8-12m\u00b3\u00a0 M\u00f5\u00f5dud: L330 x K860 x D315 Pinge 1 400-415 V 3N~ Pinge 2\u00a0 230V 3~ Juhtpaneel Elite\/Pure ja releebox W-30 ei [&hellip;]<\/p>\n","protected":false},"featured_media":14068,"comment_status":"open","ping_status":"closed","template":"","meta":{"_acf_changed":false,"_genesis_hide_title":false,"_genesis_hide_breadcrumbs":false,"_genesis_hide_singular_image":false,"_genesis_hide_footer_widgets":false,"_genesis_custom_body_class":"","_genesis_custom_post_class":"","_genesis_layout":""},"product_brand":[],"product_cat":[172],"product_tag":[],"class_list":{"0":"post-14102","1":"product","2":"type-product","3":"status-publish","4":"has-post-thumbnail","6":"product_cat-helo-elektrikerised","7":"entry","8":"override","10":"first","11":"instock","12":"shipping-taxable","13":"purchasable","14":"product-type-simple"},"acf":[],"_links":{"self":[{"href":"https:\/\/koduspa.ee\/ru\/wp-json\/wp\/v2\/product\/14102","targetHints":{"allow":["GET"]}}],"collection":[{"href":"https:\/\/koduspa.ee\/ru\/wp-json\/wp\/v2\/product"}],"about":[{"href":"https:\/\/koduspa.ee\/ru\/wp-json\/wp\/v2\/types\/product"}],"replies":[{"embeddable":true,"href":"https:\/\/koduspa.ee\/ru\/wp-json\/wp\/v2\/comments?post=14102"}],"wp:featuredmedia":[{"embeddable":true,"href":"https:\/\/koduspa.ee\/ru\/wp-json\/wp\/v2\/media\/14068"}],"wp:attachment":[{"href":"https:\/\/koduspa.ee\/ru\/wp-json\/wp\/v2\/media?parent=14102"}],"wp:term":[{"taxonomy":"product_brand","embeddable":true,"href":"https:\/\/koduspa.ee\/ru\/wp-json\/wp\/v2\/product_brand?post=14102"},{"taxonomy":"product_cat","embeddable":true,"href":"https:\/\/koduspa.ee\/ru\/wp-json\/wp\/v2\/product_cat?post=14102"},{"taxonomy":"product_tag","embeddable":true,"href":"https:\/\/koduspa.ee\/ru\/wp-json\/wp\/v2\/product_tag?post=14102"}],"curies":[{"name":"wp","href":"https:\/\/api.w.org\/{rel}","templated":true}]}}