{"id":14079,"date":"2023-08-31T07:31:15","date_gmt":"2023-08-31T07:31:15","guid":{"rendered":"https:\/\/koduspa.ee\/?post_type=product&#038;p=14079"},"modified":"2025-10-24T07:20:18","modified_gmt":"2025-10-24T07:20:18","slug":"helo-elektrikeris-laine-8-stj-must","status":"publish","type":"product","link":"https:\/\/koduspa.ee\/ru\/pood\/helo-elektrikerised-ru\/helo-elektrikeris-laine-8-stj-must\/","title":{"rendered":"ELEKTRIKERIS HELO LAINE 8 STJ MUST"},"content":{"rendered":"<h6 id=\"tw-target-text\" class=\"tw-data-text tw-text-large tw-ta\" dir=\"ltr\" data-placeholder=\"T\u00f5lge\"><span class=\"Y2IQFc\" lang=\"et\" style=\"color: #000000;\">Elegantsust ja rafineeritust \u00f5hkuv Laine kerise <\/span><\/h6>\n<h6 class=\"tw-data-text tw-text-large tw-ta\" dir=\"ltr\" data-placeholder=\"T\u00f5lge\"><span class=\"Y2IQFc\" lang=\"et\" style=\"color: #000000;\">elegantne disain t\u00e4iendab iga sauna interj\u00f6\u00f6ri. <\/span><\/h6>\n<h6 class=\"tw-data-text tw-text-large tw-ta\" dir=\"ltr\" data-placeholder=\"T\u00f5lge\"><span class=\"Y2IQFc\" lang=\"et\" style=\"color: #000000;\">N\u00fc\u00fcd saab vana seina- v\u00f5i p\u00f5randakerise asendada rafineerituma,<\/span><\/h6>\n<h6 class=\"tw-data-text tw-text-large tw-ta\" dir=\"ltr\" data-placeholder=\"T\u00f5lge\"><span class=\"Y2IQFc\" lang=\"et\" style=\"color: #000000;\"> lihtsasti kasutatava ja sisseehitatud taimeriga Laine STJ kerise vastu.\u00a0<\/span><\/h6>\n<h6 id=\"tw-target-text\" class=\"tw-data-text tw-text-large tw-ta\" dir=\"ltr\" data-placeholder=\"T\u00f5lge\"><span class=\"Y2IQFc\" lang=\"et\" style=\"color: #000000;\">Kvaliteetsetest materjalidest valmistatud ja p\u00f5hjaliku viimistlusega<\/span><\/h6>\n<h6 class=\"tw-data-text tw-text-large tw-ta\" dir=\"ltr\" data-placeholder=\"T\u00f5lge\"><span class=\"Y2IQFc\" lang=\"et\" style=\"color: #000000;\"> Laine elektrikeris t\u00f5otab vastupidavust ja pikaealisust. <\/span><\/h6>\n<h6 class=\"tw-data-text tw-text-large tw-ta\" dir=\"ltr\" data-placeholder=\"T\u00f5lge\"><span class=\"Y2IQFc\" lang=\"et\" style=\"color: #000000;\">See on ehitatud vastu pidama ajaproovile, <\/span><\/h6>\n<h6 class=\"tw-data-text tw-text-large tw-ta\" dir=\"ltr\" data-placeholder=\"T\u00f5lge\"><span class=\"Y2IQFc\" lang=\"et\" style=\"color: #000000;\">pakkudes luksuslikke saunaelamusi aastateks. <\/span><\/h6>\n<h6 class=\"tw-data-text tw-text-large tw-ta\" dir=\"ltr\" data-placeholder=\"T\u00f5lge\"><span class=\"Y2IQFc\" lang=\"et\" style=\"color: #000000;\">Manuaalne juhtimine.<\/span><\/h6>\n<h6 class=\"tw-data-text tw-text-large tw-ta\" dir=\"ltr\" data-placeholder=\"T\u00f5lge\"><span class=\"Y2IQFc\" lang=\"et\" style=\"color: #000000;\">Kivi kandev\u00f5ime: 62 kg\u00a0<\/span><\/h6>\n<h6 class=\"tw-data-text tw-text-large tw-ta\" dir=\"ltr\" data-placeholder=\"T\u00f5lge\"><span class=\"Y2IQFc\" lang=\"et\" style=\"color: #000000;\">8,0 kW<\/span><\/h6>\n<h6><span style=\"color: #000000;\">Voltage 1 &#8212; <\/span><span style=\"color: #000000;\">400-415V 3N~<\/span><\/h6>\n<h6><span style=\"color: #000000;\">Voltage 2 &#8212; <\/span><span style=\"color: #000000;\">230V 3~<\/span><\/h6>\n<h6><span style=\"color: #000000;\">Voltage 3 &#8212; <\/span><span style=\"color: #000000;\">230-240V 1N\/<\/span><\/h6>\n<h6 class=\"tw-data-text tw-text-large tw-ta\" dir=\"ltr\" data-placeholder=\"T\u00f5lge\"><span class=\"Y2IQFc\" lang=\"et\" style=\"color: #000000;\"> Saunaruumi suurus: 8-12m\u00b3\u00a0<\/span><\/h6>\n<h6 class=\"tw-data-text tw-text-large tw-ta\" dir=\"ltr\" data-placeholder=\"T\u00f5lge\"><span class=\"Y2IQFc\" lang=\"et\" style=\"color: #000000;\">M\u00f5\u00f5dud: P330 x K860 x D334\u00a0<\/span><\/h6>\n<h6 class=\"tw-data-text tw-text-large tw-ta\" dir=\"ltr\" data-placeholder=\"T\u00f5lge\"><span class=\"Y2IQFc\" lang=\"et\" style=\"color: #000000;\">Taimerid 3+9h\u00a0<\/span><\/h6>\n<h6 class=\"tw-data-text tw-text-large tw-ta\" dir=\"ltr\" data-placeholder=\"T\u00f5lge\"><span class=\"Y2IQFc\" lang=\"et\" style=\"color: #000000;\">Termostaat ja \u00fclempiir l\u00e4htestamisega. <\/span><\/h6>\n<h6 class=\"tw-data-text tw-text-large tw-ta\" dir=\"ltr\" data-placeholder=\"T\u00f5lge\"><span class=\"Y2IQFc\" lang=\"et\" style=\"color: #000000;\">Tootjamaa Soome.<\/span><\/h6>\n<h6 class=\"tw-data-text tw-text-large tw-ta\" dir=\"ltr\" data-placeholder=\"T\u00f5lge\"><span class=\"Y2IQFc\" lang=\"et\" style=\"color: #000000;\">Tehnilised andmed ja garantii tingimused:<\/span><\/h6>\n<p><a href=\"https:\/\/s3-eu-west-1.amazonaws.com\/gung-images-bucket-ireland\/tylo\/pim-fi\/pim-item\/000640\/Helo%20Laine%20STJ%20-%20Installation%20manual%20and%20user%20guide%20(ENG).pdf\">https:\/\/s3-eu-west-1.amazonaws.com\/gung-images-bucket-ireland\/tylo\/pim-fi\/pim-item\/000640\/Helo%20Laine%20STJ%20-%20Installation%20manual%20and%20user%20guide%20(ENG).pdf<\/a><\/p>\n<p><a href=\"https:\/\/s3-eu-west-1.amazonaws.com\/gung-images-bucket-ireland\/tylo\/pim-fi\/pim-item\/000640\/Laine%20-%20Heater%20Brochure%20ENG.pdf\">https:\/\/s3-eu-west-1.amazonaws.com\/gung-images-bucket-ireland\/tylo\/pim-fi\/pim-item\/000640\/Laine%20-%20Heater%20Brochure%20ENG.pdf<\/a><\/p>\n","protected":false},"excerpt":{"rendered":"<p>Elegantsust ja rafineeritust \u00f5hkuv Laine kerise elegantne disain t\u00e4iendab iga sauna interj\u00f6\u00f6ri. N\u00fc\u00fcd saab vana seina- v\u00f5i p\u00f5randakerise asendada rafineerituma, lihtsasti kasutatava ja sisseehitatud taimeriga Laine STJ kerise vastu.\u00a0 Kvaliteetsetest materjalidest valmistatud ja p\u00f5hjaliku viimistlusega Laine elektrikeris t\u00f5otab vastupidavust ja pikaealisust. See on ehitatud vastu pidama ajaproovile, pakkudes luksuslikke saunaelamusi aastateks. Manuaalne juhtimine. Kivi kandev\u00f5ime: [&hellip;]<\/p>\n","protected":false},"featured_media":14068,"comment_status":"open","ping_status":"closed","template":"","meta":{"_acf_changed":false,"_genesis_hide_title":false,"_genesis_hide_breadcrumbs":false,"_genesis_hide_singular_image":false,"_genesis_hide_footer_widgets":false,"_genesis_custom_body_class":"","_genesis_custom_post_class":"","_genesis_layout":""},"product_brand":[],"product_cat":[172],"product_tag":[],"class_list":{"0":"post-14079","1":"product","2":"type-product","3":"status-publish","4":"has-post-thumbnail","6":"product_cat-helo-elektrikerised","7":"entry","8":"override","10":"first","11":"instock","12":"shipping-taxable","13":"purchasable","14":"product-type-simple"},"acf":[],"_links":{"self":[{"href":"https:\/\/koduspa.ee\/ru\/wp-json\/wp\/v2\/product\/14079","targetHints":{"allow":["GET"]}}],"collection":[{"href":"https:\/\/koduspa.ee\/ru\/wp-json\/wp\/v2\/product"}],"about":[{"href":"https:\/\/koduspa.ee\/ru\/wp-json\/wp\/v2\/types\/product"}],"replies":[{"embeddable":true,"href":"https:\/\/koduspa.ee\/ru\/wp-json\/wp\/v2\/comments?post=14079"}],"wp:featuredmedia":[{"embeddable":true,"href":"https:\/\/koduspa.ee\/ru\/wp-json\/wp\/v2\/media\/14068"}],"wp:attachment":[{"href":"https:\/\/koduspa.ee\/ru\/wp-json\/wp\/v2\/media?parent=14079"}],"wp:term":[{"taxonomy":"product_brand","embeddable":true,"href":"https:\/\/koduspa.ee\/ru\/wp-json\/wp\/v2\/product_brand?post=14079"},{"taxonomy":"product_cat","embeddable":true,"href":"https:\/\/koduspa.ee\/ru\/wp-json\/wp\/v2\/product_cat?post=14079"},{"taxonomy":"product_tag","embeddable":true,"href":"https:\/\/koduspa.ee\/ru\/wp-json\/wp\/v2\/product_tag?post=14079"}],"curies":[{"name":"wp","href":"https:\/\/api.w.org\/{rel}","templated":true}]}}