{"id":13981,"date":"2023-07-13T07:30:17","date_gmt":"2023-07-13T07:30:17","guid":{"rendered":"https:\/\/koduspa.ee\/?post_type=product&#038;p=13981"},"modified":"2024-04-06T12:59:07","modified_gmt":"2024-04-06T12:59:07","slug":"lavepakk-alu-flat-967","status":"publish","type":"product","link":"https:\/\/koduspa.ee\/ru\/pood\/uksed\/lavepakk-alu-flat-967\/","title":{"rendered":"TYL\u00d6 L\u00c4VEPAKK ALU FLAT 967"},"content":{"rendered":"<h6><span style=\"color: #000000;\">Alumiiniumist l\u00e4vepakk,<\/span><\/h6>\n<h6><span style=\"color: #000000;\">m\u00f5\u00f5duga: laius 967mm, s\u00fcgavus 50mm ja k\u00f5rgus 5mm.<\/span><\/h6>\n<p><a href=\"https:\/\/s3-eu-west-1.amazonaws.com\/gung-images-bucket-ireland\/tylo\/2900%200629%20Tr%C3%B6skel%20Alu%20Harmony.pdf\">https:\/\/s3-eu-west-1.amazonaws.com\/gung-images-bucket-ireland\/tylo\/2900%200629%20Tr%C3%B6skel%20Alu%20Harmony.pdf<\/a><\/p>\n","protected":false},"excerpt":{"rendered":"<p>Alumiiniumist l\u00e4vepakk, m\u00f5\u00f5duga: laius 967mm, s\u00fcgavus 50mm ja k\u00f5rgus 5mm. https:\/\/s3-eu-west-1.amazonaws.com\/gung-images-bucket-ireland\/tylo\/2900%200629%20Tr%C3%B6skel%20Alu%20Harmony.pdf<\/p>\n","protected":false},"featured_media":13978,"comment_status":"open","ping_status":"closed","template":"","meta":{"_acf_changed":false,"_genesis_hide_title":false,"_genesis_hide_breadcrumbs":false,"_genesis_hide_singular_image":false,"_genesis_hide_footer_widgets":false,"_genesis_custom_body_class":"","_genesis_custom_post_class":"","_genesis_layout":""},"product_brand":[],"product_cat":[369],"product_tag":[],"class_list":{"0":"post-13981","1":"product","2":"type-product","3":"status-publish","4":"has-post-thumbnail","6":"product_cat-uksed","7":"entry","8":"override","10":"first","11":"instock","12":"shipping-taxable","13":"purchasable","14":"product-type-simple"},"acf":[],"_links":{"self":[{"href":"https:\/\/koduspa.ee\/ru\/wp-json\/wp\/v2\/product\/13981","targetHints":{"allow":["GET"]}}],"collection":[{"href":"https:\/\/koduspa.ee\/ru\/wp-json\/wp\/v2\/product"}],"about":[{"href":"https:\/\/koduspa.ee\/ru\/wp-json\/wp\/v2\/types\/product"}],"replies":[{"embeddable":true,"href":"https:\/\/koduspa.ee\/ru\/wp-json\/wp\/v2\/comments?post=13981"}],"wp:featuredmedia":[{"embeddable":true,"href":"https:\/\/koduspa.ee\/ru\/wp-json\/wp\/v2\/media\/13978"}],"wp:attachment":[{"href":"https:\/\/koduspa.ee\/ru\/wp-json\/wp\/v2\/media?parent=13981"}],"wp:term":[{"taxonomy":"product_brand","embeddable":true,"href":"https:\/\/koduspa.ee\/ru\/wp-json\/wp\/v2\/product_brand?post=13981"},{"taxonomy":"product_cat","embeddable":true,"href":"https:\/\/koduspa.ee\/ru\/wp-json\/wp\/v2\/product_cat?post=13981"},{"taxonomy":"product_tag","embeddable":true,"href":"https:\/\/koduspa.ee\/ru\/wp-json\/wp\/v2\/product_tag?post=13981"}],"curies":[{"name":"wp","href":"https:\/\/api.w.org\/{rel}","templated":true}]}}