{"id":13958,"date":"2023-07-13T06:49:29","date_gmt":"2023-07-13T06:49:29","guid":{"rendered":"https:\/\/koduspa.ee\/?post_type=product&#038;p=13958"},"modified":"2024-04-06T13:14:07","modified_gmt":"2024-04-06T13:14:07","slug":"saunauks-alu-line-1870x778-selge-klaas","status":"publish","type":"product","link":"https:\/\/koduspa.ee\/ru\/pood\/uksed\/saunauks-alu-line-1870x778-selge-klaas\/","title":{"rendered":"TYL\u00d6 SAUNAUKS ALU LINE 1870X778 SELGE KLAAS"},"content":{"rendered":"<h6>Tyl\u00f6 Alu Line saunauks on tipptoode,<\/h6>\n<h6>millel on oma vastupidava karastatud turvaklaasi ja<\/h6>\n<h6>kauni disainiga suurep\u00e4rased omadused.<\/h6>\n<h6>Alumiiniumklaasist uks alumiiniumist k\u00e4epidemega v\u00e4ljast ja lepaliistud ja k\u00e4epide sees.<\/h6>\n<h6>Ukselehte \u00fcmbritseb roostevabast terasest liist, mis sobib elegantse uksek\u00e4epidemega.<\/h6>\n<h6>Alu Line l\u00e4bipaistvast klaasist, mida saab tellida vasaku- v\u00f5i paremak\u00e4eliseks.<\/h6>\n<p><a href=\"https:\/\/s3-eu-west-1.amazonaws.com\/gung-images-bucket-ireland\/tylo\/2900%200256%20Door%20AluLine.pdf\">https:\/\/s3-eu-west-1.amazonaws.com\/gung-images-bucket-ireland\/tylo\/2900%200256%20Door%20AluLine.pdf<\/a><\/p>\n","protected":false},"excerpt":{"rendered":"<p>Tyl\u00f6 Alu Line saunauks on tipptoode, millel on oma vastupidava karastatud turvaklaasi ja kauni disainiga suurep\u00e4rased omadused. Alumiiniumklaasist uks alumiiniumist k\u00e4epidemega v\u00e4ljast ja lepaliistud ja k\u00e4epide sees. Ukselehte \u00fcmbritseb roostevabast terasest liist, mis sobib elegantse uksek\u00e4epidemega. Alu Line l\u00e4bipaistvast klaasist, mida saab tellida vasaku- v\u00f5i paremak\u00e4eliseks. https:\/\/s3-eu-west-1.amazonaws.com\/gung-images-bucket-ireland\/tylo\/2900%200256%20Door%20AluLine.pdf<\/p>\n","protected":false},"featured_media":13959,"comment_status":"open","ping_status":"closed","template":"","meta":{"_acf_changed":false,"_genesis_hide_title":false,"_genesis_hide_breadcrumbs":false,"_genesis_hide_singular_image":false,"_genesis_hide_footer_widgets":false,"_genesis_custom_body_class":"","_genesis_custom_post_class":"","_genesis_layout":""},"product_brand":[],"product_cat":[369],"product_tag":[],"class_list":{"0":"post-13958","1":"product","2":"type-product","3":"status-publish","4":"has-post-thumbnail","6":"product_cat-uksed","7":"entry","8":"override","10":"first","11":"instock","12":"shipping-taxable","13":"purchasable","14":"product-type-simple"},"acf":[],"_links":{"self":[{"href":"https:\/\/koduspa.ee\/ru\/wp-json\/wp\/v2\/product\/13958","targetHints":{"allow":["GET"]}}],"collection":[{"href":"https:\/\/koduspa.ee\/ru\/wp-json\/wp\/v2\/product"}],"about":[{"href":"https:\/\/koduspa.ee\/ru\/wp-json\/wp\/v2\/types\/product"}],"replies":[{"embeddable":true,"href":"https:\/\/koduspa.ee\/ru\/wp-json\/wp\/v2\/comments?post=13958"}],"wp:featuredmedia":[{"embeddable":true,"href":"https:\/\/koduspa.ee\/ru\/wp-json\/wp\/v2\/media\/13959"}],"wp:attachment":[{"href":"https:\/\/koduspa.ee\/ru\/wp-json\/wp\/v2\/media?parent=13958"}],"wp:term":[{"taxonomy":"product_brand","embeddable":true,"href":"https:\/\/koduspa.ee\/ru\/wp-json\/wp\/v2\/product_brand?post=13958"},{"taxonomy":"product_cat","embeddable":true,"href":"https:\/\/koduspa.ee\/ru\/wp-json\/wp\/v2\/product_cat?post=13958"},{"taxonomy":"product_tag","embeddable":true,"href":"https:\/\/koduspa.ee\/ru\/wp-json\/wp\/v2\/product_tag?post=13958"}],"curies":[{"name":"wp","href":"https:\/\/api.w.org\/{rel}","templated":true}]}}