{"id":13878,"date":"2023-07-12T09:39:23","date_gmt":"2023-07-12T09:39:23","guid":{"rendered":"https:\/\/koduspa.ee\/?post_type=product&#038;p=13878"},"modified":"2024-04-08T07:40:10","modified_gmt":"2024-04-08T07:40:10","slug":"saunauks-dgb-7x21-pronks","status":"publish","type":"product","link":"https:\/\/koduspa.ee\/ru\/pood\/uksed\/saunauks-dgb-7x21-pronks\/","title":{"rendered":"TYL\u00d6 SAUNAUKS DGB 7X21 PRONKS"},"content":{"rendered":"<h6>Tugev m\u00e4nnipuidust uks karastatud 8mm turvaklaasiga.<\/h6>\n<h6>Standardraam (92mm) on valmistatud s\u00f5rmj\u00e4tkatud m\u00e4nnist.<\/h6>\n<h6>V\u00f5imalik paigaldada nii parem- kui ka vasakpoolsena.<\/h6>\n<h6>Silindriline magnetlukk k\u00e4epidemes.<\/h6>\n<h6>L\u00e4veta, kuid l\u00e4vi ( kood 91031565) on saadaval valikuna.<\/h6>\n<p><a href=\"https:\/\/s3-eu-west-1.amazonaws.com\/gung-images-bucket-ireland\/tylo\/2900%200627%20DGB%20TYL%C3%96%203%20HINGES.pdf\">https:\/\/s3-eu-west-1.amazonaws.com\/gung-images-bucket-ireland\/tylo\/2900%200627%20DGB%20TYL%C3%96%203%20HINGES.pdf<\/a><\/p>\n","protected":false},"excerpt":{"rendered":"<p>Tugev m\u00e4nnipuidust uks karastatud 8mm turvaklaasiga. Standardraam (92mm) on valmistatud s\u00f5rmj\u00e4tkatud m\u00e4nnist. V\u00f5imalik paigaldada nii parem- kui ka vasakpoolsena. Silindriline magnetlukk k\u00e4epidemes. L\u00e4veta, kuid l\u00e4vi ( kood 91031565) on saadaval valikuna. https:\/\/s3-eu-west-1.amazonaws.com\/gung-images-bucket-ireland\/tylo\/2900%200627%20DGB%20TYL%C3%96%203%20HINGES.pdf<\/p>\n","protected":false},"featured_media":13872,"comment_status":"open","ping_status":"closed","template":"","meta":{"_acf_changed":false,"_genesis_hide_title":false,"_genesis_hide_breadcrumbs":false,"_genesis_hide_singular_image":false,"_genesis_hide_footer_widgets":false,"_genesis_custom_body_class":"","_genesis_custom_post_class":"","_genesis_layout":""},"product_brand":[],"product_cat":[369],"product_tag":[],"class_list":{"0":"post-13878","1":"product","2":"type-product","3":"status-publish","4":"has-post-thumbnail","6":"product_cat-uksed","7":"entry","8":"override","10":"first","11":"instock","12":"shipping-taxable","13":"purchasable","14":"product-type-simple"},"acf":[],"_links":{"self":[{"href":"https:\/\/koduspa.ee\/ru\/wp-json\/wp\/v2\/product\/13878","targetHints":{"allow":["GET"]}}],"collection":[{"href":"https:\/\/koduspa.ee\/ru\/wp-json\/wp\/v2\/product"}],"about":[{"href":"https:\/\/koduspa.ee\/ru\/wp-json\/wp\/v2\/types\/product"}],"replies":[{"embeddable":true,"href":"https:\/\/koduspa.ee\/ru\/wp-json\/wp\/v2\/comments?post=13878"}],"wp:featuredmedia":[{"embeddable":true,"href":"https:\/\/koduspa.ee\/ru\/wp-json\/wp\/v2\/media\/13872"}],"wp:attachment":[{"href":"https:\/\/koduspa.ee\/ru\/wp-json\/wp\/v2\/media?parent=13878"}],"wp:term":[{"taxonomy":"product_brand","embeddable":true,"href":"https:\/\/koduspa.ee\/ru\/wp-json\/wp\/v2\/product_brand?post=13878"},{"taxonomy":"product_cat","embeddable":true,"href":"https:\/\/koduspa.ee\/ru\/wp-json\/wp\/v2\/product_cat?post=13878"},{"taxonomy":"product_tag","embeddable":true,"href":"https:\/\/koduspa.ee\/ru\/wp-json\/wp\/v2\/product_tag?post=13878"}],"curies":[{"name":"wp","href":"https:\/\/api.w.org\/{rel}","templated":true}]}}