{"id":13811,"date":"2023-07-12T06:58:52","date_gmt":"2023-07-12T06:58:52","guid":{"rendered":"https:\/\/koduspa.ee\/?post_type=product&#038;p=13811"},"modified":"2024-04-08T08:47:39","modified_gmt":"2024-04-08T08:47:39","slug":"aurusauna-uks-101g-alu-pronks-vasak","status":"publish","type":"product","link":"https:\/\/koduspa.ee\/ru\/pood\/uksed\/aurusauna-uks-101g-alu-pronks-vasak\/","title":{"rendered":"TYL\u00d6 AURUSAUNA UKS 101G ALU PRONKS VASAK"},"content":{"rendered":"<h6><span style=\"color: #000000;\">Uks on\u00a0 karastatud turvaklaasist. <\/span><\/h6>\n<h6><span style=\"color: #000000;\">Kavandatud ratastoolis\u00f5braliku disainiga, millel on lame p\u00f5randaliistud ja eriti lai avaus. <\/span><\/h6>\n<h6><span style=\"color: #000000;\">Magnetribaga sulgur ja alumiiniumist kaitseraamid ukselehe \u00fcmber. <\/span><\/h6>\n<h6><span style=\"color: #000000;\">Ukseleht on t\u00e4iendavaks tugevdamiseks paigaldatud neljale hingele. <\/span><\/h6>\n<h6><span style=\"color: #000000;\">V\u00e4lisraami m\u00f5\u00f5dud 1870x1010x60, sissep\u00e4\u00e4s 900mm. Vasakuk\u00e4eline.<\/span><\/h6>\n<p><a href=\"https:\/\/s3-eu-west-1.amazonaws.com\/gung-images-bucket-ireland\/tylo\/2900%200611%20Steam%20Door%2060G%20101G.pdf\">https:\/\/s3-eu-west-1.amazonaws.com\/gung-images-bucket-ireland\/tylo\/2900%200611%20Steam%20Door%2060G%20101G.pdf<\/a><\/p>\n","protected":false},"excerpt":{"rendered":"<p>Uks on\u00a0 karastatud turvaklaasist. Kavandatud ratastoolis\u00f5braliku disainiga, millel on lame p\u00f5randaliistud ja eriti lai avaus. Magnetribaga sulgur ja alumiiniumist kaitseraamid ukselehe \u00fcmber. Ukseleht on t\u00e4iendavaks tugevdamiseks paigaldatud neljale hingele. V\u00e4lisraami m\u00f5\u00f5dud 1870x1010x60, sissep\u00e4\u00e4s 900mm. Vasakuk\u00e4eline. https:\/\/s3-eu-west-1.amazonaws.com\/gung-images-bucket-ireland\/tylo\/2900%200611%20Steam%20Door%2060G%20101G.pdf<\/p>\n","protected":false},"featured_media":13812,"comment_status":"open","ping_status":"closed","template":"","meta":{"_acf_changed":false,"_genesis_hide_title":false,"_genesis_hide_breadcrumbs":false,"_genesis_hide_singular_image":false,"_genesis_hide_footer_widgets":false,"_genesis_custom_body_class":"","_genesis_custom_post_class":"","_genesis_layout":""},"product_brand":[],"product_cat":[369],"product_tag":[],"class_list":{"0":"post-13811","1":"product","2":"type-product","3":"status-publish","4":"has-post-thumbnail","6":"product_cat-uksed","7":"entry","8":"override","10":"first","11":"instock","12":"shipping-taxable","13":"purchasable","14":"product-type-simple"},"acf":[],"_links":{"self":[{"href":"https:\/\/koduspa.ee\/ru\/wp-json\/wp\/v2\/product\/13811","targetHints":{"allow":["GET"]}}],"collection":[{"href":"https:\/\/koduspa.ee\/ru\/wp-json\/wp\/v2\/product"}],"about":[{"href":"https:\/\/koduspa.ee\/ru\/wp-json\/wp\/v2\/types\/product"}],"replies":[{"embeddable":true,"href":"https:\/\/koduspa.ee\/ru\/wp-json\/wp\/v2\/comments?post=13811"}],"wp:featuredmedia":[{"embeddable":true,"href":"https:\/\/koduspa.ee\/ru\/wp-json\/wp\/v2\/media\/13812"}],"wp:attachment":[{"href":"https:\/\/koduspa.ee\/ru\/wp-json\/wp\/v2\/media?parent=13811"}],"wp:term":[{"taxonomy":"product_brand","embeddable":true,"href":"https:\/\/koduspa.ee\/ru\/wp-json\/wp\/v2\/product_brand?post=13811"},{"taxonomy":"product_cat","embeddable":true,"href":"https:\/\/koduspa.ee\/ru\/wp-json\/wp\/v2\/product_cat?post=13811"},{"taxonomy":"product_tag","embeddable":true,"href":"https:\/\/koduspa.ee\/ru\/wp-json\/wp\/v2\/product_tag?post=13811"}],"curies":[{"name":"wp","href":"https:\/\/api.w.org\/{rel}","templated":true}]}}